{"id":3779,"date":"2023-03-07T15:01:26","date_gmt":"2023-03-07T15:01:26","guid":{"rendered":"https:\/\/enkatarim.com\/?post_type=product&#038;p=3779"},"modified":"2025-04-07T15:38:32","modified_gmt":"2025-04-07T12:38:32","slug":"mg-milker-m-2500-elektrizator-48050","status":"publish","type":"product","link":"https:\/\/www.enkatarim.com\/de\/urun\/mg-milker-m-2500-elektrizator-48050","title":{"rendered":"MG Milker M 2500 Elektrozaunger\u00e4t"},"content":{"rendered":"<ul>\n<li>Spannung: 220 &#8211; 230V, 50 Hz<\/li>\n<li>Ausgangsspannung: 10.200V<\/li>\n<li>Ausgangsleistung: 1.7 J<\/li>\n<li>Zaunl\u00e4nge: 5.5 km<\/li>\n<li>Erdung: 2<\/li>\n<li>F\u00fcr Nutztiere und Wildtiere<\/li>\n<\/ul>\n<p><strong>Elektrisches Zaunsystem<\/strong><\/p>\n<p>Elektrische Zaunsysteme sind dazu konzipiert, Tiere abzuschrecken. Diese Systeme liefern einen elektrischen Schlag, wenn Tiere mit dem Zaun in Ber\u00fchrung kommen, was sie dazu bringt, sich zur\u00fcckzuziehen. Dieser Schlag ist jedoch nicht gef\u00e4hrlich f\u00fcr die Tiere. Das System zielt darauf ab, Tiere zum R\u00fcckzug zu bewegen.<\/p>\n<p><strong>Materialien, die f\u00fcr den Betrieb des elektrischen Zauns erforderlich sind<\/strong><\/p>\n<p><strong>Energizer:<\/strong> Sendet elektrische Impulse an das System. Je h\u00f6her die Leistung des Energizers, desto gr\u00f6\u00dfer ist der wirksame Bereich des Systems.<\/p>\n<p><strong>Leitf\u00e4higes Material:<\/strong> Dies kann Zaundraht oder -band sein. Die St\u00e4rke des leitf\u00e4higen Materials erh\u00f6ht die Wirksamkeit des Systems. Optionen umfassen Stahl, Kupfer und galvanisierten Draht.<\/p>\n<p><strong>Isolator:<\/strong> Verhindert, dass der Strom vom Draht oder Band in den Boden flie\u00dft und stellt sicher, dass der Strom im System bleibt.<\/p>\n<p><strong>Erdungsstange:<\/strong> Erm\u00f6glicht es dem Strom, ungehindert in den Boden zur\u00fcckzukehren. Es ist wichtig, dass sie in feuchtem Boden funktioniert.<\/p>\n<p><strong>Pfosten:<\/strong> Die Zaundraht oder -b\u00e4nder werden \u00fcber diese Pfosten gespannt, die aus Kunststoff gefertigt sind. Wenn Holzpfosten verwendet werden, m\u00fcssen zus\u00e4tzliche Isolatoren installiert werden.<\/p>\n<p><strong>Systeminstallation<\/strong><\/p>\n<p>Die Anzahl und H\u00f6he der elektrischen Zaunlinien h\u00e4ngen von der Art der Tiere ab, die abgeschreckt werden sollen. F\u00fcr ein gut funktionierendes System ist die Qualit\u00e4t der verwendeten Materialien entscheidend. Es sollte darauf geachtet werden, dass der Zaun nicht mit Pflanzen, Gras, B\u00fcschen oder B\u00e4umen in Ber\u00fchrung kommt, da dies dazu f\u00fchren kann, dass der Strom aus dem System austritt und dessen Wirksamkeit verringert.<\/p>\n<p><strong>Sicherheitsma\u00dfnahmen<\/strong><\/p>\n<p>Jedes elektrische Zaunsysten sollte einen Blitzschutz haben. Der Blitzschutz sch\u00fctzt den Energizer und die Batterie vor Blitzschl\u00e4gen. Das Ger\u00e4t sollte in einem stabilen Geh\u00e4use aufbewahrt werden, um es vor \u00e4u\u00dferen Faktoren wie Sonne und Regen zu sch\u00fctzen.<\/p>\n","protected":false},"excerpt":{"rendered":"<p>Spannung: 220 &#8211; 230V, 50 Hz Ausgangsspannung: 10.200V Ausgangsleistung: 1.7 J Zaunl\u00e4nge: 5.5 km Erdung: 2 F\u00fcr Nutztiere und Wildtiere Elektrisches Zaunsystem Elektrische Zaunsysteme sind dazu konzipiert, Tiere abzuschrecken. Diese Systeme liefern einen elektrischen Schlag, wenn Tiere mit dem Zaun in Ber\u00fchrung kommen, was sie dazu bringt, sich zur\u00fcckzuziehen. Dieser Schlag ist jedoch nicht gef\u00e4hrlich&#8230;<\/p>\n","protected":false},"featured_media":22975,"template":"","meta":{"_eb_attr":"","_kadence_starter_templates_imported_post":false,"_kad_post_transparent":"default","_kad_post_title":"","_kad_post_layout":"default","_kad_post_sidebar_id":"","_kad_post_content_style":"default","_kad_post_vertical_padding":"default","_kad_post_feature":"","_kad_post_feature_position":"","_kad_post_header":false,"_kad_post_footer":false,"_kad_post_classname":""},"product_brand":[],"product_cat":[1195,1196],"product_tag":[],"class_list":{"0":"post-3779","1":"product","2":"type-product","3":"status-publish","4":"has-post-thumbnail","6":"product_cat-elektrikli-cit-sistemleri","7":"product_cat-elektrizatorler","9":"first","10":"instock","11":"shipping-taxable","12":"product-type-simple","13":"entry","14":"content-bg","15":"loop-entry"},"_links":{"self":[{"href":"https:\/\/www.enkatarim.com\/de\/wp-json\/wp\/v2\/product\/3779","targetHints":{"allow":["GET"]}}],"collection":[{"href":"https:\/\/www.enkatarim.com\/de\/wp-json\/wp\/v2\/product"}],"about":[{"href":"https:\/\/www.enkatarim.com\/de\/wp-json\/wp\/v2\/types\/product"}],"wp:featuredmedia":[{"embeddable":true,"href":"https:\/\/www.enkatarim.com\/de\/wp-json\/wp\/v2\/media\/22975"}],"wp:attachment":[{"href":"https:\/\/www.enkatarim.com\/de\/wp-json\/wp\/v2\/media?parent=3779"}],"wp:term":[{"taxonomy":"product_brand","embeddable":true,"href":"https:\/\/www.enkatarim.com\/de\/wp-json\/wp\/v2\/product_brand?post=3779"},{"taxonomy":"product_cat","embeddable":true,"href":"https:\/\/www.enkatarim.com\/de\/wp-json\/wp\/v2\/product_cat?post=3779"},{"taxonomy":"product_tag","embeddable":true,"href":"https:\/\/www.enkatarim.com\/de\/wp-json\/wp\/v2\/product_tag?post=3779"}],"curies":[{"name":"wp","href":"https:\/\/api.w.org\/{rel}","templated":true}]}}