{"id":3648,"date":"2023-03-07T15:01:05","date_gmt":"2023-03-07T15:01:05","guid":{"rendered":"https:\/\/enkatarim.com\/?post_type=product&#038;p=3648"},"modified":"2023-06-08T13:52:37","modified_gmt":"2023-06-08T13:52:37","slug":"palmera-6-kw-ipli-marsli-jenerator-80323","status":"publish","type":"product","link":"https:\/\/www.enkatarim.com\/de\/urun\/palmera-6-kw-ipli-marsli-jenerator-80323","title":{"rendered":"Palmera 6 kW, mit Kabel und selbststartendem Generator"},"content":{"rendered":"\n<table id=\"tablepress-48\" class=\"tablepress tablepress-id-48\">\n<thead>\n<tr class=\"row-1\">\n\t<th colspan=\"2\" class=\"column-1\">Technische Eigenschaften<\/th>\n<\/tr>\n<\/thead>\n<tbody class=\"row-striping row-hover\">\n<tr class=\"row-2\">\n\t<td class=\"column-1\">Leistung<\/td><td class=\"column-2\">11 Hp, 8.25 kW<\/td>\n<\/tr>\n<tr class=\"row-3\">\n\t<td class=\"column-1\">Yak\u0131t tank\u0131<\/td><td class=\"column-2\">14.5 l<\/td>\n<\/tr>\n<tr class=\"row-4\">\n\t<td class=\"column-1\">Gewicht<\/td><td class=\"column-2\">119 kg<\/td>\n<\/tr>\n<tr class=\"row-5\">\n\t<td class=\"column-1\">Ausgang<\/td><td class=\"column-2\">6.5 - 7 kW<\/td>\n<\/tr>\n<tr class=\"row-6\">\n\t<td class=\"column-1\">\u00c7\u0131k\u0131\u015f g\u00fcc\u00fc<\/td><td class=\"column-2\">2 x 220V 50Hz, 1 x 12 V DC<\/td>\n<\/tr>\n<tr class=\"row-7\">\n\t<td class=\"column-1\">Treibstoffart<\/td><td class=\"column-2\">Diesel<\/td>\n<\/tr>\n<tr class=\"row-8\">\n\t<td class=\"column-1\">Betriebszeit<\/td><td class=\"column-2\">7.5 Stunden<\/td>\n<\/tr>\n<tr class=\"row-9\">\n\t<td class=\"column-1\">Verschiebung<\/td><td class=\"column-2\">456 cm<sup>3<\/sup><\/td>\n<\/tr>\n<\/tbody>\n<\/table>\n<!-- #tablepress-48 from cache -->\n","protected":false},"excerpt":{"rendered":"","protected":false},"featured_media":3649,"template":"","meta":{"_eb_attr":"","_kadence_starter_templates_imported_post":false,"_kad_post_transparent":"","_kad_post_title":"","_kad_post_layout":"","_kad_post_sidebar_id":"","_kad_post_content_style":"","_kad_post_vertical_padding":"","_kad_post_feature":"","_kad_post_feature_position":"","_kad_post_header":false,"_kad_post_footer":false,"_kad_post_classname":""},"product_brand":[],"product_cat":[1017],"product_tag":[],"class_list":{"0":"post-3648","1":"product","2":"type-product","3":"status-publish","4":"has-post-thumbnail","6":"product_cat-sut-endustrisi","8":"first","9":"instock","10":"shipping-taxable","11":"product-type-simple","12":"entry","13":"content-bg","14":"loop-entry"},"_links":{"self":[{"href":"https:\/\/www.enkatarim.com\/de\/wp-json\/wp\/v2\/product\/3648","targetHints":{"allow":["GET"]}}],"collection":[{"href":"https:\/\/www.enkatarim.com\/de\/wp-json\/wp\/v2\/product"}],"about":[{"href":"https:\/\/www.enkatarim.com\/de\/wp-json\/wp\/v2\/types\/product"}],"wp:featuredmedia":[{"embeddable":true,"href":"https:\/\/www.enkatarim.com\/de\/wp-json\/wp\/v2\/media\/3649"}],"wp:attachment":[{"href":"https:\/\/www.enkatarim.com\/de\/wp-json\/wp\/v2\/media?parent=3648"}],"wp:term":[{"taxonomy":"product_brand","embeddable":true,"href":"https:\/\/www.enkatarim.com\/de\/wp-json\/wp\/v2\/product_brand?post=3648"},{"taxonomy":"product_cat","embeddable":true,"href":"https:\/\/www.enkatarim.com\/de\/wp-json\/wp\/v2\/product_cat?post=3648"},{"taxonomy":"product_tag","embeddable":true,"href":"https:\/\/www.enkatarim.com\/de\/wp-json\/wp\/v2\/product_tag?post=3648"}],"curies":[{"name":"wp","href":"https:\/\/api.w.org\/{rel}","templated":true}]}}