{"id":3613,"date":"2023-03-07T15:01:00","date_gmt":"2023-03-07T15:01:00","guid":{"rendered":"https:\/\/enkatarim.com\/?post_type=product&#038;p=3613"},"modified":"2023-06-08T13:52:35","modified_gmt":"2023-06-08T13:52:35","slug":"sagim-demedi-icin-uzun-kaucuk-vakum-hortumu-15101","status":"publish","type":"product","link":"https:\/\/www.enkatarim.com\/de\/urun\/sagim-demedi-icin-uzun-kaucuk-vakum-hortumu-15101","title":{"rendered":"Gummi-Vakuumschlauch f\u00fcr Melkzeuge, lange"},"content":{"rendered":"<ul>\n<li>\u00d8 8 x \u00d8 16 mm x 177,5 mm<\/li>\n<li>Kautschuk<\/li>\n<li>Langes Melkrohr, das an die Melkb\u00fcndel angeschlossen wird.<\/li>\n<\/ul>\n","protected":false},"excerpt":{"rendered":"<p>\u00d8 8 x \u00d8 16 mm x 177,5 mm Kautschuk Langes Melkrohr, das an die Melkb\u00fcndel angeschlossen wird.<\/p>\n","protected":false},"featured_media":3614,"template":"","meta":{"_eb_attr":"","_kadence_starter_templates_imported_post":false,"_kad_post_transparent":"","_kad_post_title":"","_kad_post_layout":"","_kad_post_sidebar_id":"","_kad_post_content_style":"","_kad_post_vertical_padding":"","_kad_post_feature":"","_kad_post_feature_position":"","_kad_post_header":false,"_kad_post_footer":false,"_kad_post_classname":""},"product_brand":[],"product_cat":[1157,1033],"product_tag":[],"class_list":{"0":"post-3613","1":"product","2":"type-product","3":"status-publish","4":"has-post-thumbnail","6":"product_cat-hortumlar","7":"product_cat-sut-sagim-makinesi-parcalari","9":"first","10":"instock","11":"shipping-taxable","12":"product-type-simple","13":"entry","14":"content-bg","15":"loop-entry"},"_links":{"self":[{"href":"https:\/\/www.enkatarim.com\/de\/wp-json\/wp\/v2\/product\/3613","targetHints":{"allow":["GET"]}}],"collection":[{"href":"https:\/\/www.enkatarim.com\/de\/wp-json\/wp\/v2\/product"}],"about":[{"href":"https:\/\/www.enkatarim.com\/de\/wp-json\/wp\/v2\/types\/product"}],"wp:featuredmedia":[{"embeddable":true,"href":"https:\/\/www.enkatarim.com\/de\/wp-json\/wp\/v2\/media\/3614"}],"wp:attachment":[{"href":"https:\/\/www.enkatarim.com\/de\/wp-json\/wp\/v2\/media?parent=3613"}],"wp:term":[{"taxonomy":"product_brand","embeddable":true,"href":"https:\/\/www.enkatarim.com\/de\/wp-json\/wp\/v2\/product_brand?post=3613"},{"taxonomy":"product_cat","embeddable":true,"href":"https:\/\/www.enkatarim.com\/de\/wp-json\/wp\/v2\/product_cat?post=3613"},{"taxonomy":"product_tag","embeddable":true,"href":"https:\/\/www.enkatarim.com\/de\/wp-json\/wp\/v2\/product_tag?post=3613"}],"curies":[{"name":"wp","href":"https:\/\/api.w.org\/{rel}","templated":true}]}}