{"id":2707,"date":"2023-03-07T14:59:48","date_gmt":"2023-03-07T14:59:48","guid":{"rendered":"https:\/\/enkatarim.com\/?post_type=product&#038;p=2707"},"modified":"2023-06-08T13:52:14","modified_gmt":"2023-06-08T13:52:14","slug":"tekli-donmaz-yalak-40-lt-39960","status":"publish","type":"product","link":"https:\/\/www.enkatarim.com\/de\/urun\/tekli-donmaz-yalak-40-lt-39960","title":{"rendered":"Frostfreie 40l single Traenke"},"content":{"rendered":"<ul>\n<li>40 Liter<\/li>\n<li>Einzeln<\/li>\n<li>Ma\u00dfe: 55 x 50 x 59 cm<\/li>\n<li>Gewicht: 16,5 kg<\/li>\n<li>geeignet f\u00fcr die F\u00fctterung von 12 K\u00fchen und 20 Schafen\/Ziegen.<\/li>\n<li>Verwendbar zwischen -30\u00b0C und +50\u00b0C.<\/li>\n<li>\u00bd&#8221; Wasserzulauf<\/li>\n<li>Best\u00e4ndig bis zu 8 bar Druck.<\/li>\n<\/ul>\n","protected":false},"excerpt":{"rendered":"<p>40 Liter Einzeln Ma\u00dfe: 55 x 50 x 59 cm Gewicht: 16,5 kg geeignet f\u00fcr die F\u00fctterung von 12 K\u00fchen und 20 Schafen\/Ziegen. Verwendbar zwischen -30\u00b0C und +50\u00b0C. \u00bd&#8221; Wasserzulauf Best\u00e4ndig bis zu 8 bar Druck.<\/p>\n","protected":false},"featured_media":5741,"template":"","meta":{"_eb_attr":"","_kadence_starter_templates_imported_post":false,"_kad_post_transparent":"","_kad_post_title":"","_kad_post_layout":"","_kad_post_sidebar_id":"","_kad_post_content_style":"","_kad_post_vertical_padding":"","_kad_post_feature":"","_kad_post_feature_position":"","_kad_post_header":false,"_kad_post_footer":false,"_kad_post_classname":""},"product_brand":[],"product_cat":[1059,1052,1053],"product_tag":[],"class_list":{"0":"post-2707","1":"product","2":"type-product","3":"status-publish","4":"has-post-thumbnail","6":"product_cat-kucukbas-yalaklari","7":"product_cat-sigir-yetistiriciligi","8":"product_cat-yalaklar","10":"first","11":"instock","12":"shipping-taxable","13":"product-type-simple","14":"entry","15":"content-bg","16":"loop-entry"},"_links":{"self":[{"href":"https:\/\/www.enkatarim.com\/de\/wp-json\/wp\/v2\/product\/2707","targetHints":{"allow":["GET"]}}],"collection":[{"href":"https:\/\/www.enkatarim.com\/de\/wp-json\/wp\/v2\/product"}],"about":[{"href":"https:\/\/www.enkatarim.com\/de\/wp-json\/wp\/v2\/types\/product"}],"wp:featuredmedia":[{"embeddable":true,"href":"https:\/\/www.enkatarim.com\/de\/wp-json\/wp\/v2\/media\/5741"}],"wp:attachment":[{"href":"https:\/\/www.enkatarim.com\/de\/wp-json\/wp\/v2\/media?parent=2707"}],"wp:term":[{"taxonomy":"product_brand","embeddable":true,"href":"https:\/\/www.enkatarim.com\/de\/wp-json\/wp\/v2\/product_brand?post=2707"},{"taxonomy":"product_cat","embeddable":true,"href":"https:\/\/www.enkatarim.com\/de\/wp-json\/wp\/v2\/product_cat?post=2707"},{"taxonomy":"product_tag","embeddable":true,"href":"https:\/\/www.enkatarim.com\/de\/wp-json\/wp\/v2\/product_tag?post=2707"}],"curies":[{"name":"wp","href":"https:\/\/api.w.org\/{rel}","templated":true}]}}