{"id":2674,"date":"2023-03-07T14:59:46","date_gmt":"2023-03-07T14:59:46","guid":{"rendered":"https:\/\/enkatarim.com\/?post_type=product&#038;p=2674"},"modified":"2023-06-08T13:52:13","modified_gmt":"2023-06-08T13:52:13","slug":"pirinc-samandirali-dokum-yalak-39200","status":"publish","type":"product","link":"https:\/\/www.enkatarim.com\/de\/urun\/pirinc-samandirali-dokum-yalak-39200","title":{"rendered":"Tr\u00e4nkebecken mit Rohrventil G51, emailliert"},"content":{"rendered":"<ul>\n<li>Messing-Schwimmerventil<\/li>\n<li>Guss<\/li>\n<li>1,7 l<\/li>\n<li>4,7 kg<\/li>\n<li>Emaillebeschichtet<\/li>\n<li>Kann an einer Wand oder einem Rohr montiert werden.<\/li>\n<li>Wassereinlass kann von oben oder unten mit einem 1\/2&#8243;-Anschluss erfolgen.<\/li>\n<li>Montageanschluss ist nicht in der Bestellung enthalten.<\/li>\n<\/ul>\n<p>\n<table id=\"tablepress-377\" class=\"tablepress tablepress-id-377\">\n<tbody class=\"row-striping row-hover\">\n<tr class=\"row-1\">\n\t<td class=\"column-1\">39201<\/td><td class=\"column-2\">Schwimmerventil<\/td>\n<\/tr>\n<\/tbody>\n<\/table>\n<!-- #tablepress-377 from cache --><br \/>\n<div class=\"woocommerce columns-6 \"><ul class=\"products content-wrap product-archive grid-cols grid-ss-col-2 grid-sm-col-3 grid-md-col-4 grid-lg-col-6 woo-archive-action-visible woo-archive-btn-text align-buttons-bottom  woo-archive-image-hover-fade\"><li class=\"entry content-bg loop-entry product type-product post-19899 status-publish first instock product_cat-sigir-yetistiriciligi product_cat-yalak-parcalari product_cat-yalaklar has-post-thumbnail shipping-taxable product-type-simple\">\n\t<a href=\"https:\/\/www.enkatarim.com\/de\/urun\/tamir-takimi-39200-pirinc-samandirali-dokum-yalak-icin-39201\" class=\"woocommerce-loop-image-link woocommerce-LoopProduct-link woocommerce-loop-product__link\"><img loading=\"lazy\" decoding=\"async\" width=\"300\" height=\"300\" src=\"https:\/\/www.enkatarim.com\/wp-content\/uploads\/2023\/03\/39201-princ-samandirali-dokum-suluk-icin-tamir-seti-300x300.jpg\" class=\"attachment-woocommerce_thumbnail size-woocommerce_thumbnail\" alt=\"Ersatz-Rohrventilset\" srcset=\"https:\/\/www.enkatarim.com\/wp-content\/uploads\/2023\/03\/39201-princ-samandirali-dokum-suluk-icin-tamir-seti-300x300.jpg 300w, https:\/\/www.enkatarim.com\/wp-content\/uploads\/2023\/03\/39201-princ-samandirali-dokum-suluk-icin-tamir-seti.jpg 1024w, https:\/\/www.enkatarim.com\/wp-content\/uploads\/2023\/03\/39201-princ-samandirali-dokum-suluk-icin-tamir-seti-150x150.jpg 150w, https:\/\/www.enkatarim.com\/wp-content\/uploads\/2023\/03\/39201-princ-samandirali-dokum-suluk-icin-tamir-seti-768x768.jpg 768w, https:\/\/www.enkatarim.com\/wp-content\/uploads\/2023\/03\/39201-princ-samandirali-dokum-suluk-icin-tamir-seti-600x600.jpg 600w, https:\/\/www.enkatarim.com\/wp-content\/uploads\/2023\/03\/39201-princ-samandirali-dokum-suluk-icin-tamir-seti-100x100.jpg 100w\" sizes=\"auto, (max-width: 300px) 100vw, 300px\" \/><\/a><div class=\"product-details content-bg entry-content-wrap\"><h2 class=\"woocommerce-loop-product__title\"><a href=\"https:\/\/www.enkatarim.com\/de\/urun\/tamir-takimi-39200-pirinc-samandirali-dokum-yalak-icin-39201\" class=\"woocommerce-LoopProduct-link-title woocommerce-loop-product__title_ink\">Ersatz-Rohrventilset<\/a><\/h2>\n<div class=\"product-action-wrap\"><a href=\"https:\/\/www.enkatarim.com\/de\/urun\/tamir-takimi-39200-pirinc-samandirali-dokum-yalak-icin-39201\" data-quantity=\"1\" class=\"button product_type_simple\" data-product_id=\"19899\" data-product_sku=\"39201\" aria-label=\"Read more about &ldquo;Ersatz-Rohrventilset&rdquo;\" rel=\"nofollow\" data-success_message=\"\">Read more<span class=\"kadence-svg-iconset svg-baseline\"><svg aria-hidden=\"true\" class=\"kadence-svg-icon kadence-arrow-right-alt-svg\" fill=\"currentColor\" version=\"1.1\" xmlns=\"http:\/\/www.w3.org\/2000\/svg\" width=\"27\" height=\"28\" viewBox=\"0 0 27 28\"><title>Continue<\/title><path d=\"M27 13.953c0 0.141-0.063 0.281-0.156 0.375l-6 5.531c-0.156 0.141-0.359 0.172-0.547 0.094-0.172-0.078-0.297-0.25-0.297-0.453v-3.5h-19.5c-0.281 0-0.5-0.219-0.5-0.5v-3c0-0.281 0.219-0.5 0.5-0.5h19.5v-3.5c0-0.203 0.109-0.375 0.297-0.453s0.391-0.047 0.547 0.078l6 5.469c0.094 0.094 0.156 0.219 0.156 0.359v0z\"><\/path>\n\t\t\t\t<\/svg><\/span><span class=\"kadence-svg-iconset svg-baseline\"><svg class=\"kadence-svg-icon kadence-spinner-svg\" fill=\"currentColor\" version=\"1.1\" xmlns=\"http:\/\/www.w3.org\/2000\/svg\" width=\"16\" height=\"16\" viewBox=\"0 0 16 16\"><title>Loading<\/title><path d=\"M16 6h-6l2.243-2.243c-1.133-1.133-2.64-1.757-4.243-1.757s-3.109 0.624-4.243 1.757c-1.133 1.133-1.757 2.64-1.757 4.243s0.624 3.109 1.757 4.243c1.133 1.133 2.64 1.757 4.243 1.757s3.109-0.624 4.243-1.757c0.095-0.095 0.185-0.192 0.273-0.292l1.505 1.317c-1.466 1.674-3.62 2.732-6.020 2.732-4.418 0-8-3.582-8-8s3.582-8 8-8c2.209 0 4.209 0.896 5.656 2.344l2.343-2.344v6z\"><\/path>\n\t\t\t\t<\/svg><\/span><span class=\"kadence-svg-iconset svg-baseline\"><svg class=\"kadence-svg-icon kadence-check-svg\" fill=\"currentColor\" version=\"1.1\" xmlns=\"http:\/\/www.w3.org\/2000\/svg\" width=\"16\" height=\"16\" viewBox=\"0 0 16 16\"><title>Done<\/title><path d=\"M14 2.5l-8.5 8.5-3.5-3.5-1.5 1.5 5 5 10-10z\"><\/path>\n\t\t\t\t<\/svg><\/span><\/a>\t<span id=\"woocommerce_loop_add_to_cart_link_describedby_19899\" class=\"screen-reader-text\">\n\t\t\t<\/span>\n<\/div><\/div><\/li>\n<\/ul>\n<\/div><\/p>\n<p>Tipps f\u00fcr die langfristige Verwendung von Tiertr\u00e4nken:<\/p>\n<p>1. W\u00e4hlen Sie eine geeignete Tr\u00e4nke f\u00fcr das Tier aus und installieren Sie diese an einem festen Ort in einer f\u00fcr das Tier zug\u00e4nglichen H\u00f6he.<br \/>\n2. Vermeiden Sie die direkte Sonneneinstrahlung auf die Tr\u00e4nke.<br \/>\n3. Leeren Sie die Tr\u00e4nke alle paar Tage, entfernen Sie den Deckel und den Schwimmer (falls vorhanden) und reinigen Sie sie gr\u00fcndlich mit Sp\u00fclmittel oder einem alkalibasierten Desinfektionsmittel. Sp\u00fclen Sie sie anschlie\u00dfend mit reichlich Wasser ab.<br \/>\n4. Verwenden Sie niemals s\u00e4urebasierte Desinfektionsmittel f\u00fcr die Reinigung der Tr\u00e4nke, um Korrosion zu vermeiden und direkten Verschlei\u00df zu verhindern.<br \/>\n5. \u00dcberpr\u00fcfen Sie regelm\u00e4\u00dfig den Schwimmer in der Tr\u00e4nke, um sicherzustellen, dass er ordnungsgem\u00e4\u00df funktioniert und kein Wasser verschwendet wird.<\/p>\n","protected":false},"excerpt":{"rendered":"<p>Messing-Schwimmerventil Guss 1,7 l 4,7 kg Emaillebeschichtet Kann an einer Wand oder einem Rohr montiert werden. Wassereinlass kann von oben oder unten mit einem 1\/2&#8243;-Anschluss erfolgen. Montageanschluss ist nicht in der Bestellung enthalten. Tipps f\u00fcr die langfristige Verwendung von Tiertr\u00e4nken: 1. W\u00e4hlen Sie eine geeignete Tr\u00e4nke f\u00fcr das Tier aus und installieren Sie diese an&#8230;<\/p>\n","protected":false},"featured_media":5714,"template":"","meta":{"_eb_attr":"","_kadence_starter_templates_imported_post":false,"_kad_post_transparent":"","_kad_post_title":"","_kad_post_layout":"","_kad_post_sidebar_id":"","_kad_post_content_style":"","_kad_post_vertical_padding":"","_kad_post_feature":"","_kad_post_feature_position":"","_kad_post_header":false,"_kad_post_footer":false,"_kad_post_classname":""},"product_brand":[],"product_cat":[1055,1052,1053],"product_tag":[],"class_list":{"0":"post-2674","1":"product","2":"type-product","3":"status-publish","4":"has-post-thumbnail","6":"product_cat-dokum-yalak","7":"product_cat-sigir-yetistiriciligi","8":"product_cat-yalaklar","9":"entry","10":"content-bg","11":"loop-entry","13":"first","14":"instock","15":"shipping-taxable","16":"product-type-simple"},"_links":{"self":[{"href":"https:\/\/www.enkatarim.com\/de\/wp-json\/wp\/v2\/product\/2674","targetHints":{"allow":["GET"]}}],"collection":[{"href":"https:\/\/www.enkatarim.com\/de\/wp-json\/wp\/v2\/product"}],"about":[{"href":"https:\/\/www.enkatarim.com\/de\/wp-json\/wp\/v2\/types\/product"}],"wp:featuredmedia":[{"embeddable":true,"href":"https:\/\/www.enkatarim.com\/de\/wp-json\/wp\/v2\/media\/5714"}],"wp:attachment":[{"href":"https:\/\/www.enkatarim.com\/de\/wp-json\/wp\/v2\/media?parent=2674"}],"wp:term":[{"taxonomy":"product_brand","embeddable":true,"href":"https:\/\/www.enkatarim.com\/de\/wp-json\/wp\/v2\/product_brand?post=2674"},{"taxonomy":"product_cat","embeddable":true,"href":"https:\/\/www.enkatarim.com\/de\/wp-json\/wp\/v2\/product_cat?post=2674"},{"taxonomy":"product_tag","embeddable":true,"href":"https:\/\/www.enkatarim.com\/de\/wp-json\/wp\/v2\/product_tag?post=2674"}],"curies":[{"name":"wp","href":"https:\/\/api.w.org\/{rel}","templated":true}]}}