{"id":2644,"date":"2023-03-07T14:59:43","date_gmt":"2023-03-07T14:59:43","guid":{"rendered":"https:\/\/enkatarim.com\/?post_type=product&#038;p=2644"},"modified":"2023-06-08T13:52:12","modified_gmt":"2023-06-08T13:52:12","slug":"heiniger-evo-koyun-ve-keci-icin-saftli-ve-elcikli-kirkim-makinesi-45000","status":"publish","type":"product","link":"https:\/\/www.enkatarim.com\/de\/urun\/heiniger-evo-koyun-ve-keci-icin-saftli-ve-elcikli-kirkim-makinesi-45000","title":{"rendered":"Heiniger EVO professioneller schurmotor"},"content":{"rendered":"<p>Professionelles Schersystem mit dem weltweit ersten elektronischen Sicherheitssystem zur Vermeidung von Klingenblockaden. Robustes Fiberglasgeh\u00e4use. Rohrverbundene, wartungsfreie Riemen und schnelle Entriegelung.<br \/>\n\n<table id=\"tablepress-407\" class=\"tablepress tablepress-id-407\">\n<tbody class=\"row-striping row-hover\">\n<tr class=\"row-1\">\n\t<td class=\"column-1\">Spannung<\/td><td class=\"column-2\">120 - 230 V<\/td>\n<\/tr>\n<tr class=\"row-2\">\n\t<td class=\"column-1\">Motorleistung<\/td><td class=\"column-2\">300 W<\/td>\n<\/tr>\n<tr class=\"row-3\">\n\t<td class=\"column-1\">Geschwindigkeit (120V)<\/td><td class=\"column-2\">2700\/3200\/3500 U\/min<\/td>\n<\/tr>\n<tr class=\"row-4\">\n\t<td class=\"column-1\">Geschwindigkeit (230V)<\/td><td class=\"column-2\">2700\/3200\/3500 U\/min<\/td>\n<\/tr>\n<tr class=\"row-5\">\n\t<td class=\"column-1\">L\u00e4nge (1) \/ (2) \/ (3)<\/td><td class=\"column-2\">225 x 300 x 290 mm<\/td>\n<\/tr>\n<tr class=\"row-6\">\n\t<td class=\"column-1\">Gewicht<\/td><td class=\"column-2\">7,8 kg<\/td>\n<\/tr>\n<tr class=\"row-7\">\n\t<td class=\"column-1\">Ger\u00e4usch<\/td><td class=\"column-2\">70 dB (~)<\/td>\n<\/tr>\n<\/tbody>\n<\/table>\n<!-- #tablepress-407 from cache --><br \/>\nIm Tragekoffer befinden sich Klingen, Schraubendreher, \u00d6l, B\u00fcrste, 2-Meter-Welle und Heiniger Icon Griff.<br \/>\n\n<table id=\"tablepress-415\" class=\"tablepress tablepress-id-415\">\n<tbody class=\"row-striping row-hover\">\n<tr class=\"row-1\">\n\t<td class=\"column-1\">46100<\/td><td class=\"column-2\">Heiniger Icon Griff<\/td>\n<\/tr>\n<tr class=\"row-2\">\n\t<td class=\"column-1\">46120<\/td><td class=\"column-2\">Heiniger Schaftbaugruppe<\/td>\n<\/tr>\n<\/tbody>\n<\/table>\n<!-- #tablepress-415 from cache --><br \/>\n<div class=\"woocommerce columns-6 \"><ul class=\"products content-wrap product-archive grid-cols grid-ss-col-2 grid-sm-col-3 grid-md-col-4 grid-lg-col-6 woo-archive-action-visible woo-archive-btn-text align-buttons-bottom  woo-archive-image-hover-fade\"><li class=\"entry content-bg loop-entry product type-product post-2644 status-publish first instock product_cat-kirkma-makineleri product_cat-koyun-kirkma-makineleri has-post-thumbnail shipping-taxable product-type-simple\">\n\t<a href=\"https:\/\/www.enkatarim.com\/de\/urun\/heiniger-evo-koyun-ve-keci-icin-saftli-ve-elcikli-kirkim-makinesi-45000\" class=\"woocommerce-loop-image-link woocommerce-LoopProduct-link woocommerce-loop-product__link\"><img loading=\"lazy\" decoding=\"async\" width=\"300\" height=\"300\" src=\"https:\/\/www.enkatarim.com\/wp-content\/uploads\/2023\/03\/45000-1-300x300.jpg\" class=\"attachment-woocommerce_thumbnail size-woocommerce_thumbnail\" alt=\"Heiniger EVO professioneller schurmotor\" srcset=\"https:\/\/www.enkatarim.com\/wp-content\/uploads\/2023\/03\/45000-1-300x300.jpg 300w, https:\/\/www.enkatarim.com\/wp-content\/uploads\/2023\/03\/45000-1-150x150.jpg 150w, https:\/\/www.enkatarim.com\/wp-content\/uploads\/2023\/03\/45000-1-768x768.jpg 768w, https:\/\/www.enkatarim.com\/wp-content\/uploads\/2023\/03\/45000-1-600x600.jpg 600w, https:\/\/www.enkatarim.com\/wp-content\/uploads\/2023\/03\/45000-1-100x100.jpg 100w, https:\/\/www.enkatarim.com\/wp-content\/uploads\/2023\/03\/45000-1.jpg 1000w\" sizes=\"auto, (max-width: 300px) 100vw, 300px\" \/><\/a><div class=\"product-details content-bg entry-content-wrap\"><h2 class=\"woocommerce-loop-product__title\"><a href=\"https:\/\/www.enkatarim.com\/de\/urun\/heiniger-evo-koyun-ve-keci-icin-saftli-ve-elcikli-kirkim-makinesi-45000\" class=\"woocommerce-LoopProduct-link-title woocommerce-loop-product__title_ink\">Heiniger EVO professioneller schurmotor<\/a><\/h2>\n<div class=\"product-action-wrap\"><a href=\"https:\/\/www.enkatarim.com\/de\/urun\/heiniger-evo-koyun-ve-keci-icin-saftli-ve-elcikli-kirkim-makinesi-45000\" data-quantity=\"1\" class=\"button product_type_simple\" data-product_id=\"2644\" data-product_sku=\"45000\" aria-label=\"Read more about &ldquo;Heiniger EVO professioneller schurmotor&rdquo;\" rel=\"nofollow\" data-success_message=\"\">Read more<span class=\"kadence-svg-iconset svg-baseline\"><svg aria-hidden=\"true\" class=\"kadence-svg-icon kadence-arrow-right-alt-svg\" fill=\"currentColor\" version=\"1.1\" xmlns=\"http:\/\/www.w3.org\/2000\/svg\" width=\"27\" height=\"28\" viewBox=\"0 0 27 28\"><title>Continue<\/title><path d=\"M27 13.953c0 0.141-0.063 0.281-0.156 0.375l-6 5.531c-0.156 0.141-0.359 0.172-0.547 0.094-0.172-0.078-0.297-0.25-0.297-0.453v-3.5h-19.5c-0.281 0-0.5-0.219-0.5-0.5v-3c0-0.281 0.219-0.5 0.5-0.5h19.5v-3.5c0-0.203 0.109-0.375 0.297-0.453s0.391-0.047 0.547 0.078l6 5.469c0.094 0.094 0.156 0.219 0.156 0.359v0z\"><\/path>\n\t\t\t\t<\/svg><\/span><span class=\"kadence-svg-iconset svg-baseline\"><svg class=\"kadence-svg-icon kadence-spinner-svg\" fill=\"currentColor\" version=\"1.1\" xmlns=\"http:\/\/www.w3.org\/2000\/svg\" width=\"16\" height=\"16\" viewBox=\"0 0 16 16\"><title>Loading<\/title><path d=\"M16 6h-6l2.243-2.243c-1.133-1.133-2.64-1.757-4.243-1.757s-3.109 0.624-4.243 1.757c-1.133 1.133-1.757 2.64-1.757 4.243s0.624 3.109 1.757 4.243c1.133 1.133 2.64 1.757 4.243 1.757s3.109-0.624 4.243-1.757c0.095-0.095 0.185-0.192 0.273-0.292l1.505 1.317c-1.466 1.674-3.62 2.732-6.020 2.732-4.418 0-8-3.582-8-8s3.582-8 8-8c2.209 0 4.209 0.896 5.656 2.344l2.343-2.344v6z\"><\/path>\n\t\t\t\t<\/svg><\/span><span class=\"kadence-svg-iconset svg-baseline\"><svg class=\"kadence-svg-icon kadence-check-svg\" fill=\"currentColor\" version=\"1.1\" xmlns=\"http:\/\/www.w3.org\/2000\/svg\" width=\"16\" height=\"16\" viewBox=\"0 0 16 16\"><title>Done<\/title><path d=\"M14 2.5l-8.5 8.5-3.5-3.5-1.5 1.5 5 5 10-10z\"><\/path>\n\t\t\t\t<\/svg><\/span><\/a>\t<span id=\"woocommerce_loop_add_to_cart_link_describedby_2644\" class=\"screen-reader-text\">\n\t\t\t<\/span>\n<\/div><\/div><\/li>\n<\/ul>\n<\/div><br \/>\n<strong>Kompatible Klingen<\/strong><br \/>\n<div class=\"woocommerce columns-6 \"><ul class=\"products content-wrap product-archive grid-cols grid-ss-col-2 grid-sm-col-3 grid-md-col-4 grid-lg-col-6 woo-archive-action-visible woo-archive-btn-text align-buttons-bottom  woo-archive-image-hover-fade\"><li class=\"entry content-bg loop-entry product type-product post-6214 status-publish first instock product_cat-kirkma-makineleri product_cat-kirkma-makinesi-yedek-bicaklari has-post-thumbnail shipping-taxable product-type-simple\">\n\t<a href=\"https:\/\/www.enkatarim.com\/de\/urun\/heiniger-13-4-yedek-kirkim-bicagi-46200\" class=\"woocommerce-loop-image-link woocommerce-LoopProduct-link woocommerce-loop-product__link\"><img loading=\"lazy\" decoding=\"async\" width=\"300\" height=\"300\" src=\"https:\/\/www.enkatarim.com\/wp-content\/uploads\/2023\/03\/46200-heiniger-13-4-s12-xtra-xpert-ile-uyumlu-koyun-kirkim-bicagi-300x300.jpg\" class=\"attachment-woocommerce_thumbnail size-woocommerce_thumbnail\" alt=\"Heiniger 13\/4 Ersatz-Schermesser\" srcset=\"https:\/\/www.enkatarim.com\/wp-content\/uploads\/2023\/03\/46200-heiniger-13-4-s12-xtra-xpert-ile-uyumlu-koyun-kirkim-bicagi-300x300.jpg 300w, https:\/\/www.enkatarim.com\/wp-content\/uploads\/2023\/03\/46200-heiniger-13-4-s12-xtra-xpert-ile-uyumlu-koyun-kirkim-bicagi.jpg 1024w, https:\/\/www.enkatarim.com\/wp-content\/uploads\/2023\/03\/46200-heiniger-13-4-s12-xtra-xpert-ile-uyumlu-koyun-kirkim-bicagi-150x150.jpg 150w, https:\/\/www.enkatarim.com\/wp-content\/uploads\/2023\/03\/46200-heiniger-13-4-s12-xtra-xpert-ile-uyumlu-koyun-kirkim-bicagi-768x768.jpg 768w, https:\/\/www.enkatarim.com\/wp-content\/uploads\/2023\/03\/46200-heiniger-13-4-s12-xtra-xpert-ile-uyumlu-koyun-kirkim-bicagi-600x600.jpg 600w, https:\/\/www.enkatarim.com\/wp-content\/uploads\/2023\/03\/46200-heiniger-13-4-s12-xtra-xpert-ile-uyumlu-koyun-kirkim-bicagi-100x100.jpg 100w\" sizes=\"auto, (max-width: 300px) 100vw, 300px\" \/><\/a><div class=\"product-details content-bg entry-content-wrap\"><h2 class=\"woocommerce-loop-product__title\"><a href=\"https:\/\/www.enkatarim.com\/de\/urun\/heiniger-13-4-yedek-kirkim-bicagi-46200\" class=\"woocommerce-LoopProduct-link-title woocommerce-loop-product__title_ink\">Heiniger 13\/4 Ersatz-Schermesser<\/a><\/h2>\n<div class=\"product-action-wrap\"><a href=\"https:\/\/www.enkatarim.com\/de\/urun\/heiniger-13-4-yedek-kirkim-bicagi-46200\" data-quantity=\"1\" class=\"button product_type_simple\" data-product_id=\"6214\" data-product_sku=\"46200\" aria-label=\"Read more about &ldquo;Heiniger 13\/4 Ersatz-Schermesser&rdquo;\" rel=\"nofollow\" data-success_message=\"\">Read more<span class=\"kadence-svg-iconset svg-baseline\"><svg aria-hidden=\"true\" class=\"kadence-svg-icon kadence-arrow-right-alt-svg\" fill=\"currentColor\" version=\"1.1\" xmlns=\"http:\/\/www.w3.org\/2000\/svg\" width=\"27\" height=\"28\" viewBox=\"0 0 27 28\"><title>Continue<\/title><path d=\"M27 13.953c0 0.141-0.063 0.281-0.156 0.375l-6 5.531c-0.156 0.141-0.359 0.172-0.547 0.094-0.172-0.078-0.297-0.25-0.297-0.453v-3.5h-19.5c-0.281 0-0.5-0.219-0.5-0.5v-3c0-0.281 0.219-0.5 0.5-0.5h19.5v-3.5c0-0.203 0.109-0.375 0.297-0.453s0.391-0.047 0.547 0.078l6 5.469c0.094 0.094 0.156 0.219 0.156 0.359v0z\"><\/path>\n\t\t\t\t<\/svg><\/span><span class=\"kadence-svg-iconset svg-baseline\"><svg class=\"kadence-svg-icon kadence-spinner-svg\" fill=\"currentColor\" version=\"1.1\" xmlns=\"http:\/\/www.w3.org\/2000\/svg\" width=\"16\" height=\"16\" viewBox=\"0 0 16 16\"><title>Loading<\/title><path d=\"M16 6h-6l2.243-2.243c-1.133-1.133-2.64-1.757-4.243-1.757s-3.109 0.624-4.243 1.757c-1.133 1.133-1.757 2.64-1.757 4.243s0.624 3.109 1.757 4.243c1.133 1.133 2.64 1.757 4.243 1.757s3.109-0.624 4.243-1.757c0.095-0.095 0.185-0.192 0.273-0.292l1.505 1.317c-1.466 1.674-3.62 2.732-6.020 2.732-4.418 0-8-3.582-8-8s3.582-8 8-8c2.209 0 4.209 0.896 5.656 2.344l2.343-2.344v6z\"><\/path>\n\t\t\t\t<\/svg><\/span><span class=\"kadence-svg-iconset svg-baseline\"><svg class=\"kadence-svg-icon kadence-check-svg\" fill=\"currentColor\" version=\"1.1\" xmlns=\"http:\/\/www.w3.org\/2000\/svg\" width=\"16\" height=\"16\" viewBox=\"0 0 16 16\"><title>Done<\/title><path d=\"M14 2.5l-8.5 8.5-3.5-3.5-1.5 1.5 5 5 10-10z\"><\/path>\n\t\t\t\t<\/svg><\/span><\/a>\t<span id=\"woocommerce_loop_add_to_cart_link_describedby_6214\" class=\"screen-reader-text\">\n\t\t\t<\/span>\n<\/div><\/div><\/li>\n<\/ul>\n<\/div><\/p>\n<p>Enka Tar\u0131m liefert eine Vielzahl von Schermaschinen, die in ihren jeweiligen Bereichen getestet und als zuverl\u00e4ssig erwiesen wurden. Sie bestehen aus den besten Modellen von vertrauensw\u00fcrdigen Marken.<\/p>\n<p>Egal, ob Sie Schermaschinen f\u00fcr K\u00fche, Schafe, Ziegen, Pferde, Katzen oder Hunde ben\u00f6tigen, bei Enka Agriculture erhalten Sie einfachen Zugang zu den besten Schermaschinenprodukten von Top-Marken wie Kerbl, Heiniger und Moser sowie den Original-Ersatzteilen, die Sie das ganze Jahr \u00fcber ben\u00f6tigen.<br \/>\n\n<table id=\"tablepress-419\" class=\"tablepress tablepress-id-419\">\n<thead>\n<tr class=\"row-1\">\n\t<th colspan=\"2\" class=\"column-1\">Heiniger Icon Ersatzteile<\/th>\n<\/tr>\n<\/thead>\n<tbody class=\"row-striping row-hover\">\n<tr class=\"row-2\">\n\t<td class=\"column-1\">46513<\/td><td class=\"column-2\">Brecheisen, links<\/td>\n<\/tr>\n<tr class=\"row-3\">\n\t<td class=\"column-1\">46514<\/td><td class=\"column-2\">Brecheisen, rechts<\/td>\n<\/tr>\n<tr class=\"row-4\">\n\t<td class=\"column-1\">46594<\/td><td class=\"column-2\">Einstellschaft<\/td>\n<\/tr>\n<tr class=\"row-5\">\n\t<td class=\"column-1\">46595<\/td><td class=\"column-2\">Kamm-Schraube<\/td>\n<\/tr>\n<\/tbody>\n<\/table>\n<!-- #tablepress-419 from cache --><br \/>\n<div class=\"woocommerce columns-6 \"><ul class=\"products content-wrap product-archive grid-cols grid-ss-col-2 grid-sm-col-3 grid-md-col-4 grid-lg-col-6 woo-archive-action-visible woo-archive-btn-text align-buttons-bottom  woo-archive-image-hover-fade\"><li class=\"entry content-bg loop-entry product type-product post-7296 status-publish first instock product_cat-heiniger-yedek-parcalari product_cat-kirkma-makineleri product_cat-kirkma-makinesi-yedek-parcalari has-post-thumbnail shipping-taxable product-type-simple\">\n\t<a href=\"https:\/\/www.enkatarim.com\/de\/urun\/sag-kaz-ayagi-heiniger-icon-kirkim-makineleri-icin-46514\" class=\"woocommerce-loop-image-link woocommerce-LoopProduct-link woocommerce-loop-product__link\"><img loading=\"lazy\" decoding=\"async\" width=\"300\" height=\"300\" src=\"https:\/\/www.enkatarim.com\/wp-content\/uploads\/2023\/03\/46413-46414-heiniger-icon-icin-kazayagi-300x300.jpg\" class=\"attachment-woocommerce_thumbnail size-woocommerce_thumbnail\" alt=\"Druckgabeln L+R (Paar)\" srcset=\"https:\/\/www.enkatarim.com\/wp-content\/uploads\/2023\/03\/46413-46414-heiniger-icon-icin-kazayagi-300x300.jpg 300w, https:\/\/www.enkatarim.com\/wp-content\/uploads\/2023\/03\/46413-46414-heiniger-icon-icin-kazayagi.jpg 1024w, https:\/\/www.enkatarim.com\/wp-content\/uploads\/2023\/03\/46413-46414-heiniger-icon-icin-kazayagi-150x150.jpg 150w, https:\/\/www.enkatarim.com\/wp-content\/uploads\/2023\/03\/46413-46414-heiniger-icon-icin-kazayagi-768x768.jpg 768w, https:\/\/www.enkatarim.com\/wp-content\/uploads\/2023\/03\/46413-46414-heiniger-icon-icin-kazayagi-600x600.jpg 600w, https:\/\/www.enkatarim.com\/wp-content\/uploads\/2023\/03\/46413-46414-heiniger-icon-icin-kazayagi-100x100.jpg 100w\" sizes=\"auto, (max-width: 300px) 100vw, 300px\" \/><\/a><div class=\"product-details content-bg entry-content-wrap\"><h2 class=\"woocommerce-loop-product__title\"><a href=\"https:\/\/www.enkatarim.com\/de\/urun\/sag-kaz-ayagi-heiniger-icon-kirkim-makineleri-icin-46514\" class=\"woocommerce-LoopProduct-link-title woocommerce-loop-product__title_ink\">Druckgabeln L+R (Paar)<\/a><\/h2>\n<div class=\"product-action-wrap\"><a href=\"https:\/\/www.enkatarim.com\/de\/urun\/sag-kaz-ayagi-heiniger-icon-kirkim-makineleri-icin-46514\" data-quantity=\"1\" class=\"button product_type_simple\" data-product_id=\"7296\" data-product_sku=\"46514\" aria-label=\"Read more about &ldquo;Druckgabeln L+R (Paar)&rdquo;\" rel=\"nofollow\" data-success_message=\"\">Read more<span class=\"kadence-svg-iconset svg-baseline\"><svg aria-hidden=\"true\" class=\"kadence-svg-icon kadence-arrow-right-alt-svg\" fill=\"currentColor\" version=\"1.1\" xmlns=\"http:\/\/www.w3.org\/2000\/svg\" width=\"27\" height=\"28\" viewBox=\"0 0 27 28\"><title>Continue<\/title><path d=\"M27 13.953c0 0.141-0.063 0.281-0.156 0.375l-6 5.531c-0.156 0.141-0.359 0.172-0.547 0.094-0.172-0.078-0.297-0.25-0.297-0.453v-3.5h-19.5c-0.281 0-0.5-0.219-0.5-0.5v-3c0-0.281 0.219-0.5 0.5-0.5h19.5v-3.5c0-0.203 0.109-0.375 0.297-0.453s0.391-0.047 0.547 0.078l6 5.469c0.094 0.094 0.156 0.219 0.156 0.359v0z\"><\/path>\n\t\t\t\t<\/svg><\/span><span class=\"kadence-svg-iconset svg-baseline\"><svg class=\"kadence-svg-icon kadence-spinner-svg\" fill=\"currentColor\" version=\"1.1\" xmlns=\"http:\/\/www.w3.org\/2000\/svg\" width=\"16\" height=\"16\" viewBox=\"0 0 16 16\"><title>Loading<\/title><path d=\"M16 6h-6l2.243-2.243c-1.133-1.133-2.64-1.757-4.243-1.757s-3.109 0.624-4.243 1.757c-1.133 1.133-1.757 2.64-1.757 4.243s0.624 3.109 1.757 4.243c1.133 1.133 2.64 1.757 4.243 1.757s3.109-0.624 4.243-1.757c0.095-0.095 0.185-0.192 0.273-0.292l1.505 1.317c-1.466 1.674-3.62 2.732-6.020 2.732-4.418 0-8-3.582-8-8s3.582-8 8-8c2.209 0 4.209 0.896 5.656 2.344l2.343-2.344v6z\"><\/path>\n\t\t\t\t<\/svg><\/span><span class=\"kadence-svg-iconset svg-baseline\"><svg class=\"kadence-svg-icon kadence-check-svg\" fill=\"currentColor\" version=\"1.1\" xmlns=\"http:\/\/www.w3.org\/2000\/svg\" width=\"16\" height=\"16\" viewBox=\"0 0 16 16\"><title>Done<\/title><path d=\"M14 2.5l-8.5 8.5-3.5-3.5-1.5 1.5 5 5 10-10z\"><\/path>\n\t\t\t\t<\/svg><\/span><\/a>\t<span id=\"woocommerce_loop_add_to_cart_link_describedby_7296\" class=\"screen-reader-text\">\n\t\t\t<\/span>\n<\/div><\/div><\/li>\n<li class=\"entry content-bg loop-entry product type-product post-7294 status-publish instock product_cat-heiniger-yedek-parcalari product_cat-kirkma-makineleri product_cat-kirkma-makinesi-yedek-parcalari has-post-thumbnail shipping-taxable product-type-simple\">\n\t<a href=\"https:\/\/www.enkatarim.com\/de\/urun\/sol-kaz-ayagi-heiniger-icon-kirkim-makineleri-icin-46513\" class=\"woocommerce-loop-image-link woocommerce-LoopProduct-link woocommerce-loop-product__link\"><img loading=\"lazy\" decoding=\"async\" width=\"300\" height=\"300\" src=\"https:\/\/www.enkatarim.com\/wp-content\/uploads\/2023\/03\/46413-46414-heiniger-icon-icin-kazayagi-300x300.jpg\" class=\"attachment-woocommerce_thumbnail size-woocommerce_thumbnail\" alt=\"Druckgabeln L+R (Paar)\" srcset=\"https:\/\/www.enkatarim.com\/wp-content\/uploads\/2023\/03\/46413-46414-heiniger-icon-icin-kazayagi-300x300.jpg 300w, https:\/\/www.enkatarim.com\/wp-content\/uploads\/2023\/03\/46413-46414-heiniger-icon-icin-kazayagi.jpg 1024w, https:\/\/www.enkatarim.com\/wp-content\/uploads\/2023\/03\/46413-46414-heiniger-icon-icin-kazayagi-150x150.jpg 150w, https:\/\/www.enkatarim.com\/wp-content\/uploads\/2023\/03\/46413-46414-heiniger-icon-icin-kazayagi-768x768.jpg 768w, https:\/\/www.enkatarim.com\/wp-content\/uploads\/2023\/03\/46413-46414-heiniger-icon-icin-kazayagi-600x600.jpg 600w, https:\/\/www.enkatarim.com\/wp-content\/uploads\/2023\/03\/46413-46414-heiniger-icon-icin-kazayagi-100x100.jpg 100w\" sizes=\"auto, (max-width: 300px) 100vw, 300px\" \/><\/a><div class=\"product-details content-bg entry-content-wrap\"><h2 class=\"woocommerce-loop-product__title\"><a href=\"https:\/\/www.enkatarim.com\/de\/urun\/sol-kaz-ayagi-heiniger-icon-kirkim-makineleri-icin-46513\" class=\"woocommerce-LoopProduct-link-title woocommerce-loop-product__title_ink\">Druckgabeln L+R (Paar)<\/a><\/h2>\n<div class=\"product-action-wrap\"><a href=\"https:\/\/www.enkatarim.com\/de\/urun\/sol-kaz-ayagi-heiniger-icon-kirkim-makineleri-icin-46513\" data-quantity=\"1\" class=\"button product_type_simple\" data-product_id=\"7294\" data-product_sku=\"46513\" aria-label=\"Read more about &ldquo;Druckgabeln L+R (Paar)&rdquo;\" rel=\"nofollow\" data-success_message=\"\">Read more<span class=\"kadence-svg-iconset svg-baseline\"><svg aria-hidden=\"true\" class=\"kadence-svg-icon kadence-arrow-right-alt-svg\" fill=\"currentColor\" version=\"1.1\" xmlns=\"http:\/\/www.w3.org\/2000\/svg\" width=\"27\" height=\"28\" viewBox=\"0 0 27 28\"><title>Continue<\/title><path d=\"M27 13.953c0 0.141-0.063 0.281-0.156 0.375l-6 5.531c-0.156 0.141-0.359 0.172-0.547 0.094-0.172-0.078-0.297-0.25-0.297-0.453v-3.5h-19.5c-0.281 0-0.5-0.219-0.5-0.5v-3c0-0.281 0.219-0.5 0.5-0.5h19.5v-3.5c0-0.203 0.109-0.375 0.297-0.453s0.391-0.047 0.547 0.078l6 5.469c0.094 0.094 0.156 0.219 0.156 0.359v0z\"><\/path>\n\t\t\t\t<\/svg><\/span><span class=\"kadence-svg-iconset svg-baseline\"><svg class=\"kadence-svg-icon kadence-spinner-svg\" fill=\"currentColor\" version=\"1.1\" xmlns=\"http:\/\/www.w3.org\/2000\/svg\" width=\"16\" height=\"16\" viewBox=\"0 0 16 16\"><title>Loading<\/title><path d=\"M16 6h-6l2.243-2.243c-1.133-1.133-2.64-1.757-4.243-1.757s-3.109 0.624-4.243 1.757c-1.133 1.133-1.757 2.64-1.757 4.243s0.624 3.109 1.757 4.243c1.133 1.133 2.64 1.757 4.243 1.757s3.109-0.624 4.243-1.757c0.095-0.095 0.185-0.192 0.273-0.292l1.505 1.317c-1.466 1.674-3.62 2.732-6.020 2.732-4.418 0-8-3.582-8-8s3.582-8 8-8c2.209 0 4.209 0.896 5.656 2.344l2.343-2.344v6z\"><\/path>\n\t\t\t\t<\/svg><\/span><span class=\"kadence-svg-iconset svg-baseline\"><svg class=\"kadence-svg-icon kadence-check-svg\" fill=\"currentColor\" version=\"1.1\" xmlns=\"http:\/\/www.w3.org\/2000\/svg\" width=\"16\" height=\"16\" viewBox=\"0 0 16 16\"><title>Done<\/title><path d=\"M14 2.5l-8.5 8.5-3.5-3.5-1.5 1.5 5 5 10-10z\"><\/path>\n\t\t\t\t<\/svg><\/span><\/a>\t<span id=\"woocommerce_loop_add_to_cart_link_describedby_7294\" class=\"screen-reader-text\">\n\t\t\t<\/span>\n<\/div><\/div><\/li>\n<\/ul>\n<\/div><\/p>\n","protected":false},"excerpt":{"rendered":"<p>Professionelles Schersystem mit dem weltweit ersten elektronischen Sicherheitssystem zur Vermeidung von Klingenblockaden. Robustes Fiberglasgeh\u00e4use. Rohrverbundene, wartungsfreie Riemen und schnelle Entriegelung. Im Tragekoffer befinden sich Klingen, Schraubendreher, \u00d6l, B\u00fcrste, 2-Meter-Welle und Heiniger Icon Griff. Kompatible Klingen Enka Tar\u0131m liefert eine Vielzahl von Schermaschinen, die in ihren jeweiligen Bereichen getestet und als zuverl\u00e4ssig erwiesen wurden. Sie bestehen&#8230;<\/p>\n","protected":false},"featured_media":2766,"template":"","meta":{"_eb_attr":"","_kadence_starter_templates_imported_post":false,"_kad_post_transparent":"","_kad_post_title":"","_kad_post_layout":"","_kad_post_sidebar_id":"","_kad_post_content_style":"","_kad_post_vertical_padding":"","_kad_post_feature":"","_kad_post_feature_position":"","_kad_post_header":false,"_kad_post_footer":false,"_kad_post_classname":""},"product_brand":[],"product_cat":[1044,1049],"product_tag":[],"class_list":{"0":"post-2644","1":"product","2":"type-product","3":"status-publish","4":"has-post-thumbnail","6":"product_cat-kirkma-makineleri","7":"product_cat-koyun-kirkma-makineleri","8":"entry","9":"content-bg","10":"loop-entry","12":"first","13":"instock","14":"shipping-taxable","15":"product-type-simple"},"_links":{"self":[{"href":"https:\/\/www.enkatarim.com\/de\/wp-json\/wp\/v2\/product\/2644","targetHints":{"allow":["GET"]}}],"collection":[{"href":"https:\/\/www.enkatarim.com\/de\/wp-json\/wp\/v2\/product"}],"about":[{"href":"https:\/\/www.enkatarim.com\/de\/wp-json\/wp\/v2\/types\/product"}],"wp:featuredmedia":[{"embeddable":true,"href":"https:\/\/www.enkatarim.com\/de\/wp-json\/wp\/v2\/media\/2766"}],"wp:attachment":[{"href":"https:\/\/www.enkatarim.com\/de\/wp-json\/wp\/v2\/media?parent=2644"}],"wp:term":[{"taxonomy":"product_brand","embeddable":true,"href":"https:\/\/www.enkatarim.com\/de\/wp-json\/wp\/v2\/product_brand?post=2644"},{"taxonomy":"product_cat","embeddable":true,"href":"https:\/\/www.enkatarim.com\/de\/wp-json\/wp\/v2\/product_cat?post=2644"},{"taxonomy":"product_tag","embeddable":true,"href":"https:\/\/www.enkatarim.com\/de\/wp-json\/wp\/v2\/product_tag?post=2644"}],"curies":[{"name":"wp","href":"https:\/\/api.w.org\/{rel}","templated":true}]}}