{"id":2473,"date":"2023-03-07T14:59:16","date_gmt":"2023-03-07T14:59:16","guid":{"rendered":"https:\/\/enkatarim.com\/?post_type=product&#038;p=2473"},"modified":"2023-06-08T13:52:00","modified_gmt":"2023-06-08T13:52:00","slug":"mekanik-pulsator-60-40-inek-icin-yesil-10065","status":"publish","type":"product","link":"https:\/\/www.enkatarim.com\/de\/urun\/mekanik-pulsator-60-40-inek-icin-yesil-10065","title":{"rendered":"Pneumatischer Pulsator f\u00fcr K\u00fche, 60\/40, gr\u00fcn"},"content":{"rendered":"\n<table id=\"tablepress-31\" class=\"tablepress tablepress-id-31 tbody-has-connected-cells\">\n<thead>\n<tr class=\"row-1\">\n\t<th class=\"column-1\">Hayvan tipi<\/th><th class=\"column-2\">\u0130nek<\/th>\n<\/tr>\n<\/thead>\n<tbody class=\"row-striping row-hover\">\n<tr class=\"row-2\">\n\t<td colspan=\"2\" class=\"column-1\"><b>Vakum seviyesi<\/b><\/td>\n<\/tr>\n<tr class=\"row-3\">\n\t<td class=\"column-1\">Y\u00fcksek hat<\/td><td class=\"column-2\">48 - 50<\/td>\n<\/tr>\n<tr class=\"row-4\">\n\t<td class=\"column-1\">Al\u00e7ak hat<\/td><td class=\"column-2\">42 - 44<\/td>\n<\/tr>\n<tr class=\"row-5\">\n\t<td class=\"column-1\">H\u0131z<\/td><td class=\"column-2\">60<\/td>\n<\/tr>\n<tr class=\"row-6\">\n\t<td class=\"column-1\">Sa\u011f\u0131m oran\u0131 (%)<\/td><td class=\"column-2\">60\/40<\/td>\n<\/tr>\n<tr class=\"row-7\">\n\t<td colspan=\"2\" class=\"column-1\"><b>Teknik \u00f6zellikler<\/b><\/td>\n<\/tr>\n<tr class=\"row-8\">\n\t<td class=\"column-1\">Kapak<\/td><td class=\"column-2\">Paslanmaz \u00e7elik<\/td>\n<\/tr>\n<tr class=\"row-9\">\n\t<td class=\"column-1\">\u00c7\u0131k\u0131\u015f<\/td><td class=\"column-2\">2<\/td>\n<\/tr>\n<\/tbody>\n<\/table>\n<!-- #tablepress-31 from cache -->\n","protected":false},"excerpt":{"rendered":"","protected":false},"featured_media":5664,"template":"","meta":{"_eb_attr":"","_kadence_starter_templates_imported_post":false,"_kad_post_transparent":"","_kad_post_title":"","_kad_post_layout":"","_kad_post_sidebar_id":"","_kad_post_content_style":"","_kad_post_vertical_padding":"","_kad_post_feature":"","_kad_post_feature_position":"","_kad_post_header":false,"_kad_post_footer":false,"_kad_post_classname":""},"product_brand":[],"product_cat":[1035,1036,1037,1038,1034,1033],"product_tag":[],"class_list":{"0":"post-2473","1":"product","2":"type-product","3":"status-publish","4":"has-post-thumbnail","6":"product_cat-cift-cikisli-pulsator","7":"product_cat-inek-pulsatoru","8":"product_cat-krom-kapakli-pulsator","9":"product_cat-mekanik-pulsator","10":"product_cat-pulsator","11":"product_cat-sut-sagim-makinesi-parcalari","13":"first","14":"instock","15":"shipping-taxable","16":"product-type-simple","17":"entry","18":"content-bg","19":"loop-entry"},"_links":{"self":[{"href":"https:\/\/www.enkatarim.com\/de\/wp-json\/wp\/v2\/product\/2473","targetHints":{"allow":["GET"]}}],"collection":[{"href":"https:\/\/www.enkatarim.com\/de\/wp-json\/wp\/v2\/product"}],"about":[{"href":"https:\/\/www.enkatarim.com\/de\/wp-json\/wp\/v2\/types\/product"}],"wp:featuredmedia":[{"embeddable":true,"href":"https:\/\/www.enkatarim.com\/de\/wp-json\/wp\/v2\/media\/5664"}],"wp:attachment":[{"href":"https:\/\/www.enkatarim.com\/de\/wp-json\/wp\/v2\/media?parent=2473"}],"wp:term":[{"taxonomy":"product_brand","embeddable":true,"href":"https:\/\/www.enkatarim.com\/de\/wp-json\/wp\/v2\/product_brand?post=2473"},{"taxonomy":"product_cat","embeddable":true,"href":"https:\/\/www.enkatarim.com\/de\/wp-json\/wp\/v2\/product_cat?post=2473"},{"taxonomy":"product_tag","embeddable":true,"href":"https:\/\/www.enkatarim.com\/de\/wp-json\/wp\/v2\/product_tag?post=2473"}],"curies":[{"name":"wp","href":"https:\/\/api.w.org\/{rel}","templated":true}]}}