{"id":24615,"date":"2026-03-10T15:51:27","date_gmt":"2026-03-10T12:51:27","guid":{"rendered":"https:\/\/www.enkatarim.com\/?post_type=product&#038;p=24615"},"modified":"2026-03-11T08:49:43","modified_gmt":"2026-03-11T05:49:43","slug":"200-lt-sarkuteri-tipi-sut-sogutma-tanki-58200","status":"publish","type":"product","link":"https:\/\/www.enkatarim.com\/de\/urun\/200-lt-sarkuteri-tipi-sut-sogutma-tanki-58200","title":{"rendered":"200 l milch-k\u00fchltank, delikatessen-typ"},"content":{"rendered":"<p data-start=\"1011\" data-end=\"1449\">Der Delikatessen-Milch-K\u00fchltank von Enka ist eine langlebige und praktische L\u00f6sung, mit der Sie gro\u00dfe Mengen Milch schnell, wirtschaftlich, effizient und gleichm\u00e4\u00dfig k\u00fchlen k\u00f6nnen. Der Edelstahlk\u00f6rper des Milchk\u00fchltanks wird durch Laserschwei\u00dfen verbunden und bietet dadurch eine \u00e4u\u00dferst robuste, langlebige und effiziente Struktur. Dank des R\u00fchrmotors mit optimaler Drehzahl wird die Milch im Tank gleichm\u00e4\u00dfig und ohne Vereisung gek\u00fchlt.<\/p>\n<p data-start=\"1451\" data-end=\"1479\"><strong data-start=\"1451\" data-end=\"1479\">Allgemeine Eigenschaften<\/strong><\/p>\n<ul data-start=\"1481\" data-end=\"1713\">\n<li data-section-id=\"nu9cw9\" data-start=\"1481\" data-end=\"1525\">\n<p data-start=\"1483\" data-end=\"1525\">Mechanische Teile aus Edelstahl AISI 304<\/p>\n<\/li>\n<li data-section-id=\"rkpy3g\" data-start=\"1526\" data-end=\"1577\">\n<p data-start=\"1528\" data-end=\"1577\">Universit\u00e4tsgepr\u00fcft gem\u00e4\u00df TS EN 13732 Standards<\/p>\n<\/li>\n<li data-section-id=\"15w7m8q\" data-start=\"1578\" data-end=\"1622\">\n<p data-start=\"1580\" data-end=\"1622\">2BII K\u00fchlklasse nach europ\u00e4ischen Normen<\/p>\n<\/li>\n<li data-section-id=\"k7kah4\" data-start=\"1623\" data-end=\"1687\">\n<p data-start=\"1625\" data-end=\"1687\">Seitlich \u00f6ffnender Deckel (auf Wunsch vollst\u00e4ndig abnehmbar)<\/p>\n<\/li>\n<li data-section-id=\"gasg3w\" data-start=\"1688\" data-end=\"1713\">\n<p data-start=\"1690\" data-end=\"1713\">Optional digitale Waage<\/p>\n<\/li>\n<\/ul>\n","protected":false},"excerpt":{"rendered":"<ul>\n<li>Kapazit\u00e4t: 200 lt<\/li>\n<li>K\u00fchlt Milch in 2,5 Stunden von 36\u202f\u00b0C auf 4\u202f\u00b0C ab.<\/li>\n<\/ul>\n<p>Die K\u00fchleinheit dieser K\u00fchltanks befindet sich am Boden.<\/p>\n","protected":false},"featured_media":24620,"template":"","meta":{"_eb_attr":"","_kadence_starter_templates_imported_post":false,"_kad_post_transparent":"default","_kad_post_title":"","_kad_post_layout":"default","_kad_post_sidebar_id":"","_kad_post_content_style":"default","_kad_post_vertical_padding":"default","_kad_post_feature":"","_kad_post_feature_position":"","_kad_post_header":false,"_kad_post_footer":false,"_kad_post_classname":""},"product_brand":[],"product_cat":[1507,1167],"product_tag":[],"class_list":{"0":"post-24615","1":"product","2":"type-product","3":"status-publish","4":"has-post-thumbnail","6":"product_cat-acik-sut-sogutma-tanklari","7":"product_cat-sut-sogutma-tanklari","9":"first","10":"instock","11":"shipping-taxable","12":"product-type-external","13":"entry","14":"content-bg","15":"loop-entry"},"_links":{"self":[{"href":"https:\/\/www.enkatarim.com\/de\/wp-json\/wp\/v2\/product\/24615","targetHints":{"allow":["GET"]}}],"collection":[{"href":"https:\/\/www.enkatarim.com\/de\/wp-json\/wp\/v2\/product"}],"about":[{"href":"https:\/\/www.enkatarim.com\/de\/wp-json\/wp\/v2\/types\/product"}],"wp:featuredmedia":[{"embeddable":true,"href":"https:\/\/www.enkatarim.com\/de\/wp-json\/wp\/v2\/media\/24620"}],"wp:attachment":[{"href":"https:\/\/www.enkatarim.com\/de\/wp-json\/wp\/v2\/media?parent=24615"}],"wp:term":[{"taxonomy":"product_brand","embeddable":true,"href":"https:\/\/www.enkatarim.com\/de\/wp-json\/wp\/v2\/product_brand?post=24615"},{"taxonomy":"product_cat","embeddable":true,"href":"https:\/\/www.enkatarim.com\/de\/wp-json\/wp\/v2\/product_cat?post=24615"},{"taxonomy":"product_tag","embeddable":true,"href":"https:\/\/www.enkatarim.com\/de\/wp-json\/wp\/v2\/product_tag?post=24615"}],"curies":[{"name":"wp","href":"https:\/\/api.w.org\/{rel}","templated":true}]}}