{"id":24597,"date":"2026-03-09T11:01:02","date_gmt":"2026-03-09T08:01:02","guid":{"rendered":"https:\/\/www.enkatarim.com\/?post_type=product&#038;p=24597"},"modified":"2026-03-09T11:14:38","modified_gmt":"2026-03-09T08:14:38","slug":"enka-buzagi-ortusu","status":"publish","type":"product","link":"https:\/\/www.enkatarim.com\/de\/urun\/enka-buzagi-ortusu","title":{"rendered":"Enka K\u00e4lberdecke"},"content":{"rendered":"<p data-start=\"1306\" data-end=\"1577\">In den ersten Lebenswochen ist es sehr wichtig, neugeborene K\u00e4lber warm zu halten, um sie vor K\u00e4lte zu sch\u00fctzen. Die Enka K\u00e4lberdecke hilft direkt nach der Geburt dabei, die K\u00f6rpertemperatur des Kalbes zu stabilisieren und unterst\u00fctzt so die St\u00e4rkung seines Immunsystems.<\/p>\n<p data-start=\"1579\" data-end=\"1679\">Besonders bei Temperaturen unter +10\u00b0C bietet sie einen wirksamen Schutz vor k\u00e4ltebedingten Risiken.<\/p>\n<p data-start=\"1681\" data-end=\"2015\">In den Wintermonaten mit h\u00e4ufigen pl\u00f6tzlichen Wetter\u00e4nderungen ist die K\u00e4lberdecke ein wichtiges Hilfsprodukt, das auf jedem landwirtschaftlichen Betrieb verwendet werden sollte. Bei Verwendung hilft sie, K\u00e4ltestress bei neugeborenen K\u00e4lbern zu verhindern, sodass diese ihre Energie f\u00fcr Wachstum statt f\u00fcr das Aufw\u00e4rmen nutzen k\u00f6nnen.<\/p>\n<p data-start=\"2017\" data-end=\"2233\">Die Enka K\u00e4lberdecke kann in den ersten 3\u20134 Wochen nach der Geburt sicher verwendet werden. Bei Bedarf kann dieser Zeitraum verl\u00e4ngert werden, um dem Kalb die Anpassung an wechselnde Umweltbedingungen zu erleichtern.<\/p>\n<p data-start=\"2235\" data-end=\"2523\">Dank ihrer weichen Struktur reizt sie die Haut des Kalbes nicht. Das rei\u00dffeste Material sorgt f\u00fcr eine lange Lebensdauer. Verstellbarer Bauchriemen, Beingurte und Schnallenverschl\u00fcsse im Brustbereich sorgen f\u00fcr eine perfekte Passform, ohne die Bewegungsfreiheit des Kalbes einzuschr\u00e4nken.<\/p>\n<p data-start=\"2525\" data-end=\"2587\"><em data-start=\"2525\" data-end=\"2587\">Die Produktfarbe kann je nach Produktionszeitraum variieren.<\/em><\/p>\n","protected":false},"excerpt":{"rendered":"<p>In den ersten Lebenswochen ist es sehr wichtig, neugeborene K\u00e4lber warm zu halten, um sie vor K\u00e4lte zu sch\u00fctzen. Die Enka K\u00e4lberdecke hilft direkt nach der Geburt dabei, die K\u00f6rpertemperatur des Kalbes zu stabilisieren und unterst\u00fctzt so die St\u00e4rkung seines Immunsystems. Besonders bei Temperaturen unter +10\u00b0C bietet sie einen wirksamen Schutz vor k\u00e4ltebedingten Risiken. In&#8230;<\/p>\n","protected":false},"featured_media":24598,"template":"","meta":{"_eb_attr":"","_kadence_starter_templates_imported_post":false,"_kad_post_transparent":"default","_kad_post_title":"","_kad_post_layout":"default","_kad_post_sidebar_id":"","_kad_post_content_style":"default","_kad_post_vertical_padding":"default","_kad_post_feature":"","_kad_post_feature_position":"","_kad_post_header":false,"_kad_post_footer":false,"_kad_post_classname":""},"product_brand":[],"product_cat":[1401],"product_tag":[],"class_list":{"0":"post-24597","1":"product","2":"type-product","3":"status-publish","4":"has-post-thumbnail","6":"product_cat-buzagi-yetistiriciligi","8":"first","9":"instock","10":"shipping-taxable","11":"product-type-simple","12":"entry","13":"content-bg","14":"loop-entry"},"_links":{"self":[{"href":"https:\/\/www.enkatarim.com\/de\/wp-json\/wp\/v2\/product\/24597","targetHints":{"allow":["GET"]}}],"collection":[{"href":"https:\/\/www.enkatarim.com\/de\/wp-json\/wp\/v2\/product"}],"about":[{"href":"https:\/\/www.enkatarim.com\/de\/wp-json\/wp\/v2\/types\/product"}],"wp:featuredmedia":[{"embeddable":true,"href":"https:\/\/www.enkatarim.com\/de\/wp-json\/wp\/v2\/media\/24598"}],"wp:attachment":[{"href":"https:\/\/www.enkatarim.com\/de\/wp-json\/wp\/v2\/media?parent=24597"}],"wp:term":[{"taxonomy":"product_brand","embeddable":true,"href":"https:\/\/www.enkatarim.com\/de\/wp-json\/wp\/v2\/product_brand?post=24597"},{"taxonomy":"product_cat","embeddable":true,"href":"https:\/\/www.enkatarim.com\/de\/wp-json\/wp\/v2\/product_cat?post=24597"},{"taxonomy":"product_tag","embeddable":true,"href":"https:\/\/www.enkatarim.com\/de\/wp-json\/wp\/v2\/product_tag?post=24597"}],"curies":[{"name":"wp","href":"https:\/\/api.w.org\/{rel}","templated":true}]}}