{"id":24309,"date":"2025-10-09T17:32:57","date_gmt":"2025-10-09T14:32:57","guid":{"rendered":"https:\/\/www.enkatarim.com\/?post_type=product&#038;p=24309"},"modified":"2026-03-18T14:13:48","modified_gmt":"2026-03-18T11:13:48","slug":"ipli-ve-kancali-21-cm-burunsallik-paslanmaz-42311","status":"publish","type":"product","link":"https:\/\/www.enkatarim.com\/de\/urun\/ipli-ve-kancali-21-cm-burunsallik-paslanmaz-42311","title":{"rendered":"Nasenf\u00fchrer, mit Kordel"},"content":{"rendered":"<ul>\n<li data-start=\"627\" data-end=\"649\">\n<p data-start=\"629\" data-end=\"649\">Mit Seil und Haken<\/p>\n<\/li>\n<li data-start=\"650\" data-end=\"684\">\n<p data-start=\"652\" data-end=\"684\">L\u00e4nge des Bullenhalters: 21 cm<\/p>\n<\/li>\n<li data-start=\"685\" data-end=\"709\">\n<p data-start=\"687\" data-end=\"709\">Seill\u00e4nge: ca. 73 cm<\/p>\n<\/li>\n<li data-start=\"710\" data-end=\"784\">\n<p data-start=\"712\" data-end=\"784\">Der Halter besteht aus vernickeltes Eisen,<\/p>\n<\/li>\n<li data-start=\"710\" data-end=\"784\">\n<p data-start=\"712\" data-end=\"784\">Das Seil aus strapazierf\u00e4higem Nylon<\/p>\n<\/li>\n<\/ul>\n","protected":false},"excerpt":{"rendered":"<p>Mit Seil und Haken L\u00e4nge des Bullenhalters: 21 cm Seill\u00e4nge: ca. 73 cm Der Halter besteht aus vernickeltes Eisen, Das Seil aus strapazierf\u00e4higem Nylon<\/p>\n","protected":false},"featured_media":24310,"template":"","meta":{"_eb_attr":"","_kadence_starter_templates_imported_post":false,"_kad_post_transparent":"default","_kad_post_title":"","_kad_post_layout":"default","_kad_post_sidebar_id":"","_kad_post_content_style":"default","_kad_post_vertical_padding":"default","_kad_post_feature":"","_kad_post_feature_position":"","_kad_post_header":false,"_kad_post_footer":false,"_kad_post_classname":""},"product_brand":[],"product_cat":[1388],"product_tag":[],"class_list":{"0":"post-24309","1":"product","2":"type-product","3":"status-publish","4":"has-post-thumbnail","6":"product_cat-burunsalliklar","8":"first","9":"instock","10":"shipping-taxable","11":"product-type-simple","12":"entry","13":"content-bg","14":"loop-entry"},"_links":{"self":[{"href":"https:\/\/www.enkatarim.com\/de\/wp-json\/wp\/v2\/product\/24309","targetHints":{"allow":["GET"]}}],"collection":[{"href":"https:\/\/www.enkatarim.com\/de\/wp-json\/wp\/v2\/product"}],"about":[{"href":"https:\/\/www.enkatarim.com\/de\/wp-json\/wp\/v2\/types\/product"}],"wp:featuredmedia":[{"embeddable":true,"href":"https:\/\/www.enkatarim.com\/de\/wp-json\/wp\/v2\/media\/24310"}],"wp:attachment":[{"href":"https:\/\/www.enkatarim.com\/de\/wp-json\/wp\/v2\/media?parent=24309"}],"wp:term":[{"taxonomy":"product_brand","embeddable":true,"href":"https:\/\/www.enkatarim.com\/de\/wp-json\/wp\/v2\/product_brand?post=24309"},{"taxonomy":"product_cat","embeddable":true,"href":"https:\/\/www.enkatarim.com\/de\/wp-json\/wp\/v2\/product_cat?post=24309"},{"taxonomy":"product_tag","embeddable":true,"href":"https:\/\/www.enkatarim.com\/de\/wp-json\/wp\/v2\/product_tag?post=24309"}],"curies":[{"name":"wp","href":"https:\/\/api.w.org\/{rel}","templated":true}]}}