{"id":24302,"date":"2025-10-09T14:49:16","date_gmt":"2025-10-09T11:49:16","guid":{"rendered":"https:\/\/www.enkatarim.com\/?post_type=product&#038;p=24302"},"modified":"2026-01-27T09:13:11","modified_gmt":"2026-01-27T06:13:11","slug":"tirnak-kesme-makasi-kucukbas-hayvanlar-icin-24-cm-44102","status":"publish","type":"product","link":"https:\/\/www.enkatarim.com\/de\/urun\/tirnak-kesme-makasi-kucukbas-hayvanlar-icin-24-cm-44102","title":{"rendered":"Klauenschneider f\u00fcr Schafe, 24 cm"},"content":{"rendered":"<ul>\n<li data-start=\"525\" data-end=\"545\">\n<p data-start=\"527\" data-end=\"545\">L\u00e4nge: ca. 24 cm<\/p>\n<\/li>\n<li data-start=\"546\" data-end=\"579\">\n<p data-start=\"548\" data-end=\"579\">Eine Seite mit S\u00e4gezahnklinge<\/p>\n<\/li>\n<li data-start=\"580\" data-end=\"613\">\n<p data-start=\"582\" data-end=\"613\">Edelstahlklingen und -geh\u00e4use<\/p>\n<\/li>\n<li data-start=\"614\" data-end=\"651\">\n<p data-start=\"616\" data-end=\"651\">F\u00fcr einh\u00e4ndige Bedienung geeignet<\/p>\n<\/li>\n<li data-start=\"652\" data-end=\"678\">\n<p data-start=\"654\" data-end=\"678\">F\u00fcr Kleinvieh (Schafe)<\/p>\n<\/li>\n<li data-start=\"679\" data-end=\"701\">\n<p data-start=\"681\" data-end=\"701\">Gewicht: ca. 500 g<\/p>\n<\/li>\n<\/ul>\n","protected":false},"excerpt":{"rendered":"<p>L\u00e4nge: ca. 24 cm Eine Seite mit S\u00e4gezahnklinge Edelstahlklingen und -geh\u00e4use F\u00fcr einh\u00e4ndige Bedienung geeignet F\u00fcr Kleinvieh (Schafe) Gewicht: ca. 500 g<\/p>\n","protected":false},"featured_media":24303,"template":"","meta":{"_eb_attr":"","_kadence_starter_templates_imported_post":false,"_kad_post_transparent":"default","_kad_post_title":"","_kad_post_layout":"default","_kad_post_sidebar_id":"","_kad_post_content_style":"default","_kad_post_vertical_padding":"default","_kad_post_feature":"","_kad_post_feature_position":"","_kad_post_header":false,"_kad_post_footer":false,"_kad_post_classname":""},"product_brand":[],"product_cat":[1332,1051,1334],"product_tag":[],"class_list":{"0":"post-24302","1":"product","2":"type-product","3":"status-publish","4":"has-post-thumbnail","6":"product_cat-ayak-bakim-urunleri","7":"product_cat-ciftlik-ve-hayvancilik-ekipmanlari","8":"product_cat-tirnak-makaslari","10":"first","11":"instock","12":"shipping-taxable","13":"product-type-simple","14":"entry","15":"content-bg","16":"loop-entry"},"_links":{"self":[{"href":"https:\/\/www.enkatarim.com\/de\/wp-json\/wp\/v2\/product\/24302","targetHints":{"allow":["GET"]}}],"collection":[{"href":"https:\/\/www.enkatarim.com\/de\/wp-json\/wp\/v2\/product"}],"about":[{"href":"https:\/\/www.enkatarim.com\/de\/wp-json\/wp\/v2\/types\/product"}],"wp:featuredmedia":[{"embeddable":true,"href":"https:\/\/www.enkatarim.com\/de\/wp-json\/"}],"wp:attachment":[{"href":"https:\/\/www.enkatarim.com\/de\/wp-json\/wp\/v2\/media?parent=24302"}],"wp:term":[{"taxonomy":"product_brand","embeddable":true,"href":"https:\/\/www.enkatarim.com\/de\/wp-json\/wp\/v2\/product_brand?post=24302"},{"taxonomy":"product_cat","embeddable":true,"href":"https:\/\/www.enkatarim.com\/de\/wp-json\/wp\/v2\/product_cat?post=24302"},{"taxonomy":"product_tag","embeddable":true,"href":"https:\/\/www.enkatarim.com\/de\/wp-json\/wp\/v2\/product_tag?post=24302"}],"curies":[{"name":"wp","href":"https:\/\/api.w.org\/{rel}","templated":true}]}}