{"id":24281,"date":"2025-10-08T14:28:01","date_gmt":"2025-10-08T11:28:01","guid":{"rendered":"https:\/\/www.enkatarim.com\/?post_type=product&#038;p=24281"},"modified":"2025-11-18T14:54:41","modified_gmt":"2025-11-18T11:54:41","slug":"33-cm-paslanmaz-celik-boynuz-koparma-aleti-42261","status":"publish","type":"product","link":"https:\/\/www.enkatarim.com\/de\/urun\/33-cm-paslanmaz-celik-boynuz-koparma-aleti-42261","title":{"rendered":"30 cm Enthornungswerkzeug (13&#8243;)"},"content":{"rendered":"<ul>\n<li data-start=\"519\" data-end=\"541\">\n<p data-start=\"521\" data-end=\"541\">Gesamtl\u00e4nge: 33 cm<\/p>\n<\/li>\n<li data-start=\"542\" data-end=\"565\">\n<p data-start=\"544\" data-end=\"565\">Griffl\u00e4nge: 10,5 cm<\/p>\n<\/li>\n<li data-start=\"566\" data-end=\"589\">\n<p data-start=\"568\" data-end=\"589\">Mit Kunststoffgriff<\/p>\n<\/li>\n<li data-start=\"590\" data-end=\"614\">\n<p data-start=\"592\" data-end=\"614\">Aus rostfreiem Stahl<\/p>\n<\/li>\n<li data-start=\"615\" data-end=\"642\">\n<p data-start=\"617\" data-end=\"642\">Schnittbreite: ca. 3.5 cm<\/p>\n<\/li>\n<li data-start=\"643\" data-end=\"677\">\n<p data-start=\"645\" data-end=\"677\">F\u00fcr Gro\u00dfvieh (Rinder) geeignet<\/p>\n<\/li>\n<li>~ 0.8 kg<\/li>\n<\/ul>\n","protected":false},"excerpt":{"rendered":"<p>Gesamtl\u00e4nge: 33 cm Griffl\u00e4nge: 10,5 cm Mit Kunststoffgriff Aus rostfreiem Stahl Schnittbreite: ca. 3.5 cm F\u00fcr Gro\u00dfvieh (Rinder) geeignet ~ 0.8 kg<\/p>\n","protected":false},"featured_media":24275,"template":"","meta":{"_eb_attr":"","_kadence_starter_templates_imported_post":false,"_kad_post_transparent":"default","_kad_post_title":"","_kad_post_layout":"default","_kad_post_sidebar_id":"","_kad_post_content_style":"default","_kad_post_vertical_padding":"default","_kad_post_feature":"","_kad_post_feature_position":"","_kad_post_header":false,"_kad_post_footer":false,"_kad_post_classname":""},"product_brand":[],"product_cat":[1368,1052],"product_tag":[],"class_list":{"0":"post-24281","1":"product","2":"type-product","3":"status-publish","4":"has-post-thumbnail","6":"product_cat-boynuz-dusurme-aletleri","7":"product_cat-sigir-yetistiriciligi","9":"first","10":"instock","11":"shipping-taxable","12":"product-type-simple","13":"entry","14":"content-bg","15":"loop-entry"},"_links":{"self":[{"href":"https:\/\/www.enkatarim.com\/de\/wp-json\/wp\/v2\/product\/24281","targetHints":{"allow":["GET"]}}],"collection":[{"href":"https:\/\/www.enkatarim.com\/de\/wp-json\/wp\/v2\/product"}],"about":[{"href":"https:\/\/www.enkatarim.com\/de\/wp-json\/wp\/v2\/types\/product"}],"wp:featuredmedia":[{"embeddable":true,"href":"https:\/\/www.enkatarim.com\/de\/wp-json\/wp\/v2\/media\/24275"}],"wp:attachment":[{"href":"https:\/\/www.enkatarim.com\/de\/wp-json\/wp\/v2\/media?parent=24281"}],"wp:term":[{"taxonomy":"product_brand","embeddable":true,"href":"https:\/\/www.enkatarim.com\/de\/wp-json\/wp\/v2\/product_brand?post=24281"},{"taxonomy":"product_cat","embeddable":true,"href":"https:\/\/www.enkatarim.com\/de\/wp-json\/wp\/v2\/product_cat?post=24281"},{"taxonomy":"product_tag","embeddable":true,"href":"https:\/\/www.enkatarim.com\/de\/wp-json\/wp\/v2\/product_tag?post=24281"}],"curies":[{"name":"wp","href":"https:\/\/api.w.org\/{rel}","templated":true}]}}