{"id":24249,"date":"2025-10-07T14:49:57","date_gmt":"2025-10-07T11:49:57","guid":{"rendered":"https:\/\/www.enkatarim.com\/?post_type=product&#038;p=24249"},"modified":"2025-11-19T08:33:49","modified_gmt":"2025-11-19T05:33:49","slug":"miknatis-ve-ilac-yutturma-sondasi-mavi-elcikli-65-cm-38x120-mm-43465","status":"publish","type":"product","link":"https:\/\/www.enkatarim.com\/de\/urun\/miknatis-ve-ilac-yutturma-sondasi-mavi-elcikli-65-cm-38x120-mm-43465","title":{"rendered":"Magnet- und Medikamentenschlucksonde, blauer Griff, 65 cm, 38\u00d7120 mm"},"content":{"rendered":"<ul>\n<li data-start=\"528\" data-end=\"550\">\n<p data-start=\"530\" data-end=\"550\">65 cm<\/p>\n<\/li>\n<li data-start=\"551\" data-end=\"574\">\n<p data-start=\"553\" data-end=\"574\">Durchmesser: 3,8 cm<\/p>\n<\/li>\n<li data-start=\"575\" data-end=\"597\">\n<p data-start=\"577\" data-end=\"597\">Kapsell\u00e4nge: 12 cm<\/p>\n<\/li>\n<li data-start=\"598\" data-end=\"611\">\n<p data-start=\"600\" data-end=\"611\">Edelstahl<\/p>\n<\/li>\n<li data-start=\"612\" data-end=\"649\">\n<p data-start=\"614\" data-end=\"649\">F\u00fcr einh\u00e4ndige Bedienung geeignet<\/p>\n<\/li>\n<\/ul>\n","protected":false},"excerpt":{"rendered":"<p>65 cm Durchmesser: 3,8 cm Kapsell\u00e4nge: 12 cm Edelstahl F\u00fcr einh\u00e4ndige Bedienung geeignet<\/p>\n","protected":false},"featured_media":24250,"template":"","meta":{"_eb_attr":"","_kadence_starter_templates_imported_post":false,"_kad_post_transparent":"default","_kad_post_title":"","_kad_post_layout":"default","_kad_post_sidebar_id":"","_kad_post_content_style":"default","_kad_post_vertical_padding":"default","_kad_post_feature":"","_kad_post_feature_position":"","_kad_post_header":false,"_kad_post_footer":false,"_kad_post_classname":""},"product_brand":[],"product_cat":[1051,1377,1052],"product_tag":[],"class_list":{"0":"post-24249","1":"product","2":"type-product","3":"status-publish","4":"has-post-thumbnail","6":"product_cat-ciftlik-ve-hayvancilik-ekipmanlari","7":"product_cat-miknatis-yutturma-sondalari","8":"product_cat-sigir-yetistiriciligi","10":"first","11":"instock","12":"shipping-taxable","13":"product-type-simple","14":"entry","15":"content-bg","16":"loop-entry"},"_links":{"self":[{"href":"https:\/\/www.enkatarim.com\/de\/wp-json\/wp\/v2\/product\/24249","targetHints":{"allow":["GET"]}}],"collection":[{"href":"https:\/\/www.enkatarim.com\/de\/wp-json\/wp\/v2\/product"}],"about":[{"href":"https:\/\/www.enkatarim.com\/de\/wp-json\/wp\/v2\/types\/product"}],"wp:featuredmedia":[{"embeddable":true,"href":"https:\/\/www.enkatarim.com\/de\/wp-json\/wp\/v2\/media\/24250"}],"wp:attachment":[{"href":"https:\/\/www.enkatarim.com\/de\/wp-json\/wp\/v2\/media?parent=24249"}],"wp:term":[{"taxonomy":"product_brand","embeddable":true,"href":"https:\/\/www.enkatarim.com\/de\/wp-json\/wp\/v2\/product_brand?post=24249"},{"taxonomy":"product_cat","embeddable":true,"href":"https:\/\/www.enkatarim.com\/de\/wp-json\/wp\/v2\/product_cat?post=24249"},{"taxonomy":"product_tag","embeddable":true,"href":"https:\/\/www.enkatarim.com\/de\/wp-json\/wp\/v2\/product_tag?post=24249"}],"curies":[{"name":"wp","href":"https:\/\/api.w.org\/{rel}","templated":true}]}}