{"id":24152,"date":"2025-07-17T14:16:55","date_gmt":"2025-07-17T11:16:55","guid":{"rendered":"https:\/\/www.enkatarim.com\/?post_type=product&#038;p=24152"},"modified":"2025-07-17T14:50:10","modified_gmt":"2025-07-17T11:50:10","slug":"cit-ecokill-inox-sinek-oldurucu-47130","status":"publish","type":"product","link":"https:\/\/www.enkatarim.com\/de\/urun\/cit-ecokill-inox-sinek-oldurucu-47130","title":{"rendered":"cit Fliegenvernichter EcoKill Inox"},"content":{"rendered":"<ul>\n<li data-start=\"1368\" data-end=\"2130\">Spritzwassergesch\u00fctzter elektronischer Insektenvernichter.<\/li>\n<li data-start=\"1368\" data-end=\"2130\">Mit der Schutzklasse IPX4 bietet er ausreichend Schutz vor Fliegen in St\u00e4llen, Au\u00dfenbereichen oder \u00fcberall dort, wo eine bestimmte Luftfeuchtigkeit nicht \u00fcberschritten wird.<\/li>\n<li data-start=\"1368\" data-end=\"2130\">T\u00dcV-GS zertifiziert.<\/li>\n<\/ul>\n<p data-start=\"1368\" data-end=\"2130\">cit Insect EcoKill Inox ist eine effektive und zugleich umweltfreundliche L\u00f6sung gegen fliegende Insekten, die als eines der gr\u00f6\u00dften Probleme auf Bauernh\u00f6fen gelten und verschiedene Sch\u00e4den verursachen. Das Geh\u00e4use aus rostfreiem Edelstahl sorgt f\u00fcr eine langlebige Nutzung sowohl im Innen- als auch im Au\u00dfenbereich (bis zu einer bestimmten Luftfeuchtigkeit). Die UV-Lampe zieht fliegende Insekten an, w\u00e4hrend die chemikalienfreie Funktionsweise einen sicheren Einsatz erm\u00f6glicht \u2013 auch in Melkst\u00e4nden.<\/p>\n<p data-start=\"2132\" data-end=\"2395\">cit Insect EcoKill ist ideal f\u00fcr den Einsatz in Bereichen, in denen Hygiene oberste Priorit\u00e4t hat, wie z.\u202fB. auf Bauernh\u00f6fen, in St\u00e4llen, Kantinen oder in der Lebensmittelproduktion. Es ist einfach zu installieren, arbeitet ger\u00e4uschlos und ist wartungsfreundlich.<\/p>\n<p data-start=\"2397\" data-end=\"2577\">F\u00fcr alle, die eine ges\u00fcndere und komfortablere Umgebung frei von sch\u00e4dlichen fliegenden Insekten schaffen m\u00f6chten, ist cit Insect EcoKill Inox die richtige und zuverl\u00e4ssige L\u00f6sung.<\/p>\n<p data-start=\"2397\" data-end=\"2577\">\n<table id=\"tablepress-429\" class=\"tablepress tablepress-id-429\">\n<tbody class=\"row-striping row-hover\">\n<tr class=\"row-1\">\n\t<td class=\"column-1\">Spannung<\/td><td class=\"column-2\">220 - 230V 50Hz<\/td>\n<\/tr>\n<tr class=\"row-2\">\n\t<td class=\"column-1\">Effektiver Wirkungsbereich<\/td><td class=\"column-2\">150 m\u00b2<\/td>\n<\/tr>\n<tr class=\"row-3\">\n\t<td class=\"column-1\">Geh\u00e4usematerial<\/td><td class=\"column-2\">Edelstahl<\/td>\n<\/tr>\n<tr class=\"row-4\">\n\t<td class=\"column-1\">Abmessungen<\/td><td class=\"column-2\">6 x 11.5 x 32.5 cm<\/td>\n<\/tr>\n<tr class=\"row-5\">\n\t<td class=\"column-1\">Schutzklasse<\/td><td class=\"column-2\">IPX4<\/td>\n<\/tr>\n<\/tbody>\n<\/table>\n<!-- #tablepress-429 from cache --><\/p>\n","protected":false},"excerpt":{"rendered":"<p>Alle Insektenfallen sind ungiftig und f\u00fcr Menschen harmlos.<\/p>\n","protected":false},"featured_media":24168,"template":"","meta":{"_eb_attr":"","_kadence_starter_templates_imported_post":false,"_kad_post_transparent":"default","_kad_post_title":"","_kad_post_layout":"default","_kad_post_sidebar_id":"","_kad_post_content_style":"default","_kad_post_vertical_padding":"default","_kad_post_feature":"","_kad_post_feature_position":"","_kad_post_header":false,"_kad_post_footer":false,"_kad_post_classname":""},"product_brand":[],"product_cat":[1051,1214,1215],"product_tag":[],"class_list":{"0":"post-24152","1":"product","2":"type-product","3":"status-publish","4":"has-post-thumbnail","6":"product_cat-ciftlik-ve-hayvancilik-ekipmanlari","7":"product_cat-hasere-ile-mucade","8":"product_cat-sinek-kovucular","10":"first","11":"instock","12":"shipping-taxable","13":"product-type-simple","14":"entry","15":"content-bg","16":"loop-entry"},"_links":{"self":[{"href":"https:\/\/www.enkatarim.com\/de\/wp-json\/wp\/v2\/product\/24152","targetHints":{"allow":["GET"]}}],"collection":[{"href":"https:\/\/www.enkatarim.com\/de\/wp-json\/wp\/v2\/product"}],"about":[{"href":"https:\/\/www.enkatarim.com\/de\/wp-json\/wp\/v2\/types\/product"}],"wp:featuredmedia":[{"embeddable":true,"href":"https:\/\/www.enkatarim.com\/de\/wp-json\/wp\/v2\/media\/24168"}],"wp:attachment":[{"href":"https:\/\/www.enkatarim.com\/de\/wp-json\/wp\/v2\/media?parent=24152"}],"wp:term":[{"taxonomy":"product_brand","embeddable":true,"href":"https:\/\/www.enkatarim.com\/de\/wp-json\/wp\/v2\/product_brand?post=24152"},{"taxonomy":"product_cat","embeddable":true,"href":"https:\/\/www.enkatarim.com\/de\/wp-json\/wp\/v2\/product_cat?post=24152"},{"taxonomy":"product_tag","embeddable":true,"href":"https:\/\/www.enkatarim.com\/de\/wp-json\/wp\/v2\/product_tag?post=24152"}],"curies":[{"name":"wp","href":"https:\/\/api.w.org\/{rel}","templated":true}]}}