{"id":24149,"date":"2025-07-17T10:56:01","date_gmt":"2025-07-17T07:56:01","guid":{"rendered":"https:\/\/www.enkatarim.com\/?post_type=product&#038;p=24149"},"modified":"2026-02-18T14:27:00","modified_gmt":"2026-02-18T11:27:00","slug":"beechwood-tar-kayin-katrani-kremi-1-kg-40240","status":"publish","type":"product","link":"https:\/\/www.enkatarim.com\/de\/urun\/beechwood-tar-kayin-katrani-kremi-1-kg-40240","title":{"rendered":"Buchenholzteer TarPaste, 1 kg"},"content":{"rendered":"<ul>\n<li class=\"smlP\">dickfl\u00fcssiger, hochwertiger Buchenholzteer<\/li>\n<li class=\"smlP\">altbew\u00e4hrtes Mittel zur Huf- und Klauenpflege<\/li>\n<li>\n<p data-start=\"1205\" data-end=\"1445\">Die Teer-Paste ist ein nat\u00fcrliches Antiseptikum und daher ein wirksames Produkt zur Klauenpflege bei Nutztieren. Der enthaltene Buchenholzteer sch\u00fctzt die Klauenoberfl\u00e4che vor \u00e4u\u00dferen Einfl\u00fcssen und beugt gleichzeitig neuen Infektionen vor.<\/p>\n<\/li>\n<li>\n<p data-start=\"1205\" data-end=\"1445\">Die Paste wird besonders bei intensiver Pflege von Hufsch\u00e4den oder Problemen wie Fu\u00dfpilz eingesetzt.<\/p>\n<\/li>\n<li>\n<p data-start=\"1205\" data-end=\"1445\">Die Anwendung ist sehr einfach: Tragen Sie die Paste direkt auf die betroffene Stelle des Hufs auf, wo sie eine sch\u00fctzende Schicht bildet, die den Bereich von \u00e4u\u00dferen Einfl\u00fcssen abschirmt.<\/p>\n<\/li>\n<li>\n<p data-start=\"1205\" data-end=\"1445\">Bei regelm\u00e4\u00dfiger Anwendung unterst\u00fctzt die Paste die Gesundheit der Tierf\u00fc\u00dfe. Ihre nat\u00fcrliche Zusammensetzung aus Buchenholzteer ist umweltfreundlich und f\u00fcr Tiere unbedenklich \u2013 auch f\u00fcr Milchk\u00fche im t\u00e4glichen Gebrauch geeignet.<\/p>\n<\/li>\n<\/ul>\n","protected":false},"excerpt":{"rendered":"<p>dickfl\u00fcssiger, hochwertiger Buchenholzteer altbew\u00e4hrtes Mittel zur Huf- und Klauenpflege Die Teer-Paste ist ein nat\u00fcrliches Antiseptikum und daher ein wirksames Produkt zur Klauenpflege bei Nutztieren. Der enthaltene Buchenholzteer sch\u00fctzt die Klauenoberfl\u00e4che vor \u00e4u\u00dferen Einfl\u00fcssen und beugt gleichzeitig neuen Infektionen vor. Die Paste wird besonders bei intensiver Pflege von Hufsch\u00e4den oder Problemen wie Fu\u00dfpilz eingesetzt. Die Anwendung&#8230;<\/p>\n","protected":false},"featured_media":24150,"template":"","meta":{"_eb_attr":"","_kadence_starter_templates_imported_post":false,"_kad_post_transparent":"default","_kad_post_title":"","_kad_post_layout":"default","_kad_post_sidebar_id":"","_kad_post_content_style":"default","_kad_post_vertical_padding":"default","_kad_post_feature":"","_kad_post_feature_position":"","_kad_post_header":false,"_kad_post_footer":false,"_kad_post_classname":""},"product_brand":[],"product_cat":[1332,1051,1650],"product_tag":[],"class_list":{"0":"post-24149","1":"product","2":"type-product","3":"status-publish","4":"has-post-thumbnail","6":"product_cat-ayak-bakim-urunleri","7":"product_cat-ciftlik-ve-hayvancilik-ekipmanlari","8":"product_cat-katran-macunlari","10":"first","11":"instock","12":"shipping-taxable","13":"product-type-simple","14":"entry","15":"content-bg","16":"loop-entry"},"_links":{"self":[{"href":"https:\/\/www.enkatarim.com\/de\/wp-json\/wp\/v2\/product\/24149","targetHints":{"allow":["GET"]}}],"collection":[{"href":"https:\/\/www.enkatarim.com\/de\/wp-json\/wp\/v2\/product"}],"about":[{"href":"https:\/\/www.enkatarim.com\/de\/wp-json\/wp\/v2\/types\/product"}],"wp:featuredmedia":[{"embeddable":true,"href":"https:\/\/www.enkatarim.com\/de\/wp-json\/wp\/v2\/media\/24150"}],"wp:attachment":[{"href":"https:\/\/www.enkatarim.com\/de\/wp-json\/wp\/v2\/media?parent=24149"}],"wp:term":[{"taxonomy":"product_brand","embeddable":true,"href":"https:\/\/www.enkatarim.com\/de\/wp-json\/wp\/v2\/product_brand?post=24149"},{"taxonomy":"product_cat","embeddable":true,"href":"https:\/\/www.enkatarim.com\/de\/wp-json\/wp\/v2\/product_cat?post=24149"},{"taxonomy":"product_tag","embeddable":true,"href":"https:\/\/www.enkatarim.com\/de\/wp-json\/wp\/v2\/product_tag?post=24149"}],"curies":[{"name":"wp","href":"https:\/\/api.w.org\/{rel}","templated":true}]}}