{"id":24061,"date":"2025-04-25T12:50:09","date_gmt":"2025-04-25T09:50:09","guid":{"rendered":"https:\/\/www.enkatarim.com\/?post_type=product&#038;p=24061"},"modified":"2025-04-25T12:58:34","modified_gmt":"2025-04-25T09:58:34","slug":"calf-drencher-kolay-icirme-biberonu-2-5-lt-37304","status":"publish","type":"product","link":"https:\/\/www.enkatarim.com\/de\/urun\/calf-drencher-kolay-icirme-biberonu-2-5-lt-37304","title":{"rendered":"K\u00e4lber-Drencer Easy Drencer 2,5 l"},"content":{"rendered":"<ul>\n<li>2,5 l<\/li>\n<li>52 cm Sondenl\u00e4nge<\/li>\n<li>3-stufiges Ventil zur Anpassung der Trinkgeschwindigkeit<\/li>\n<li>Gro\u00dfe Flaschen\u00f6ffnung f\u00fcr einfache Reinigung<\/li>\n<\/ul>\n","protected":false},"excerpt":{"rendered":"<p>2,5 l 52 cm Sondenl\u00e4nge 3-stufiges Ventil zur Anpassung der Trinkgeschwindigkeit Gro\u00dfe Flaschen\u00f6ffnung f\u00fcr einfache Reinigung<\/p>\n","protected":false},"featured_media":24062,"template":"","meta":{"_eb_attr":"","_kadence_starter_templates_imported_post":false,"_kad_post_transparent":"default","_kad_post_title":"","_kad_post_layout":"default","_kad_post_sidebar_id":"","_kad_post_content_style":"default","_kad_post_vertical_padding":"default","_kad_post_feature":"","_kad_post_feature_position":"","_kad_post_header":false,"_kad_post_footer":false,"_kad_post_classname":""},"product_brand":[],"product_cat":[1060,1061,1052],"product_tag":[],"class_list":{"0":"post-24061","1":"product","2":"type-product","3":"status-publish","4":"has-post-thumbnail","6":"product_cat-biberonlar","7":"product_cat-buzagi-biberonlari","8":"product_cat-sigir-yetistiriciligi","10":"first","11":"instock","12":"shipping-taxable","13":"product-type-simple","14":"entry","15":"content-bg","16":"loop-entry"},"_links":{"self":[{"href":"https:\/\/www.enkatarim.com\/de\/wp-json\/wp\/v2\/product\/24061","targetHints":{"allow":["GET"]}}],"collection":[{"href":"https:\/\/www.enkatarim.com\/de\/wp-json\/wp\/v2\/product"}],"about":[{"href":"https:\/\/www.enkatarim.com\/de\/wp-json\/wp\/v2\/types\/product"}],"wp:featuredmedia":[{"embeddable":true,"href":"https:\/\/www.enkatarim.com\/de\/wp-json\/wp\/v2\/media\/24062"}],"wp:attachment":[{"href":"https:\/\/www.enkatarim.com\/de\/wp-json\/wp\/v2\/media?parent=24061"}],"wp:term":[{"taxonomy":"product_brand","embeddable":true,"href":"https:\/\/www.enkatarim.com\/de\/wp-json\/wp\/v2\/product_brand?post=24061"},{"taxonomy":"product_cat","embeddable":true,"href":"https:\/\/www.enkatarim.com\/de\/wp-json\/wp\/v2\/product_cat?post=24061"},{"taxonomy":"product_tag","embeddable":true,"href":"https:\/\/www.enkatarim.com\/de\/wp-json\/wp\/v2\/product_tag?post=24061"}],"curies":[{"name":"wp","href":"https:\/\/api.w.org\/{rel}","templated":true}]}}