{"id":23996,"date":"2025-04-08T13:48:21","date_gmt":"2025-04-08T10:48:21","guid":{"rendered":"https:\/\/www.enkatarim.com\/?post_type=product&#038;p=23996"},"modified":"2025-04-08T13:56:37","modified_gmt":"2025-04-08T10:56:37","slug":"ekonomik-emmesavar-buyuk-boy-40302","status":"publish","type":"product","link":"https:\/\/www.enkatarim.com\/de\/urun\/ekonomik-emmesavar-buyuk-boy-40302","title":{"rendered":"Viehsaugentw\u00f6hner f\u00fcr k\u00e4lber und jungvieh, gro\u00dfe Gr\u00f6\u00dfe"},"content":{"rendered":"<ul>\n<li>122 x 100 mm (von Ende zu Ende)<\/li>\n<li>Verschiedene einstellbare<\/li>\n<\/ul>\n<p>Saughemmende Vorrichtungen mit nach au\u00dfen geneigter Form; Sie werden verwendet, um zu verhindern, dass K\u00e4lber oder junge Rinder Milch von der Mutter saugen. Sie werden an der Nase des Kalbes befestigt und bilden eine Schicht vor seinem Mund, die verhindert, dass es von seiner Mutter saugt.<\/p>\n<p>Mit seiner leicht verstellbaren Mutter kann es problemlos bei Tieren jeder Gr\u00f6\u00dfe verwendet werden.<\/p>\n","protected":false},"excerpt":{"rendered":"<p>122 x 100 mm (von Ende zu Ende) Verschiedene einstellbare Saughemmende Vorrichtungen mit nach au\u00dfen geneigter Form; Sie werden verwendet, um zu verhindern, dass K\u00e4lber oder junge Rinder Milch von der Mutter saugen. Sie werden an der Nase des Kalbes befestigt und bilden eine Schicht vor seinem Mund, die verhindert, dass es von seiner Mutter&#8230;<\/p>\n","protected":false},"featured_media":23998,"template":"","meta":{"_eb_attr":"","_kadence_starter_templates_imported_post":false,"_kad_post_transparent":"default","_kad_post_title":"","_kad_post_layout":"default","_kad_post_sidebar_id":"","_kad_post_content_style":"default","_kad_post_vertical_padding":"default","_kad_post_feature":"","_kad_post_feature_position":"","_kad_post_header":false,"_kad_post_footer":false,"_kad_post_classname":""},"product_brand":[],"product_cat":[1051,1379],"product_tag":[],"class_list":{"0":"post-23996","1":"product","2":"type-product","3":"status-publish","4":"has-post-thumbnail","6":"product_cat-ciftlik-ve-hayvancilik-ekipmanlari","7":"product_cat-emmesavarlar","9":"first","10":"instock","11":"shipping-taxable","12":"product-type-simple","13":"entry","14":"content-bg","15":"loop-entry"},"_links":{"self":[{"href":"https:\/\/www.enkatarim.com\/de\/wp-json\/wp\/v2\/product\/23996","targetHints":{"allow":["GET"]}}],"collection":[{"href":"https:\/\/www.enkatarim.com\/de\/wp-json\/wp\/v2\/product"}],"about":[{"href":"https:\/\/www.enkatarim.com\/de\/wp-json\/wp\/v2\/types\/product"}],"wp:featuredmedia":[{"embeddable":true,"href":"https:\/\/www.enkatarim.com\/de\/wp-json\/wp\/v2\/media\/23998"}],"wp:attachment":[{"href":"https:\/\/www.enkatarim.com\/de\/wp-json\/wp\/v2\/media?parent=23996"}],"wp:term":[{"taxonomy":"product_brand","embeddable":true,"href":"https:\/\/www.enkatarim.com\/de\/wp-json\/wp\/v2\/product_brand?post=23996"},{"taxonomy":"product_cat","embeddable":true,"href":"https:\/\/www.enkatarim.com\/de\/wp-json\/wp\/v2\/product_cat?post=23996"},{"taxonomy":"product_tag","embeddable":true,"href":"https:\/\/www.enkatarim.com\/de\/wp-json\/wp\/v2\/product_tag?post=23996"}],"curies":[{"name":"wp","href":"https:\/\/api.w.org\/{rel}","templated":true}]}}