{"id":22034,"date":"2023-05-31T07:22:57","date_gmt":"2023-05-31T07:22:57","guid":{"rendered":"https:\/\/enkatarim.com\/?post_type=product&#038;p=22034"},"modified":"2023-05-31T07:22:57","modified_gmt":"2023-05-31T07:22:57","slug":"trmekanik-pulsatorlu-sagimhaneenmilking-parlor-with-pneumatic-pulsatordemelkstand-mit-pneumatischem-pulsatorfrsalle-de-traite-avec-pulsateur-pneumatiqueessala-de-ordeno-con-pulsador-neu","status":"publish","type":"product","link":"https:\/\/www.enkatarim.com\/de\/urun\/trmekanik-pulsatorlu-sagimhaneenmilking-parlor-with-pneumatic-pulsatordemelkstand-mit-pneumatischem-pulsatorfrsalle-de-traite-avec-pulsateur-pneumatiqueessala-de-ordeno-con-pulsador-neu","title":{"rendered":"Mekanik pulsat\u00f6rl\u00fc sa\u011f\u0131mhane"},"content":{"rendered":"","protected":false},"excerpt":{"rendered":"","protected":false},"featured_media":0,"template":"","meta":{"_eb_attr":"","_kadence_starter_templates_imported_post":false,"_kad_post_transparent":"","_kad_post_title":"","_kad_post_layout":"","_kad_post_sidebar_id":"","_kad_post_content_style":"","_kad_post_vertical_padding":"","_kad_post_feature":"","_kad_post_feature_position":"","_kad_post_header":false,"_kad_post_footer":false,"_kad_post_classname":""},"product_brand":[],"product_cat":[25],"product_tag":[],"class_list":{"0":"post-22034","1":"product","2":"type-product","3":"status-publish","5":"product_cat-genel","7":"first","8":"instock","9":"shipping-taxable","10":"product-type-simple","11":"entry","12":"content-bg","13":"loop-entry"},"_links":{"self":[{"href":"https:\/\/www.enkatarim.com\/de\/wp-json\/wp\/v2\/product\/22034","targetHints":{"allow":["GET"]}}],"collection":[{"href":"https:\/\/www.enkatarim.com\/de\/wp-json\/wp\/v2\/product"}],"about":[{"href":"https:\/\/www.enkatarim.com\/de\/wp-json\/wp\/v2\/types\/product"}],"wp:attachment":[{"href":"https:\/\/www.enkatarim.com\/de\/wp-json\/wp\/v2\/media?parent=22034"}],"wp:term":[{"taxonomy":"product_brand","embeddable":true,"href":"https:\/\/www.enkatarim.com\/de\/wp-json\/wp\/v2\/product_brand?post=22034"},{"taxonomy":"product_cat","embeddable":true,"href":"https:\/\/www.enkatarim.com\/de\/wp-json\/wp\/v2\/product_cat?post=22034"},{"taxonomy":"product_tag","embeddable":true,"href":"https:\/\/www.enkatarim.com\/de\/wp-json\/wp\/v2\/product_tag?post=22034"}],"curies":[{"name":"wp","href":"https:\/\/api.w.org\/{rel}","templated":true}]}}