{"id":21851,"date":"2023-05-25T11:51:22","date_gmt":"2023-05-25T11:51:22","guid":{"rendered":"https:\/\/enkatarim.com\/?post_type=product&#038;p=21851"},"modified":"2025-04-25T10:30:40","modified_gmt":"2025-04-25T07:30:40","slug":"25-kg-ayakli-broyler-yemlik-60607","status":"publish","type":"product","link":"https:\/\/www.enkatarim.com\/de\/urun\/25-kg-ayakli-broyler-yemlik-60607","title":{"rendered":"25 kg Masth\u00e4hnchenfutterautomat, mit F\u00fc\u00dfen"},"content":{"rendered":"<ul>\n<li>25 Liter<\/li>\n<li>Kunststoff<\/li>\n<li>Lebensmittelecht<\/li>\n<li>Aufh\u00e4ngbar<\/li>\n<li>Mit St\u00e4nder<\/li>\n<li>Mit Schwimmerventil<\/li>\n<\/ul>\n","protected":false},"excerpt":{"rendered":"<p>25 Liter Kunststoff Lebensmittelecht Aufh\u00e4ngbar Mit St\u00e4nder Mit Schwimmerventil<\/p>\n","protected":false},"featured_media":0,"template":"","meta":{"_eb_attr":"","_kadence_starter_templates_imported_post":false,"_kad_post_transparent":"default","_kad_post_title":"","_kad_post_layout":"default","_kad_post_sidebar_id":"","_kad_post_content_style":"default","_kad_post_vertical_padding":"default","_kad_post_feature":"","_kad_post_feature_position":"","_kad_post_header":false,"_kad_post_footer":false,"_kad_post_classname":""},"product_brand":[],"product_cat":[1051,1402,1405,1403],"product_tag":[],"class_list":{"0":"post-21851","1":"product","2":"type-product","3":"status-publish","5":"product_cat-ciftlik-ve-hayvancilik-ekipmanlari","6":"product_cat-kumes-hayvanlari-ekipmanlari","7":"product_cat-plastik-yemlikler","8":"product_cat-yemlikler","10":"first","11":"instock","12":"shipping-taxable","13":"product-type-simple","14":"entry","15":"content-bg","16":"loop-entry"},"_links":{"self":[{"href":"https:\/\/www.enkatarim.com\/de\/wp-json\/wp\/v2\/product\/21851","targetHints":{"allow":["GET"]}}],"collection":[{"href":"https:\/\/www.enkatarim.com\/de\/wp-json\/wp\/v2\/product"}],"about":[{"href":"https:\/\/www.enkatarim.com\/de\/wp-json\/wp\/v2\/types\/product"}],"wp:attachment":[{"href":"https:\/\/www.enkatarim.com\/de\/wp-json\/wp\/v2\/media?parent=21851"}],"wp:term":[{"taxonomy":"product_brand","embeddable":true,"href":"https:\/\/www.enkatarim.com\/de\/wp-json\/wp\/v2\/product_brand?post=21851"},{"taxonomy":"product_cat","embeddable":true,"href":"https:\/\/www.enkatarim.com\/de\/wp-json\/wp\/v2\/product_cat?post=21851"},{"taxonomy":"product_tag","embeddable":true,"href":"https:\/\/www.enkatarim.com\/de\/wp-json\/wp\/v2\/product_tag?post=21851"}],"curies":[{"name":"wp","href":"https:\/\/api.w.org\/{rel}","templated":true}]}}