{"id":20598,"date":"2023-03-13T14:05:34","date_gmt":"2023-03-13T14:05:34","guid":{"rendered":"https:\/\/enkatarim.com\/?post_type=product&#038;p=20598"},"modified":"2023-06-08T13:59:21","modified_gmt":"2023-06-08T13:59:21","slug":"300-lt-sut-kabul-tanki-53200","status":"publish","type":"product","link":"https:\/\/www.enkatarim.com\/de\/urun\/300-lt-sut-kabul-tanki-53200","title":{"rendered":"300 l Milchaufnahmetank"},"content":{"rendered":"<ul>\n<li>Ma\u00dfe (ohne Loadcell): 83 x 112 x 68 cm<\/li>\n<li>Ma\u00dfe (mit Loadcell): 83 x 112 x 78 cm<\/li>\n<li>Ma\u00dfe (mit Anzeigeabdeckung): 83 x 112 x 138 cm<\/li>\n<li>Gewicht (mit Transferpumpe und Schlauch): 71,5 kg<\/li>\n<li>Gewicht: 55 kg<\/li>\n<li>1,5 mm AISI 304 Qualit\u00e4ts-Edelstahlblech<\/li>\n<li>4 Edelstahl-Loadcells und Edelstahl-Anzeige<\/li>\n<li>Edelstahl DN40 Ausziehventil f\u00fcr Milchauslass<\/li>\n<li>80 Mesh-Edelstahlsieb (80 Mesh = 177 Mikron = 0,177 mm)<\/li>\n<li>Drucker<\/li>\n<li>0,75 kW 220V 3000 lt\/h Edelstahl-Transferpumpe<\/li>\n<li>Lebensmittelechter Edelstahl-Drahtschlauch mit \u00d8 38 mm Durchmesser und 50 cm L\u00e4nge<\/li>\n<\/ul>\n","protected":false},"excerpt":{"rendered":"<p>Der Milchannahmetank wird verwendet, um die erste Milch anzunehmen, die an Orten mit mehreren Milchank\u00e4ufen oder -verk\u00e4ufen gekauft oder verkauft wird (zum Beispiel gro\u00dfe Milchviehbetriebe oder Milchsammelstellen), und um festzustellen, wie viele Liter Milch es sind.<\/p>\n<p>Dank der enthaltenen W\u00e4gezellen und Anzeige zeigt er den Milchliter und das Datum, an dem er entnommen wurde. Um die Liter- und Datumsinformationen zu speichern, k\u00f6nnen diese \u00fcber den Drucker ausgedruckt und dem Kunden\/Vertriebsmitarbeiter des Unternehmens \u00fcbergeben werden.<\/p>\n<p>Der Produktinhalt umfasst ein Druckerger\u00e4t, das das Papier mit den Liter- und Datumsinformationen ausdruckt, sowie eine Edelstahl-Umf\u00fcllpumpe, die die aus dem Beh\u00e4lter eingef\u00fcllte Milch sendet.<\/p>\n","protected":false},"featured_media":20600,"template":"","meta":{"_eb_attr":"","_kadence_starter_templates_imported_post":false,"_kad_post_transparent":"default","_kad_post_title":"","_kad_post_layout":"default","_kad_post_sidebar_id":"","_kad_post_content_style":"default","_kad_post_vertical_padding":"default","_kad_post_feature":"","_kad_post_feature_position":"","_kad_post_header":false,"_kad_post_footer":false,"_kad_post_classname":""},"product_brand":[],"product_cat":[1509],"product_tag":[],"class_list":{"0":"post-20598","1":"product","2":"type-product","3":"status-publish","4":"has-post-thumbnail","6":"product_cat-sut-kabul-tanklari","8":"first","9":"instock","10":"shipping-taxable","11":"product-type-simple","12":"entry","13":"content-bg","14":"loop-entry"},"_links":{"self":[{"href":"https:\/\/www.enkatarim.com\/de\/wp-json\/wp\/v2\/product\/20598","targetHints":{"allow":["GET"]}}],"collection":[{"href":"https:\/\/www.enkatarim.com\/de\/wp-json\/wp\/v2\/product"}],"about":[{"href":"https:\/\/www.enkatarim.com\/de\/wp-json\/wp\/v2\/types\/product"}],"wp:featuredmedia":[{"embeddable":true,"href":"https:\/\/www.enkatarim.com\/de\/wp-json\/wp\/v2\/media\/20600"}],"wp:attachment":[{"href":"https:\/\/www.enkatarim.com\/de\/wp-json\/wp\/v2\/media?parent=20598"}],"wp:term":[{"taxonomy":"product_brand","embeddable":true,"href":"https:\/\/www.enkatarim.com\/de\/wp-json\/wp\/v2\/product_brand?post=20598"},{"taxonomy":"product_cat","embeddable":true,"href":"https:\/\/www.enkatarim.com\/de\/wp-json\/wp\/v2\/product_cat?post=20598"},{"taxonomy":"product_tag","embeddable":true,"href":"https:\/\/www.enkatarim.com\/de\/wp-json\/wp\/v2\/product_tag?post=20598"}],"curies":[{"name":"wp","href":"https:\/\/api.w.org\/{rel}","templated":true}]}}