{"id":20432,"date":"2023-03-07T15:11:51","date_gmt":"2023-03-07T15:11:51","guid":{"rendered":"https:\/\/enkatarim.com\/?post_type=product&#038;p=20432"},"modified":"2023-06-08T13:59:21","modified_gmt":"2023-06-08T13:59:21","slug":"70-lt-duz-paslanmaz-celik-yikama-kuveti-27312","status":"publish","type":"product","link":"https:\/\/www.enkatarim.com\/de\/urun\/70-lt-duz-paslanmaz-celik-yikama-kuveti-27312","title":{"rendered":"70 lt d\u00fcz paslanmaz \u00e7elik y\u0131kama k\u00fcveti"},"content":{"rendered":"<ul>\n<li>70 lt<\/li>\n<li>32 x 71.5 x 41 cm<\/li>\n<li>Edelstahl<\/li>\n<li>Flach<\/li>\n<li>Wird in den Waschanlagen von mobilen Melkwagen verwendet.<\/li>\n<\/ul>\n","protected":false},"excerpt":{"rendered":"<p>70 lt 32 x 71.5 x 41 cm Edelstahl Flach Wird in den Waschanlagen von mobilen Melkwagen verwendet.<\/p>\n","protected":false},"featured_media":18070,"template":"","meta":{"_eb_attr":"","_kadence_starter_templates_imported_post":false,"_kad_post_transparent":"","_kad_post_title":"","_kad_post_layout":"","_kad_post_sidebar_id":"","_kad_post_content_style":"","_kad_post_vertical_padding":"","_kad_post_feature":"","_kad_post_feature_position":"","_kad_post_header":false,"_kad_post_footer":false,"_kad_post_classname":""},"product_brand":[],"product_cat":[1017,1459],"product_tag":[],"class_list":{"0":"post-20432","1":"product","2":"type-product","3":"status-publish","4":"has-post-thumbnail","6":"product_cat-sut-endustrisi","7":"product_cat-yikama-sistemi-parcalari","9":"first","10":"instock","11":"shipping-taxable","12":"product-type-simple","13":"entry","14":"content-bg","15":"loop-entry"},"_links":{"self":[{"href":"https:\/\/www.enkatarim.com\/de\/wp-json\/wp\/v2\/product\/20432","targetHints":{"allow":["GET"]}}],"collection":[{"href":"https:\/\/www.enkatarim.com\/de\/wp-json\/wp\/v2\/product"}],"about":[{"href":"https:\/\/www.enkatarim.com\/de\/wp-json\/wp\/v2\/types\/product"}],"wp:featuredmedia":[{"embeddable":true,"href":"https:\/\/www.enkatarim.com\/de\/wp-json\/wp\/v2\/media\/18070"}],"wp:attachment":[{"href":"https:\/\/www.enkatarim.com\/de\/wp-json\/wp\/v2\/media?parent=20432"}],"wp:term":[{"taxonomy":"product_brand","embeddable":true,"href":"https:\/\/www.enkatarim.com\/de\/wp-json\/wp\/v2\/product_brand?post=20432"},{"taxonomy":"product_cat","embeddable":true,"href":"https:\/\/www.enkatarim.com\/de\/wp-json\/wp\/v2\/product_cat?post=20432"},{"taxonomy":"product_tag","embeddable":true,"href":"https:\/\/www.enkatarim.com\/de\/wp-json\/wp\/v2\/product_tag?post=20432"}],"curies":[{"name":"wp","href":"https:\/\/api.w.org\/{rel}","templated":true}]}}