{"id":20420,"date":"2023-03-07T15:11:33","date_gmt":"2023-03-07T15:11:33","guid":{"rendered":"https:\/\/enkatarim.com\/?post_type=product&#038;p=20420"},"modified":"2023-06-13T11:06:05","modified_gmt":"2023-06-13T11:06:05","slug":"520-lt-acik-tip-sut-sogutma-tanki-2-sagim-trifaze-59055","status":"publish","type":"product","link":"https:\/\/www.enkatarim.com\/de\/urun\/520-lt-acik-tip-sut-sogutma-tanki-2-sagim-trifaze-59055","title":{"rendered":"520 lt a\u00e7\u0131k tip s\u00fct so\u011futma tank\u0131, 2 sa\u011f\u0131m, trifaze"},"content":{"rendered":"<p>Die von uns angebotenen Tanks sind robust und praktisch, um gro\u00dfe Mengen Milch schnell, wirtschaftlich, effizient und kontinuierlich zu k\u00fchlen. Unsere Milchk\u00fchltanks bestehen aus Edelstahl und sind solide, langlebige und effiziente Produkte, die mit Laser-Schwei\u00dftechnik zusammengebaut werden. Dank des optimalen Drehmoments des R\u00fchrmotors k\u00fchlt die Milch im Tank gleichm\u00e4\u00dfig, ohne einzufrieren. Milchk\u00fchltanks sind in Kapazit\u00e4ten von 150 Litern bis 2000 Litern erh\u00e4ltlich und sind damit die wirtschaftlichste Wahl f\u00fcr den industriellen Einsatz.<\/p>\n<p>Allgemeine Merkmale:<\/p>\n<p>\u2022 Das Material, das bei den mechanischen Teilen des Milchk\u00fchltanks verwendet wird (einschlie\u00dflich des Geh\u00e4uses und der verstellbaren Beine), ist Edelstahl AISI 304.<br \/>\n\u2022 Der Laser geschwei\u00dfte Verdampfer (Rollbond) am Boden des Tanks wird aus 2 mm dickem Material hergestellt.<br \/>\n\u2022 Die Au\u00dfenwandst\u00e4rke betr\u00e4gt 0,8 mm und die Innenwandst\u00e4rke betr\u00e4gt 1,2 mm.<br \/>\n\u2022 Der R\u00fchrwerksmotor mit 30 U\/min stammt von der franz\u00f6sischen Marke Sirem und ist am Tank montiert.<br \/>\n\u2022 Die Isolierschaum besteht zu 65% aus Isocyanat und zu 35% aus Polyol (esterbasiertem Schaum), wobei der seitliche Isolierungsabstand mindestens 50 mm und der untere Isolierungsabstand mindestens 100 mm betr\u00e4gt.<br \/>\n\u2022 Er ist so konstruiert, dass beim Entleeren des Milchk\u00fchltanks keine Fl\u00fcssigkeit zur\u00fcckbleibt.<br \/>\n\u2022 Am Auslass des Produkts befindet sich ein DN50-Flanschventil.<br \/>\n\u2022 An keiner Oberfl\u00e4che des Tanks befinden sich Ecken. Die Verbindungsstellen sind ovalf\u00f6rmig mit Argon (TIG) geschwei\u00dft, und er hat ein makelloses und glattes Erscheinungsbild nach den durchgef\u00fchrten Reinigungs- und Polierprozessen.<br \/>\n\u2022 Der R\u00fchrwerksmotor ver\u00e4ndert nicht die Struktur der Milch und l\u00e4uft etwa alle 15 Minuten f\u00fcr ca. 2 Minuten, um das Einfrieren der Milch zu verhindern.<br \/>\n\u2022 Als K\u00fchlmittel wird R404A verwendet.<br \/>\n\u2022 Die K\u00fchlklasse ist 2BII.<br \/>\n\u2022 Bei einer Umgebungstemperatur von +38 \u00b0C ist er so ausgelegt, dass er die Milchtemperatur innerhalb von maximal 3 Stunden von +36 \u00b0C auf +4 \u00b0C reduziert.<br \/>\n\u2022 Der Kompressor ist durch das in der elektrischen Schalttafel installierte Spannungsschutzrelais vor Nieder- oder Hochspannung gesch\u00fctzt.<br \/>\n\u2022 Dank des digitalen Thermometers der Marke Dixell kann die Milchtemperatur leicht abgelesen werden.<\/p>\n<p>K\u00fchlaggregat<br \/>\nDie pr\u00e4zise Berechnung der K\u00fchlleistung jedes Tanks gew\u00e4hrleistet, dass die Milch zum richtigen Zeitpunkt gem\u00e4\u00df den Anforderungen des Milcherzeugers gek\u00fchlt wird. Unsere Tankmodelle sind in 2- oder 4-Melkversionen f\u00fcr normale oder hohe Umgebungstemperaturen (tropisch und supertropisch) erh\u00e4ltlich und werden je nach Kundenwunsch mit importierten Kompressoren geliefert. Alle K\u00fchlaggregate arbeiten mit dem umweltfreundlichen Gas R404A.<\/p>\n<p>Verdampfer<br \/>\nDie Tanks sind mit einem direktverdampfenden Verdampfer ausgestattet, der mit modernster Lasertechnologie geschwei\u00dft ist und die richtige Neigung aufweist, um sicherzustellen, dass der Boden vollst\u00e4ndig entleert wird. Die Montage des Verdampfers im Tank, sein Design, die richtige Materialauswahl und die direkte Verteilung der W\u00e4rme der Milch verhindern die Bildung von Eis, minimieren den Energieverlust und stellen sicher, dass keine K\u00e4ltemittelaustritte auftreten.<\/p>\n<p>W\u00e4rmed\u00e4mmung<br \/>\nDie Tankisolierung mit umweltfreundlichem Zweikomponenten-Polyurethanschaum gew\u00e4hrleistet, dass die Milch bei der gew\u00fcnschten Temperatur gehalten wird und der Energieverbrauch minimal ist.<\/p>\n<p>Tauchstab<br \/>\nZur Messung des Milchstandes und zur Berechnung der Milchmenge im Tank sind alle Tankmodelle mit einem Messstab aus Edelstahl und einer Umrechnungstabelle in Litern ausgestattet.<\/p>\n<p>Einfache Reinigung<br \/>\nDank der nach oben vollst\u00e4ndig \u00f6ffnbaren Abdeckung kann der Tank leicht gereinigt werden.<\/p>\n<p>Elektrische Steuerung<br \/>\nDie elektrische Steuerung f\u00fcr K\u00fchlung und Milchumr\u00fchren verf\u00fcgt \u00fcber eine gut lesbare 3-stellige Anzeige, die die Bedienung des K\u00fchlbeh\u00e4lters per Knopfdruck erleichtert. Sie basiert auf dem Dixell-Elektronikregler, der f\u00fcr Milchk\u00fchlsysteme geeignet ist, und ist mit einem IP68-abgedichteten Temperatursensor (NTC) bis zu 110 \u00b0C ausgestattet. Das Panel ist nach IP55 zertifiziert und die elektronischen Schaltkreise sind vor Wasser- oder Wasserdampfeintritt gesch\u00fctzt.<\/p>\n<p>Gelochte Abdeckplatte des K\u00fchlaggregats<br \/>\nDie Edelstahl-Schutzgitterabdeckung sorgt daf\u00fcr, dass kleine Tiere nicht in das K\u00fchlaggregat des Tanks gelangen und Schmutz problemlos abflie\u00dft. Ihre leichte Entfernung erm\u00f6glicht einen direkten Zugang zum K\u00fchlaggregat f\u00fcr Wartungs- und Reparaturzwecke.<\/p>\n<p>Abdeckfedern<br \/>\nDie an der R\u00fcckseite der Abdeckung angebrachten Federn sind so konzipiert, dass die Abdeckung vollst\u00e4ndig ge\u00f6ffnet werden kann und nicht pl\u00f6tzlich herunterf\u00e4llt, wenn sie ge\u00f6ffnet ist. (Je nach Modell 1 bis 4 Federn)<\/p>\n<p>Milchauslass<br \/>\nMilchk\u00fchltanks sind mit einem DN50-Edelstahl-Scheibenventil ausgestattet.<\/p>\n<p>R\u00fchrmotor<br \/>\nDie Milchk\u00fchltanks sind mit R\u00fchrmotoren ausgestattet, die von der franz\u00f6sischen Firma Sirem hergestellt werden und mit 30 Umdrehungen pro Minute rotieren, um ein Vereisen der Milch zu verhindern. Die Motoren sind so eingestellt, dass sie automatisch stoppen, wenn der Tankdeckel angehoben wird.<\/p>\n<p>H\u00f6henverstellbare St\u00fctzbeine<br \/>\nAlle Tankmodelle verf\u00fcgen \u00fcber h\u00f6henverstellbare St\u00fctzbeine, sodass eine absolute Nivellierung auch auf unebenen B\u00f6den erreicht werden kann, was eine genaue Messung der Milch erm\u00f6glicht.<\/p>\n<p>Die Lieferung erfolgt innerhalb von ca. 1 Woche nach Bestellbest\u00e4tigung und Zahlung.<\/p>\n","protected":false},"excerpt":{"rendered":"<ul>\n<li>Kapazit\u00e4t: 520 Liter<\/li>\n<li>Gewicht: 205 kg<\/li>\n<li>Abmessungen: 107 x 162 x 123 cm<\/li>\n<li>K\u00fchlgebl\u00e4seeinheit: TAJ4519Z, L&#8217;Unite, Aspera<\/li>\n<li>Spannung: 380 V 50 Hz, Dreiphasig<\/li>\n<li>K\u00fchlmittel: R404A<\/li>\n<li>K\u00fchlleistung: 3998 W, 1.5 PS<\/li>\n<li>Maximale Leistung: 2124 W<\/li>\n<li>Stromst\u00e4rke: 4.92 A<\/li>\n<li>Maximale Stromst\u00e4rke: 5.90 A<\/li>\n<li>Anzahl der Abteile: 2<\/li>\n<\/ul>\n<p>Die K\u00fchlungseinheit dieser K\u00fchlbeh\u00e4lter befindet sich unten.<br \/>\nEs kann eine Marken\u00e4nderung in der Ausstattung der K\u00fchlungseinheit geben.<\/p>\n","protected":false},"featured_media":16742,"template":"","meta":{"_eb_attr":"","_kadence_starter_templates_imported_post":false,"_kad_post_transparent":"default","_kad_post_title":"","_kad_post_layout":"default","_kad_post_sidebar_id":"","_kad_post_content_style":"default","_kad_post_vertical_padding":"default","_kad_post_feature":"","_kad_post_feature_position":"","_kad_post_header":false,"_kad_post_footer":false,"_kad_post_classname":""},"product_brand":[],"product_cat":[1507,1167],"product_tag":[],"class_list":{"0":"post-20420","1":"product","2":"type-product","3":"status-publish","4":"has-post-thumbnail","6":"product_cat-acik-sut-sogutma-tanklari","7":"product_cat-sut-sogutma-tanklari","9":"first","10":"instock","11":"shipping-taxable","12":"product-type-simple","13":"entry","14":"content-bg","15":"loop-entry"},"_links":{"self":[{"href":"https:\/\/www.enkatarim.com\/de\/wp-json\/wp\/v2\/product\/20420","targetHints":{"allow":["GET"]}}],"collection":[{"href":"https:\/\/www.enkatarim.com\/de\/wp-json\/wp\/v2\/product"}],"about":[{"href":"https:\/\/www.enkatarim.com\/de\/wp-json\/wp\/v2\/types\/product"}],"wp:featuredmedia":[{"embeddable":true,"href":"https:\/\/www.enkatarim.com\/de\/wp-json\/wp\/v2\/media\/16742"}],"wp:attachment":[{"href":"https:\/\/www.enkatarim.com\/de\/wp-json\/wp\/v2\/media?parent=20420"}],"wp:term":[{"taxonomy":"product_brand","embeddable":true,"href":"https:\/\/www.enkatarim.com\/de\/wp-json\/wp\/v2\/product_brand?post=20420"},{"taxonomy":"product_cat","embeddable":true,"href":"https:\/\/www.enkatarim.com\/de\/wp-json\/wp\/v2\/product_cat?post=20420"},{"taxonomy":"product_tag","embeddable":true,"href":"https:\/\/www.enkatarim.com\/de\/wp-json\/wp\/v2\/product_tag?post=20420"}],"curies":[{"name":"wp","href":"https:\/\/api.w.org\/{rel}","templated":true}]}}