{"id":20403,"date":"2023-03-07T15:10:24","date_gmt":"2023-03-07T15:10:24","guid":{"rendered":"https:\/\/enkatarim.com\/?post_type=product&#038;p=20403"},"modified":"2023-06-08T13:59:12","modified_gmt":"2023-06-08T13:59:12","slug":"6li-kuzu-ve-oglak-emzirme-kovasi-38215","status":"publish","type":"product","link":"https:\/\/www.enkatarim.com\/de\/urun\/6li-kuzu-ve-oglak-emzirme-kovasi-38215","title":{"rendered":"Lammeimer, 6 Saugern"},"content":{"rendered":"<ul>\n<li>12 Liter<\/li>\n<li>Mit 6 Saugern<\/li>\n<li>F\u00fcr L\u00e4mmer<\/li>\n<li>Ohne F\u00e4cher<\/li>\n<li>Stapelbar<\/li>\n<li>S\u00e4urebest\u00e4ndig<\/li>\n<li>Lebensmittelecht<\/li>\n<\/ul>\n","protected":false},"excerpt":{"rendered":"<p>12 Liter Mit 6 Saugern F\u00fcr L\u00e4mmer Ohne F\u00e4cher Stapelbar S\u00e4urebest\u00e4ndig Lebensmittelecht<\/p>\n","protected":false},"featured_media":8941,"template":"","meta":{"_eb_attr":"","_kadence_starter_templates_imported_post":false,"_kad_post_transparent":"","_kad_post_title":"","_kad_post_layout":"","_kad_post_sidebar_id":"","_kad_post_content_style":"","_kad_post_vertical_padding":"","_kad_post_feature":"","_kad_post_feature_position":"","_kad_post_header":false,"_kad_post_footer":false,"_kad_post_classname":""},"product_brand":[],"product_cat":[1342,1347,1348,1052],"product_tag":[],"class_list":{"0":"post-20403","1":"product","2":"type-product","3":"status-publish","4":"has-post-thumbnail","6":"product_cat-emzirme-kovalari","7":"product_cat-kuzu-kovalari","8":"product_cat-oglak-kovalari","9":"product_cat-sigir-yetistiriciligi","11":"first","12":"instock","13":"shipping-taxable","14":"product-type-simple","15":"entry","16":"content-bg","17":"loop-entry"},"_links":{"self":[{"href":"https:\/\/www.enkatarim.com\/de\/wp-json\/wp\/v2\/product\/20403","targetHints":{"allow":["GET"]}}],"collection":[{"href":"https:\/\/www.enkatarim.com\/de\/wp-json\/wp\/v2\/product"}],"about":[{"href":"https:\/\/www.enkatarim.com\/de\/wp-json\/wp\/v2\/types\/product"}],"wp:featuredmedia":[{"embeddable":true,"href":"https:\/\/www.enkatarim.com\/de\/wp-json\/wp\/v2\/media\/8941"}],"wp:attachment":[{"href":"https:\/\/www.enkatarim.com\/de\/wp-json\/wp\/v2\/media?parent=20403"}],"wp:term":[{"taxonomy":"product_brand","embeddable":true,"href":"https:\/\/www.enkatarim.com\/de\/wp-json\/wp\/v2\/product_brand?post=20403"},{"taxonomy":"product_cat","embeddable":true,"href":"https:\/\/www.enkatarim.com\/de\/wp-json\/wp\/v2\/product_cat?post=20403"},{"taxonomy":"product_tag","embeddable":true,"href":"https:\/\/www.enkatarim.com\/de\/wp-json\/wp\/v2\/product_tag?post=20403"}],"curies":[{"name":"wp","href":"https:\/\/api.w.org\/{rel}","templated":true}]}}