{"id":20292,"date":"2023-03-07T15:06:56","date_gmt":"2023-03-07T15:06:56","guid":{"rendered":"https:\/\/enkatarim.com\/?post_type=product&#038;p=20292"},"modified":"2023-06-08T13:58:54","modified_gmt":"2023-06-08T13:58:54","slug":"o-63-mm-katris-giris-kaucugu-kaucuk-25410","status":"publish","type":"product","link":"https:\/\/www.enkatarim.com\/de\/urun\/o-63-mm-katris-giris-kaucugu-kaucuk-25410","title":{"rendered":"\u00d8 63 mm Aufnahmebeh\u00e4lter-Einlassgummi"},"content":{"rendered":"<ul>\n<li>\u00d8 63 x 76 mm<\/li>\n<li>A\/L-Typ<\/li>\n<li>Es wird zusammen mit den Empfangsbeh\u00e4ltern 22899, 22901, 22903, 22904 und 22905 verwendet, die perforiert und f\u00fcr den Einsatz eines Gummieinlassbogens geeignet sind.<\/li>\n<li>Ein Ende dieses Bogens wird am Empfangstank befestigt, w\u00e4hrend das andere Ende mit dem Rohr verbunden ist, das aus der entsprechenden Stelle im Melkstandsystem kommt. Dadurch kann die Milch ohne Unterbrechung und ohne direkten Kontakt mit Luft in den Tank \u00fcbertragen werden.<\/li>\n<li>Gummi<\/li>\n<\/ul>\n","protected":false},"excerpt":{"rendered":"<p>\u00d8 63 x 76 mm A\/L-Typ Es wird zusammen mit den Empfangsbeh\u00e4ltern 22899, 22901, 22903, 22904 und 22905 verwendet, die perforiert und f\u00fcr den Einsatz eines Gummieinlassbogens geeignet sind. Ein Ende dieses Bogens wird am Empfangstank befestigt, w\u00e4hrend das andere Ende mit dem Rohr verbunden ist, das aus der entsprechenden Stelle im Melkstandsystem kommt. Dadurch&#8230;<\/p>\n","protected":false},"featured_media":7035,"template":"","meta":{"_eb_attr":"","_kadence_starter_templates_imported_post":false,"_kad_post_transparent":"","_kad_post_title":"","_kad_post_layout":"","_kad_post_sidebar_id":"","_kad_post_content_style":"","_kad_post_vertical_padding":"","_kad_post_feature":"","_kad_post_feature_position":"","_kad_post_header":false,"_kad_post_footer":false,"_kad_post_classname":""},"product_brand":[],"product_cat":[1438,1474,1263,1017],"product_tag":[],"class_list":{"0":"post-20292","1":"product","2":"type-product","3":"status-publish","4":"has-post-thumbnail","6":"product_cat-ara-durak-tanki-malzemeleri","7":"product_cat-kaucuk-sagimhane-parcalari","8":"product_cat-sagim-odalari","9":"product_cat-sut-endustrisi","11":"first","12":"instock","13":"shipping-taxable","14":"product-type-simple","15":"entry","16":"content-bg","17":"loop-entry"},"_links":{"self":[{"href":"https:\/\/www.enkatarim.com\/de\/wp-json\/wp\/v2\/product\/20292","targetHints":{"allow":["GET"]}}],"collection":[{"href":"https:\/\/www.enkatarim.com\/de\/wp-json\/wp\/v2\/product"}],"about":[{"href":"https:\/\/www.enkatarim.com\/de\/wp-json\/wp\/v2\/types\/product"}],"wp:featuredmedia":[{"embeddable":true,"href":"https:\/\/www.enkatarim.com\/de\/wp-json\/wp\/v2\/media\/7035"}],"wp:attachment":[{"href":"https:\/\/www.enkatarim.com\/de\/wp-json\/wp\/v2\/media?parent=20292"}],"wp:term":[{"taxonomy":"product_brand","embeddable":true,"href":"https:\/\/www.enkatarim.com\/de\/wp-json\/wp\/v2\/product_brand?post=20292"},{"taxonomy":"product_cat","embeddable":true,"href":"https:\/\/www.enkatarim.com\/de\/wp-json\/wp\/v2\/product_cat?post=20292"},{"taxonomy":"product_tag","embeddable":true,"href":"https:\/\/www.enkatarim.com\/de\/wp-json\/wp\/v2\/product_tag?post=20292"}],"curies":[{"name":"wp","href":"https:\/\/api.w.org\/{rel}","templated":true}]}}