{"id":20163,"date":"2023-03-07T15:05:58","date_gmt":"2023-03-07T15:05:58","guid":{"rendered":"https:\/\/enkatarim.com\/?post_type=product&#038;p=20163"},"modified":"2023-06-08T13:58:38","modified_gmt":"2023-06-08T13:58:38","slug":"seviye-tespit-cubugu-ara-durak-tanki-seti-icin-25802","status":"publish","type":"product","link":"https:\/\/www.enkatarim.com\/de\/urun\/seviye-tespit-cubugu-ara-durak-tanki-seti-icin-25802","title":{"rendered":"F\u00fcllstandsanzeigestab f\u00fcr Auffangbeh\u00e4lter-Set"},"content":{"rendered":"<ul>\n<li>L\u00e4nge: 50 cm<\/li>\n<li>Kabell\u00e4nge: 180 cm<\/li>\n<\/ul>\n<p>Dieses Produkt besteht aus einem magnetischen Ring 25803, einem Einstellstopfen mit Loch 25804, einem Gummi-Eingang 25805 und einem Kabel-Eingummi-St\u00f6psel 25806.<br \/>\n\n<table id=\"tablepress-323\" class=\"tablepress tablepress-id-323\">\n<tbody class=\"row-striping row-hover\">\n<tr class=\"row-1\">\n\t<td class=\"column-1\">25803<\/td><td class=\"column-2\">Magnetischer Ring<\/td>\n<\/tr>\n<tr class=\"row-2\">\n\t<td class=\"column-1\">25804<\/td><td class=\"column-2\">Einstellstopfen mit Loch<\/td>\n<\/tr>\n<tr class=\"row-3\">\n\t<td class=\"column-1\">25805<\/td><td class=\"column-2\">Gummieinlass<\/td>\n<\/tr>\n<tr class=\"row-4\">\n\t<td class=\"column-1\">25806<\/td><td class=\"column-2\">Gummistopfen f\u00fcr Kabeleingang<\/td>\n<\/tr>\n<\/tbody>\n<\/table>\n<!-- #tablepress-323 from cache --><br \/>\n<div class=\"woocommerce columns-6 \"><ul class=\"products content-wrap product-archive grid-cols grid-ss-col-2 grid-sm-col-3 grid-md-col-4 grid-lg-col-6 woo-archive-action-visible woo-archive-btn-text align-buttons-bottom  woo-archive-image-hover-fade\"><li class=\"entry content-bg loop-entry product type-product post-6634 status-publish first instock product_cat-sagim-odalari product_cat-sagim-odasi-malzemeleri product_cat-sut-endustrisi product_cat-yikama-sistemi-parcalari has-post-thumbnail shipping-taxable product-type-simple\">\n\t<a href=\"https:\/\/www.enkatarim.com\/de\/urun\/seviye-tespit-cubugu-kaucuk-kablo-giris-tapasi-25806\" class=\"woocommerce-loop-image-link woocommerce-LoopProduct-link woocommerce-loop-product__link\"><img loading=\"lazy\" decoding=\"async\" width=\"300\" height=\"300\" src=\"https:\/\/www.enkatarim.com\/wp-content\/uploads\/2023\/03\/25805-seviye-tespit-takimi-icin-kaucuk-uc-300x300.jpg\" class=\"attachment-woocommerce_thumbnail size-woocommerce_thumbnail\" alt=\"Kabeleinf\u00fchrungs-Gummistopfen f\u00fcr die F\u00fcllstandsanzeigestange\" srcset=\"https:\/\/www.enkatarim.com\/wp-content\/uploads\/2023\/03\/25805-seviye-tespit-takimi-icin-kaucuk-uc-300x300.jpg 300w, https:\/\/www.enkatarim.com\/wp-content\/uploads\/2023\/03\/25805-seviye-tespit-takimi-icin-kaucuk-uc.jpg 1024w, https:\/\/www.enkatarim.com\/wp-content\/uploads\/2023\/03\/25805-seviye-tespit-takimi-icin-kaucuk-uc-150x150.jpg 150w, https:\/\/www.enkatarim.com\/wp-content\/uploads\/2023\/03\/25805-seviye-tespit-takimi-icin-kaucuk-uc-768x768.jpg 768w, https:\/\/www.enkatarim.com\/wp-content\/uploads\/2023\/03\/25805-seviye-tespit-takimi-icin-kaucuk-uc-600x600.jpg 600w, https:\/\/www.enkatarim.com\/wp-content\/uploads\/2023\/03\/25805-seviye-tespit-takimi-icin-kaucuk-uc-100x100.jpg 100w\" sizes=\"auto, (max-width: 300px) 100vw, 300px\" \/><\/a><div class=\"product-details content-bg entry-content-wrap\"><h2 class=\"woocommerce-loop-product__title\"><a href=\"https:\/\/www.enkatarim.com\/de\/urun\/seviye-tespit-cubugu-kaucuk-kablo-giris-tapasi-25806\" class=\"woocommerce-LoopProduct-link-title woocommerce-loop-product__title_ink\">Kabeleinf\u00fchrungs-Gummistopfen f\u00fcr die F\u00fcllstandsanzeigestange<\/a><\/h2>\n<div class=\"product-action-wrap\"><a href=\"https:\/\/www.enkatarim.com\/de\/urun\/seviye-tespit-cubugu-kaucuk-kablo-giris-tapasi-25806\" data-quantity=\"1\" class=\"button product_type_simple\" data-product_id=\"6634\" data-product_sku=\"25806\" aria-label=\"Read more about &ldquo;Kabeleinf\u00fchrungs-Gummistopfen f\u00fcr die F\u00fcllstandsanzeigestange&rdquo;\" rel=\"nofollow\" data-success_message=\"\">Read more<span class=\"kadence-svg-iconset svg-baseline\"><svg aria-hidden=\"true\" class=\"kadence-svg-icon kadence-arrow-right-alt-svg\" fill=\"currentColor\" version=\"1.1\" xmlns=\"http:\/\/www.w3.org\/2000\/svg\" width=\"27\" height=\"28\" viewBox=\"0 0 27 28\"><title>Continue<\/title><path d=\"M27 13.953c0 0.141-0.063 0.281-0.156 0.375l-6 5.531c-0.156 0.141-0.359 0.172-0.547 0.094-0.172-0.078-0.297-0.25-0.297-0.453v-3.5h-19.5c-0.281 0-0.5-0.219-0.5-0.5v-3c0-0.281 0.219-0.5 0.5-0.5h19.5v-3.5c0-0.203 0.109-0.375 0.297-0.453s0.391-0.047 0.547 0.078l6 5.469c0.094 0.094 0.156 0.219 0.156 0.359v0z\"><\/path>\n\t\t\t\t<\/svg><\/span><span class=\"kadence-svg-iconset svg-baseline\"><svg class=\"kadence-svg-icon kadence-spinner-svg\" fill=\"currentColor\" version=\"1.1\" xmlns=\"http:\/\/www.w3.org\/2000\/svg\" width=\"16\" height=\"16\" viewBox=\"0 0 16 16\"><title>Loading<\/title><path d=\"M16 6h-6l2.243-2.243c-1.133-1.133-2.64-1.757-4.243-1.757s-3.109 0.624-4.243 1.757c-1.133 1.133-1.757 2.64-1.757 4.243s0.624 3.109 1.757 4.243c1.133 1.133 2.64 1.757 4.243 1.757s3.109-0.624 4.243-1.757c0.095-0.095 0.185-0.192 0.273-0.292l1.505 1.317c-1.466 1.674-3.62 2.732-6.020 2.732-4.418 0-8-3.582-8-8s3.582-8 8-8c2.209 0 4.209 0.896 5.656 2.344l2.343-2.344v6z\"><\/path>\n\t\t\t\t<\/svg><\/span><span class=\"kadence-svg-iconset svg-baseline\"><svg class=\"kadence-svg-icon kadence-check-svg\" fill=\"currentColor\" version=\"1.1\" xmlns=\"http:\/\/www.w3.org\/2000\/svg\" width=\"16\" height=\"16\" viewBox=\"0 0 16 16\"><title>Done<\/title><path d=\"M14 2.5l-8.5 8.5-3.5-3.5-1.5 1.5 5 5 10-10z\"><\/path>\n\t\t\t\t<\/svg><\/span><\/a>\t<span id=\"woocommerce_loop_add_to_cart_link_describedby_6634\" class=\"screen-reader-text\">\n\t\t\t<\/span>\n<\/div><\/div><\/li>\n<li class=\"entry content-bg loop-entry product type-product post-6631 status-publish instock product_cat-sagim-odalari product_cat-sagim-odasi-malzemeleri product_cat-sut-endustrisi product_cat-yikama-sistemi-parcalari has-post-thumbnail shipping-taxable product-type-simple\">\n\t<a href=\"https:\/\/www.enkatarim.com\/de\/urun\/seviye-tespit-cubugu-kaucuk-ucu-25805\" class=\"woocommerce-loop-image-link woocommerce-LoopProduct-link woocommerce-loop-product__link\"><img loading=\"lazy\" decoding=\"async\" width=\"300\" height=\"300\" src=\"https:\/\/www.enkatarim.com\/wp-content\/uploads\/2023\/03\/25805-seviye-tespit-takimi-icin-kaucuk-uc-300x300.jpg\" class=\"attachment-woocommerce_thumbnail size-woocommerce_thumbnail\" alt=\"Gummieinf\u00fchrung der F\u00fcllstandsanzeigestange\" srcset=\"https:\/\/www.enkatarim.com\/wp-content\/uploads\/2023\/03\/25805-seviye-tespit-takimi-icin-kaucuk-uc-300x300.jpg 300w, https:\/\/www.enkatarim.com\/wp-content\/uploads\/2023\/03\/25805-seviye-tespit-takimi-icin-kaucuk-uc.jpg 1024w, https:\/\/www.enkatarim.com\/wp-content\/uploads\/2023\/03\/25805-seviye-tespit-takimi-icin-kaucuk-uc-150x150.jpg 150w, https:\/\/www.enkatarim.com\/wp-content\/uploads\/2023\/03\/25805-seviye-tespit-takimi-icin-kaucuk-uc-768x768.jpg 768w, https:\/\/www.enkatarim.com\/wp-content\/uploads\/2023\/03\/25805-seviye-tespit-takimi-icin-kaucuk-uc-600x600.jpg 600w, https:\/\/www.enkatarim.com\/wp-content\/uploads\/2023\/03\/25805-seviye-tespit-takimi-icin-kaucuk-uc-100x100.jpg 100w\" sizes=\"auto, (max-width: 300px) 100vw, 300px\" \/><\/a><div class=\"product-details content-bg entry-content-wrap\"><h2 class=\"woocommerce-loop-product__title\"><a href=\"https:\/\/www.enkatarim.com\/de\/urun\/seviye-tespit-cubugu-kaucuk-ucu-25805\" class=\"woocommerce-LoopProduct-link-title woocommerce-loop-product__title_ink\">Gummieinf\u00fchrung der F\u00fcllstandsanzeigestange<\/a><\/h2>\n<div class=\"product-action-wrap\"><a href=\"https:\/\/www.enkatarim.com\/de\/urun\/seviye-tespit-cubugu-kaucuk-ucu-25805\" data-quantity=\"1\" class=\"button product_type_simple\" data-product_id=\"6631\" data-product_sku=\"25805\" aria-label=\"Read more about &ldquo;Gummieinf\u00fchrung der F\u00fcllstandsanzeigestange&rdquo;\" rel=\"nofollow\" data-success_message=\"\">Read more<span class=\"kadence-svg-iconset svg-baseline\"><svg aria-hidden=\"true\" class=\"kadence-svg-icon kadence-arrow-right-alt-svg\" fill=\"currentColor\" version=\"1.1\" xmlns=\"http:\/\/www.w3.org\/2000\/svg\" width=\"27\" height=\"28\" viewBox=\"0 0 27 28\"><title>Continue<\/title><path d=\"M27 13.953c0 0.141-0.063 0.281-0.156 0.375l-6 5.531c-0.156 0.141-0.359 0.172-0.547 0.094-0.172-0.078-0.297-0.25-0.297-0.453v-3.5h-19.5c-0.281 0-0.5-0.219-0.5-0.5v-3c0-0.281 0.219-0.5 0.5-0.5h19.5v-3.5c0-0.203 0.109-0.375 0.297-0.453s0.391-0.047 0.547 0.078l6 5.469c0.094 0.094 0.156 0.219 0.156 0.359v0z\"><\/path>\n\t\t\t\t<\/svg><\/span><span class=\"kadence-svg-iconset svg-baseline\"><svg class=\"kadence-svg-icon kadence-spinner-svg\" fill=\"currentColor\" version=\"1.1\" xmlns=\"http:\/\/www.w3.org\/2000\/svg\" width=\"16\" height=\"16\" viewBox=\"0 0 16 16\"><title>Loading<\/title><path d=\"M16 6h-6l2.243-2.243c-1.133-1.133-2.64-1.757-4.243-1.757s-3.109 0.624-4.243 1.757c-1.133 1.133-1.757 2.64-1.757 4.243s0.624 3.109 1.757 4.243c1.133 1.133 2.64 1.757 4.243 1.757s3.109-0.624 4.243-1.757c0.095-0.095 0.185-0.192 0.273-0.292l1.505 1.317c-1.466 1.674-3.62 2.732-6.020 2.732-4.418 0-8-3.582-8-8s3.582-8 8-8c2.209 0 4.209 0.896 5.656 2.344l2.343-2.344v6z\"><\/path>\n\t\t\t\t<\/svg><\/span><span class=\"kadence-svg-iconset svg-baseline\"><svg class=\"kadence-svg-icon kadence-check-svg\" fill=\"currentColor\" version=\"1.1\" xmlns=\"http:\/\/www.w3.org\/2000\/svg\" width=\"16\" height=\"16\" viewBox=\"0 0 16 16\"><title>Done<\/title><path d=\"M14 2.5l-8.5 8.5-3.5-3.5-1.5 1.5 5 5 10-10z\"><\/path>\n\t\t\t\t<\/svg><\/span><\/a>\t<span id=\"woocommerce_loop_add_to_cart_link_describedby_6631\" class=\"screen-reader-text\">\n\t\t\t<\/span>\n<\/div><\/div><\/li>\n<li class=\"entry content-bg loop-entry product type-product post-20164 status-publish instock product_cat-ara-durak-tanki-malzemeleri product_cat-sagim-odalari product_cat-sagim-odasi-malzemeleri product_cat-sut-endustrisi has-post-thumbnail shipping-taxable product-type-simple\">\n\t<a href=\"https:\/\/www.enkatarim.com\/de\/urun\/seviye-tespit-cubugu-delikli-tapa-25804\" class=\"woocommerce-loop-image-link woocommerce-LoopProduct-link woocommerce-loop-product__link\"><img loading=\"lazy\" decoding=\"async\" width=\"300\" height=\"300\" src=\"https:\/\/www.enkatarim.com\/wp-content\/uploads\/2023\/03\/25804-sivi-seviye-tespit-seti-delikli-kor-tapa-300x300.jpg\" class=\"attachment-woocommerce_thumbnail size-woocommerce_thumbnail\" alt=\"Einstellstopfen mit Loch f\u00fcr die F\u00fcllstandsanzeigestange\" srcset=\"https:\/\/www.enkatarim.com\/wp-content\/uploads\/2023\/03\/25804-sivi-seviye-tespit-seti-delikli-kor-tapa-300x300.jpg 300w, https:\/\/www.enkatarim.com\/wp-content\/uploads\/2023\/03\/25804-sivi-seviye-tespit-seti-delikli-kor-tapa.jpg 1024w, https:\/\/www.enkatarim.com\/wp-content\/uploads\/2023\/03\/25804-sivi-seviye-tespit-seti-delikli-kor-tapa-150x150.jpg 150w, https:\/\/www.enkatarim.com\/wp-content\/uploads\/2023\/03\/25804-sivi-seviye-tespit-seti-delikli-kor-tapa-768x768.jpg 768w, https:\/\/www.enkatarim.com\/wp-content\/uploads\/2023\/03\/25804-sivi-seviye-tespit-seti-delikli-kor-tapa-600x600.jpg 600w, https:\/\/www.enkatarim.com\/wp-content\/uploads\/2023\/03\/25804-sivi-seviye-tespit-seti-delikli-kor-tapa-100x100.jpg 100w\" sizes=\"auto, (max-width: 300px) 100vw, 300px\" \/><\/a><div class=\"product-details content-bg entry-content-wrap\"><h2 class=\"woocommerce-loop-product__title\"><a href=\"https:\/\/www.enkatarim.com\/de\/urun\/seviye-tespit-cubugu-delikli-tapa-25804\" class=\"woocommerce-LoopProduct-link-title woocommerce-loop-product__title_ink\">Einstellstopfen mit Loch f\u00fcr die F\u00fcllstandsanzeigestange<\/a><\/h2>\n<div class=\"product-action-wrap\"><a href=\"https:\/\/www.enkatarim.com\/de\/urun\/seviye-tespit-cubugu-delikli-tapa-25804\" data-quantity=\"1\" class=\"button product_type_simple\" data-product_id=\"20164\" data-product_sku=\"25804\" aria-label=\"Read more about &ldquo;Einstellstopfen mit Loch f\u00fcr die F\u00fcllstandsanzeigestange&rdquo;\" rel=\"nofollow\" data-success_message=\"\">Read more<span class=\"kadence-svg-iconset svg-baseline\"><svg aria-hidden=\"true\" class=\"kadence-svg-icon kadence-arrow-right-alt-svg\" fill=\"currentColor\" version=\"1.1\" xmlns=\"http:\/\/www.w3.org\/2000\/svg\" width=\"27\" height=\"28\" viewBox=\"0 0 27 28\"><title>Continue<\/title><path d=\"M27 13.953c0 0.141-0.063 0.281-0.156 0.375l-6 5.531c-0.156 0.141-0.359 0.172-0.547 0.094-0.172-0.078-0.297-0.25-0.297-0.453v-3.5h-19.5c-0.281 0-0.5-0.219-0.5-0.5v-3c0-0.281 0.219-0.5 0.5-0.5h19.5v-3.5c0-0.203 0.109-0.375 0.297-0.453s0.391-0.047 0.547 0.078l6 5.469c0.094 0.094 0.156 0.219 0.156 0.359v0z\"><\/path>\n\t\t\t\t<\/svg><\/span><span class=\"kadence-svg-iconset svg-baseline\"><svg class=\"kadence-svg-icon kadence-spinner-svg\" fill=\"currentColor\" version=\"1.1\" xmlns=\"http:\/\/www.w3.org\/2000\/svg\" width=\"16\" height=\"16\" viewBox=\"0 0 16 16\"><title>Loading<\/title><path d=\"M16 6h-6l2.243-2.243c-1.133-1.133-2.64-1.757-4.243-1.757s-3.109 0.624-4.243 1.757c-1.133 1.133-1.757 2.64-1.757 4.243s0.624 3.109 1.757 4.243c1.133 1.133 2.64 1.757 4.243 1.757s3.109-0.624 4.243-1.757c0.095-0.095 0.185-0.192 0.273-0.292l1.505 1.317c-1.466 1.674-3.62 2.732-6.020 2.732-4.418 0-8-3.582-8-8s3.582-8 8-8c2.209 0 4.209 0.896 5.656 2.344l2.343-2.344v6z\"><\/path>\n\t\t\t\t<\/svg><\/span><span class=\"kadence-svg-iconset svg-baseline\"><svg class=\"kadence-svg-icon kadence-check-svg\" fill=\"currentColor\" version=\"1.1\" xmlns=\"http:\/\/www.w3.org\/2000\/svg\" width=\"16\" height=\"16\" viewBox=\"0 0 16 16\"><title>Done<\/title><path d=\"M14 2.5l-8.5 8.5-3.5-3.5-1.5 1.5 5 5 10-10z\"><\/path>\n\t\t\t\t<\/svg><\/span><\/a>\t<span id=\"woocommerce_loop_add_to_cart_link_describedby_20164\" class=\"screen-reader-text\">\n\t\t\t<\/span>\n<\/div><\/div><\/li>\n<li class=\"entry content-bg loop-entry product type-product post-6627 status-publish instock product_cat-ara-durak-tanki-malzemeleri product_cat-sagim-odalari product_cat-sagim-odasi-malzemeleri product_cat-sut-endustrisi has-post-thumbnail shipping-taxable product-type-simple\">\n\t<a href=\"https:\/\/www.enkatarim.com\/de\/urun\/seviye-tespit-cubugu-manyetik-halkasi-25803\" class=\"woocommerce-loop-image-link woocommerce-LoopProduct-link woocommerce-loop-product__link\"><img loading=\"lazy\" decoding=\"async\" width=\"300\" height=\"300\" src=\"https:\/\/www.enkatarim.com\/wp-content\/uploads\/2023\/03\/25803-seviye-tespit-cubugu-icin-miknatisli-parca-300x300.jpg\" class=\"attachment-woocommerce_thumbnail size-woocommerce_thumbnail\" alt=\"Magnetische runde F\u00fcllstandsanzeigestange\" srcset=\"https:\/\/www.enkatarim.com\/wp-content\/uploads\/2023\/03\/25803-seviye-tespit-cubugu-icin-miknatisli-parca-300x300.jpg 300w, https:\/\/www.enkatarim.com\/wp-content\/uploads\/2023\/03\/25803-seviye-tespit-cubugu-icin-miknatisli-parca.jpg 1024w, https:\/\/www.enkatarim.com\/wp-content\/uploads\/2023\/03\/25803-seviye-tespit-cubugu-icin-miknatisli-parca-150x150.jpg 150w, https:\/\/www.enkatarim.com\/wp-content\/uploads\/2023\/03\/25803-seviye-tespit-cubugu-icin-miknatisli-parca-768x768.jpg 768w, https:\/\/www.enkatarim.com\/wp-content\/uploads\/2023\/03\/25803-seviye-tespit-cubugu-icin-miknatisli-parca-600x600.jpg 600w, https:\/\/www.enkatarim.com\/wp-content\/uploads\/2023\/03\/25803-seviye-tespit-cubugu-icin-miknatisli-parca-100x100.jpg 100w\" sizes=\"auto, (max-width: 300px) 100vw, 300px\" \/><\/a><div class=\"product-details content-bg entry-content-wrap\"><h2 class=\"woocommerce-loop-product__title\"><a href=\"https:\/\/www.enkatarim.com\/de\/urun\/seviye-tespit-cubugu-manyetik-halkasi-25803\" class=\"woocommerce-LoopProduct-link-title woocommerce-loop-product__title_ink\">Magnetische runde F\u00fcllstandsanzeigestange<\/a><\/h2>\n<div class=\"product-action-wrap\"><a href=\"https:\/\/www.enkatarim.com\/de\/urun\/seviye-tespit-cubugu-manyetik-halkasi-25803\" data-quantity=\"1\" class=\"button product_type_simple\" data-product_id=\"6627\" data-product_sku=\"25803\" aria-label=\"Read more about &ldquo;Magnetische runde F\u00fcllstandsanzeigestange&rdquo;\" rel=\"nofollow\" data-success_message=\"\">Read more<span class=\"kadence-svg-iconset svg-baseline\"><svg aria-hidden=\"true\" class=\"kadence-svg-icon kadence-arrow-right-alt-svg\" fill=\"currentColor\" version=\"1.1\" xmlns=\"http:\/\/www.w3.org\/2000\/svg\" width=\"27\" height=\"28\" viewBox=\"0 0 27 28\"><title>Continue<\/title><path d=\"M27 13.953c0 0.141-0.063 0.281-0.156 0.375l-6 5.531c-0.156 0.141-0.359 0.172-0.547 0.094-0.172-0.078-0.297-0.25-0.297-0.453v-3.5h-19.5c-0.281 0-0.5-0.219-0.5-0.5v-3c0-0.281 0.219-0.5 0.5-0.5h19.5v-3.5c0-0.203 0.109-0.375 0.297-0.453s0.391-0.047 0.547 0.078l6 5.469c0.094 0.094 0.156 0.219 0.156 0.359v0z\"><\/path>\n\t\t\t\t<\/svg><\/span><span class=\"kadence-svg-iconset svg-baseline\"><svg class=\"kadence-svg-icon kadence-spinner-svg\" fill=\"currentColor\" version=\"1.1\" xmlns=\"http:\/\/www.w3.org\/2000\/svg\" width=\"16\" height=\"16\" viewBox=\"0 0 16 16\"><title>Loading<\/title><path d=\"M16 6h-6l2.243-2.243c-1.133-1.133-2.64-1.757-4.243-1.757s-3.109 0.624-4.243 1.757c-1.133 1.133-1.757 2.64-1.757 4.243s0.624 3.109 1.757 4.243c1.133 1.133 2.64 1.757 4.243 1.757s3.109-0.624 4.243-1.757c0.095-0.095 0.185-0.192 0.273-0.292l1.505 1.317c-1.466 1.674-3.62 2.732-6.020 2.732-4.418 0-8-3.582-8-8s3.582-8 8-8c2.209 0 4.209 0.896 5.656 2.344l2.343-2.344v6z\"><\/path>\n\t\t\t\t<\/svg><\/span><span class=\"kadence-svg-iconset svg-baseline\"><svg class=\"kadence-svg-icon kadence-check-svg\" fill=\"currentColor\" version=\"1.1\" xmlns=\"http:\/\/www.w3.org\/2000\/svg\" width=\"16\" height=\"16\" viewBox=\"0 0 16 16\"><title>Done<\/title><path d=\"M14 2.5l-8.5 8.5-3.5-3.5-1.5 1.5 5 5 10-10z\"><\/path>\n\t\t\t\t<\/svg><\/span><\/a>\t<span id=\"woocommerce_loop_add_to_cart_link_describedby_6627\" class=\"screen-reader-text\">\n\t\t\t<\/span>\n<\/div><\/div><\/li>\n<\/ul>\n<\/div><\/p>\n","protected":false},"excerpt":{"rendered":"<p>L\u00e4nge: 50 cm Kabell\u00e4nge: 180 cm Dieses Produkt besteht aus einem magnetischen Ring 25803, einem Einstellstopfen mit Loch 25804, einem Gummi-Eingang 25805 und einem Kabel-Eingummi-St\u00f6psel 25806.<\/p>\n","protected":false},"featured_media":6761,"template":"","meta":{"_eb_attr":"","_kadence_starter_templates_imported_post":false,"_kad_post_transparent":"","_kad_post_title":"","_kad_post_layout":"","_kad_post_sidebar_id":"","_kad_post_content_style":"","_kad_post_vertical_padding":"","_kad_post_feature":"","_kad_post_feature_position":"","_kad_post_header":false,"_kad_post_footer":false,"_kad_post_classname":""},"product_brand":[],"product_cat":[1438,1263,1352,1017],"product_tag":[],"class_list":{"0":"post-20163","1":"product","2":"type-product","3":"status-publish","4":"has-post-thumbnail","6":"product_cat-ara-durak-tanki-malzemeleri","7":"product_cat-sagim-odalari","8":"product_cat-sagim-odasi-malzemeleri","9":"product_cat-sut-endustrisi","10":"entry","11":"content-bg","12":"loop-entry","14":"first","15":"instock","16":"shipping-taxable","17":"product-type-simple"},"_links":{"self":[{"href":"https:\/\/www.enkatarim.com\/de\/wp-json\/wp\/v2\/product\/20163","targetHints":{"allow":["GET"]}}],"collection":[{"href":"https:\/\/www.enkatarim.com\/de\/wp-json\/wp\/v2\/product"}],"about":[{"href":"https:\/\/www.enkatarim.com\/de\/wp-json\/wp\/v2\/types\/product"}],"wp:featuredmedia":[{"embeddable":true,"href":"https:\/\/www.enkatarim.com\/de\/wp-json\/wp\/v2\/media\/6761"}],"wp:attachment":[{"href":"https:\/\/www.enkatarim.com\/de\/wp-json\/wp\/v2\/media?parent=20163"}],"wp:term":[{"taxonomy":"product_brand","embeddable":true,"href":"https:\/\/www.enkatarim.com\/de\/wp-json\/wp\/v2\/product_brand?post=20163"},{"taxonomy":"product_cat","embeddable":true,"href":"https:\/\/www.enkatarim.com\/de\/wp-json\/wp\/v2\/product_cat?post=20163"},{"taxonomy":"product_tag","embeddable":true,"href":"https:\/\/www.enkatarim.com\/de\/wp-json\/wp\/v2\/product_tag?post=20163"}],"curies":[{"name":"wp","href":"https:\/\/api.w.org\/{rel}","templated":true}]}}