{"id":20152,"date":"2023-03-07T15:05:53","date_gmt":"2023-03-07T15:05:53","guid":{"rendered":"https:\/\/enkatarim.com\/?post_type=product&#038;p=20152"},"modified":"2023-06-08T13:58:35","modified_gmt":"2023-06-08T13:58:35","slug":"ed-750-yari-otomatik-panel-25521","status":"publish","type":"product","link":"https:\/\/www.enkatarim.com\/de\/urun\/ed-750-yari-otomatik-panel-25521","title":{"rendered":"Halbautomatisches Bedienfeld ED 750"},"content":{"rendered":"<p>Es ist die Steuereinheit f\u00fcr die Melk- und Waschsysteme der Melkst\u00e4nde. Die Vakuumpumpe wird w\u00e4hrend des Melkens aktiviert.<\/p>\n<p>Dieses System unterscheidet sich vom ED1000-System; der saure und alkalische Desinfektionsmittel wird vom Melker selbst in die Desinfektionsbox gelegt. W\u00e4hrend des Waschens werden die sauren-alkalischen Desinfektionsmittel, die in den Desinfektionsbeh\u00e4lter gelegt werden, sowie Kalt-Warmwasser automatisch in das System eingeleitet und das Wasser im System wird durch das Kolbenventil abgelassen. Saure-alkalische Desinfektionsmittel, die zusammen mit warmem Wasser automatisch eingeleitet werden, f\u00fchren zu einem standardisierten und gesunden Waschprozess im Melkstand. Das Wachstum von Bakterien im System wird verhindert. Es erm\u00f6glicht, dass der Melk- und Waschprozess schnell, praktisch und reibungslos durchgef\u00fchrt wird.<\/p>\n","protected":false},"excerpt":{"rendered":"<p>Es ist die Steuereinheit f\u00fcr die Melk- und Waschsysteme der Melkst\u00e4nde. Die Vakuumpumpe wird w\u00e4hrend des Melkens aktiviert. Dieses System unterscheidet sich vom ED1000-System; der saure und alkalische Desinfektionsmittel wird vom Melker selbst in die Desinfektionsbox gelegt. W\u00e4hrend des Waschens werden die sauren-alkalischen Desinfektionsmittel, die in den Desinfektionsbeh\u00e4lter gelegt werden, sowie Kalt-Warmwasser automatisch in das&#8230;<\/p>\n","protected":false},"featured_media":6740,"template":"","meta":{"_eb_attr":"","_kadence_starter_templates_imported_post":false,"_kad_post_transparent":"","_kad_post_title":"","_kad_post_layout":"","_kad_post_sidebar_id":"","_kad_post_content_style":"","_kad_post_vertical_padding":"","_kad_post_feature":"","_kad_post_feature_position":"","_kad_post_header":false,"_kad_post_footer":false,"_kad_post_classname":""},"product_brand":[],"product_cat":[1352,1017,1459],"product_tag":[],"class_list":{"0":"post-20152","1":"product","2":"type-product","3":"status-publish","4":"has-post-thumbnail","6":"product_cat-sagim-odasi-malzemeleri","7":"product_cat-sut-endustrisi","8":"product_cat-yikama-sistemi-parcalari","10":"first","11":"instock","12":"shipping-taxable","13":"product-type-simple","14":"entry","15":"content-bg","16":"loop-entry"},"_links":{"self":[{"href":"https:\/\/www.enkatarim.com\/de\/wp-json\/wp\/v2\/product\/20152","targetHints":{"allow":["GET"]}}],"collection":[{"href":"https:\/\/www.enkatarim.com\/de\/wp-json\/wp\/v2\/product"}],"about":[{"href":"https:\/\/www.enkatarim.com\/de\/wp-json\/wp\/v2\/types\/product"}],"wp:featuredmedia":[{"embeddable":true,"href":"https:\/\/www.enkatarim.com\/de\/wp-json\/wp\/v2\/media\/6740"}],"wp:attachment":[{"href":"https:\/\/www.enkatarim.com\/de\/wp-json\/wp\/v2\/media?parent=20152"}],"wp:term":[{"taxonomy":"product_brand","embeddable":true,"href":"https:\/\/www.enkatarim.com\/de\/wp-json\/wp\/v2\/product_brand?post=20152"},{"taxonomy":"product_cat","embeddable":true,"href":"https:\/\/www.enkatarim.com\/de\/wp-json\/wp\/v2\/product_cat?post=20152"},{"taxonomy":"product_tag","embeddable":true,"href":"https:\/\/www.enkatarim.com\/de\/wp-json\/wp\/v2\/product_tag?post=20152"}],"curies":[{"name":"wp","href":"https:\/\/api.w.org\/{rel}","templated":true}]}}