{"id":20143,"date":"2023-03-07T15:05:50","date_gmt":"2023-03-07T15:05:50","guid":{"rendered":"https:\/\/enkatarim.com\/?post_type=product&#038;p=20143"},"modified":"2023-06-08T13:58:34","modified_gmt":"2023-06-08T13:58:34","slug":"ed1000-otomatik-yikama-unitesi-komple-25550","status":"publish","type":"product","link":"https:\/\/www.enkatarim.com\/de\/urun\/ed1000-otomatik-yikama-unitesi-komple-25550","title":{"rendered":"ED 1000 Waschanlage, komplett"},"content":{"rendered":"<p>Das ED1000-Waschsystempanel startet und stoppt den Melkvorgang w\u00e4hrend des Melkens und w\u00e4scht das System w\u00e4hrend des Waschens automatisch.<\/p>\n<p>Es f\u00fchrt den Waschvorgang in 4 Stufen durch. Beim ersten Waschgang nimmt es kaltes Wasser auf, l\u00e4sst es im Melksystem zirkulieren und l\u00e4sst es ab. Bevor es zum zweiten Waschgang \u00fcbergeht, nimmt es das ausgew\u00e4hlte Desinfektionsmittel (sauer oder alkalisch) in der gew\u00fcnschten Menge auf, und wenn die Dosierpumpen stoppen, beginnt die Aufnahme von hei\u00dfem Wasser. Wenn das hei\u00dfe Wasser das gew\u00fcnschte Niveau erreicht, beginnt die Vakuumpumpe zu arbeiten. Das Kolbenventil aktiviert, um sicherzustellen, dass das Desinfektionsmittel warmes Wasser f\u00fcr 15 Minuten im Melksystem zirkuliert. Dann schaltet sich das Kolbenventil aus und l\u00e4sst das Desinfektionswasser ab.<\/p>\n<p>Beim dritten Waschgang beginnt die Aufnahme von kaltem Wasser erneut, und wenn es das gew\u00fcnschte Niveau erreicht, beginnt die Vakuumpumpe zu arbeiten. Das Kolbenventil aktiviert, um sicherzustellen, dass das kalte Wasser f\u00fcr 5 Minuten im Melksystem zirkuliert. Dann schaltet sich das Kolbenventil aus und l\u00e4sst das kalte Wasser ab. Beim vierten und letzten Waschgang beginnt die Aufnahme von kaltem Wasser, und das Wasser wird im System zirkuliert und abgelassen, um alle verbleibenden R\u00fcckst\u00e4nde des Desinfektionsmittels zu entfernen. Der Waschvorgang endet nach insgesamt 4 Waschstufen.<br \/>\n\n<table id=\"tablepress-313\" class=\"tablepress tablepress-id-313\">\n<tbody class=\"row-striping row-hover\">\n<tr class=\"row-1\">\n\t<td class=\"column-1\">25509<\/td><td class=\"column-2\">ED1000 Waschpanel<\/td>\n<\/tr>\n<tr class=\"row-2\">\n\t<td class=\"column-1\">25508<\/td><td class=\"column-2\">Hei\u00df-Kaltwasser-Panel<\/td>\n<\/tr>\n<tr class=\"row-3\">\n\t<td class=\"column-1\">25503<\/td><td class=\"column-2\">Kolbenventil<\/td>\n<\/tr>\n<tr class=\"row-4\">\n\t<td class=\"column-1\">29100<\/td><td class=\"column-2\">S\u00e4urehaltiges Desinfektionsmittel<\/td>\n<\/tr>\n<tr class=\"row-5\">\n\t<td class=\"column-1\">29000<\/td><td class=\"column-2\">Alkalische Desinfektionsmittel<\/td>\n<\/tr>\n<tr class=\"row-6\">\n\t<td class=\"column-1\">27300<\/td><td class=\"column-2\">70l PVC Waschwanne<\/td>\n<\/tr>\n<tr class=\"row-7\">\n\t<td class=\"column-1\">27310<\/td><td class=\"column-2\">70l PVC Waschwanne Unterst\u00fctzung<\/td>\n<\/tr>\n<tr class=\"row-8\">\n\t<td class=\"column-1\">25505<\/td><td class=\"column-2\">F\u00fcllstandsanzeigerstab<\/td>\n<\/tr>\n<tr class=\"row-9\">\n\t<td class=\"column-1\">16501<\/td><td class=\"column-2\">5m 38 x 47 mm lebensmitteltauglicher PVC-Schlauch mit Feder<\/td>\n<\/tr>\n<tr class=\"row-10\">\n\t<td class=\"column-1\">19500<\/td><td class=\"column-2\">Milchauslass<\/td>\n<\/tr>\n<tr class=\"row-11\">\n\t<td class=\"column-1\">16360<\/td><td class=\"column-2\">2,5 m, 7 x 14 mm PVC-Einzelschlauch<\/td>\n<\/tr>\n<tr class=\"row-12\">\n\t<td class=\"column-1\">25507<\/td><td class=\"column-2\">50 cm \u00be\" x \u00be\" Schl\u00e4uche<\/td>\n<\/tr>\n<tr class=\"row-13\">\n\t<td class=\"column-1\">25511<\/td><td class=\"column-2\">1 m, 12 x 15 mm Hei\u00df-Kaltwasser-Schlauch<\/td>\n<\/tr>\n<\/tbody>\n<\/table>\n<!-- #tablepress-313 from cache --><\/p>\n","protected":false},"excerpt":{"rendered":"<p>Enth\u00e4lt (25509) ED1000 Waschtafel, (25508) hei\u00df-kalte Wasserarmatur, (25503) Kolbenventil, (29100) saures Desinfektionsmittel, (29000) alkalische Desinfektionsmittel, (27310) 70l PVC-Waschbecken, (27310) 70l PVC-Waschbeckenhalterung, (25505) F\u00fcllstandsanzeigerstange, (16501) 5m 38 x 47 mm PVC-Schlauch mit Feder, (19500) Milchauslass, (16360) 2,5 m, 7 x 14 mm PVC-Einzelschlauch, (25507) 50 cm \u00be&#8221; x \u00be&#8221; Schl\u00e4uche, (25511) 1 m, 12 x 15mm Hei\u00df-Kaltwasserschlauch.<\/p>\n","protected":false},"featured_media":6721,"template":"","meta":{"_eb_attr":"","_kadence_starter_templates_imported_post":false,"_kad_post_transparent":"","_kad_post_title":"","_kad_post_layout":"","_kad_post_sidebar_id":"","_kad_post_content_style":"","_kad_post_vertical_padding":"","_kad_post_feature":"","_kad_post_feature_position":"","_kad_post_header":false,"_kad_post_footer":false,"_kad_post_classname":""},"product_brand":[],"product_cat":[1352,1459],"product_tag":[],"class_list":{"0":"post-20143","1":"product","2":"type-product","3":"status-publish","4":"has-post-thumbnail","6":"product_cat-sagim-odasi-malzemeleri","7":"product_cat-yikama-sistemi-parcalari","9":"first","10":"instock","11":"shipping-taxable","12":"product-type-simple","13":"entry","14":"content-bg","15":"loop-entry"},"_links":{"self":[{"href":"https:\/\/www.enkatarim.com\/de\/wp-json\/wp\/v2\/product\/20143","targetHints":{"allow":["GET"]}}],"collection":[{"href":"https:\/\/www.enkatarim.com\/de\/wp-json\/wp\/v2\/product"}],"about":[{"href":"https:\/\/www.enkatarim.com\/de\/wp-json\/wp\/v2\/types\/product"}],"wp:featuredmedia":[{"embeddable":true,"href":"https:\/\/www.enkatarim.com\/de\/wp-json\/wp\/v2\/media\/6721"}],"wp:attachment":[{"href":"https:\/\/www.enkatarim.com\/de\/wp-json\/wp\/v2\/media?parent=20143"}],"wp:term":[{"taxonomy":"product_brand","embeddable":true,"href":"https:\/\/www.enkatarim.com\/de\/wp-json\/wp\/v2\/product_brand?post=20143"},{"taxonomy":"product_cat","embeddable":true,"href":"https:\/\/www.enkatarim.com\/de\/wp-json\/wp\/v2\/product_cat?post=20143"},{"taxonomy":"product_tag","embeddable":true,"href":"https:\/\/www.enkatarim.com\/de\/wp-json\/wp\/v2\/product_tag?post=20143"}],"curies":[{"name":"wp","href":"https:\/\/api.w.org\/{rel}","templated":true}]}}