{"id":20125,"date":"2023-03-07T15:05:40","date_gmt":"2023-03-07T15:05:40","guid":{"rendered":"https:\/\/enkatarim.com\/?post_type=product&#038;p=20125"},"modified":"2023-06-08T13:58:32","modified_gmt":"2023-06-08T13:58:32","slug":"300-x-60-mm-buyuk-tekerlek-yesil-16747","status":"publish","type":"product","link":"https:\/\/www.enkatarim.com\/de\/urun\/300-x-60-mm-buyuk-tekerlek-yesil-16747","title":{"rendered":"300 x 60 mm gro\u00dfes Rad, gr\u00fcn"},"content":{"rendered":"<ul>\n<li>D\u00fcnn<\/li>\n<li>Gro\u00df<\/li>\n<li>300 x 60 mm<\/li>\n<li>Gr\u00fcnes Felgenband<\/li>\n<li>F\u00fcr SM 300, SM 400, SM 600 und SM700<\/li>\n<\/ul>\n","protected":false},"excerpt":{"rendered":"<p>D\u00fcnn Gro\u00df 300 x 60 mm Gr\u00fcnes Felgenband F\u00fcr SM 300, SM 400, SM 600 und SM700<\/p>\n","protected":false},"featured_media":6674,"template":"","meta":{"_eb_attr":"","_kadence_starter_templates_imported_post":false,"_kad_post_transparent":"","_kad_post_title":"","_kad_post_layout":"","_kad_post_sidebar_id":"","_kad_post_content_style":"","_kad_post_vertical_padding":"","_kad_post_feature":"","_kad_post_feature_position":"","_kad_post_header":false,"_kad_post_footer":false,"_kad_post_classname":""},"product_brand":[],"product_cat":[1033,1446],"product_tag":[],"class_list":{"0":"post-20125","1":"product","2":"type-product","3":"status-publish","4":"has-post-thumbnail","6":"product_cat-sut-sagim-makinesi-parcalari","7":"product_cat-tekerlekler","9":"first","10":"instock","11":"shipping-taxable","12":"product-type-simple","13":"entry","14":"content-bg","15":"loop-entry"},"_links":{"self":[{"href":"https:\/\/www.enkatarim.com\/de\/wp-json\/wp\/v2\/product\/20125","targetHints":{"allow":["GET"]}}],"collection":[{"href":"https:\/\/www.enkatarim.com\/de\/wp-json\/wp\/v2\/product"}],"about":[{"href":"https:\/\/www.enkatarim.com\/de\/wp-json\/wp\/v2\/types\/product"}],"wp:featuredmedia":[{"embeddable":true,"href":"https:\/\/www.enkatarim.com\/de\/wp-json\/wp\/v2\/media\/6674"}],"wp:attachment":[{"href":"https:\/\/www.enkatarim.com\/de\/wp-json\/wp\/v2\/media?parent=20125"}],"wp:term":[{"taxonomy":"product_brand","embeddable":true,"href":"https:\/\/www.enkatarim.com\/de\/wp-json\/wp\/v2\/product_brand?post=20125"},{"taxonomy":"product_cat","embeddable":true,"href":"https:\/\/www.enkatarim.com\/de\/wp-json\/wp\/v2\/product_cat?post=20125"},{"taxonomy":"product_tag","embeddable":true,"href":"https:\/\/www.enkatarim.com\/de\/wp-json\/wp\/v2\/product_tag?post=20125"}],"curies":[{"name":"wp","href":"https:\/\/api.w.org\/{rel}","templated":true}]}}