{"id":20096,"date":"2023-03-07T15:05:29","date_gmt":"2023-03-07T15:05:29","guid":{"rendered":"https:\/\/enkatarim.com\/?post_type=product&#038;p=20096"},"modified":"2023-06-08T13:58:27","modified_gmt":"2023-06-08T13:58:27","slug":"o16-5-x-150-mm-inek-icin-paslanmaz-celik-memelik-kilifi-14750","status":"publish","type":"product","link":"https:\/\/www.enkatarim.com\/de\/urun\/o16-5-x-150-mm-inek-icin-paslanmaz-celik-memelik-kilifi-14750","title":{"rendered":"\u00d816,5 x 150 mm Melkbechergeh\u00e4use aus Edelstahl f\u00fcr K\u00fche"},"content":{"rendered":"\n<table id=\"tablepress-185\" class=\"tablepress tablepress-id-185\">\n<tbody class=\"row-striping row-hover\">\n<tr class=\"row-1\">\n\t<td class=\"column-1\">\u00d6ffnung<\/td><td class=\"column-2\">18 cm<\/td>\n<\/tr>\n<tr class=\"row-2\">\n\t<td class=\"column-1\">Ausgang<\/td><td class=\"column-2\">42 cm<\/td>\n<\/tr>\n<tr class=\"row-3\">\n\t<td class=\"column-1\">L\u00e4nge<\/td><td class=\"column-2\">150 mm<\/td>\n<\/tr>\n<tr class=\"row-4\">\n\t<td class=\"column-1\">Vakuumanschluss<\/td><td class=\"column-2\">10.5 mm<\/td>\n<\/tr>\n<tr class=\"row-5\">\n\t<td class=\"column-1\">Dicke<\/td><td class=\"column-2\">2 mm<\/td>\n<\/tr>\n<tr class=\"row-6\">\n\t<td class=\"column-1\">Gewicht<\/td><td class=\"column-2\">300 gr<\/td>\n<\/tr>\n<\/tbody>\n<\/table>\n<!-- #tablepress-185 from cache -->\n","protected":false},"excerpt":{"rendered":"<ul>\n<li>Edelstahl<\/li>\n<\/ul>\n","protected":false},"featured_media":6621,"template":"","meta":{"_eb_attr":"","_kadence_starter_templates_imported_post":false,"_kad_post_transparent":"","_kad_post_title":"","_kad_post_layout":"","_kad_post_sidebar_id":"","_kad_post_content_style":"","_kad_post_vertical_padding":"","_kad_post_feature":"","_kad_post_feature_position":"","_kad_post_header":false,"_kad_post_footer":false,"_kad_post_classname":""},"product_brand":[],"product_cat":[1210,1066,1033],"product_tag":[],"class_list":{"0":"post-20096","1":"product","2":"type-product","3":"status-publish","4":"has-post-thumbnail","6":"product_cat-memelik-kiliflari","7":"product_cat-sagim-demetleri","8":"product_cat-sut-sagim-makinesi-parcalari","10":"first","11":"instock","12":"shipping-taxable","13":"product-type-simple","14":"entry","15":"content-bg","16":"loop-entry"},"_links":{"self":[{"href":"https:\/\/www.enkatarim.com\/de\/wp-json\/wp\/v2\/product\/20096","targetHints":{"allow":["GET"]}}],"collection":[{"href":"https:\/\/www.enkatarim.com\/de\/wp-json\/wp\/v2\/product"}],"about":[{"href":"https:\/\/www.enkatarim.com\/de\/wp-json\/wp\/v2\/types\/product"}],"wp:featuredmedia":[{"embeddable":true,"href":"https:\/\/www.enkatarim.com\/de\/wp-json\/wp\/v2\/media\/6621"}],"wp:attachment":[{"href":"https:\/\/www.enkatarim.com\/de\/wp-json\/wp\/v2\/media?parent=20096"}],"wp:term":[{"taxonomy":"product_brand","embeddable":true,"href":"https:\/\/www.enkatarim.com\/de\/wp-json\/wp\/v2\/product_brand?post=20096"},{"taxonomy":"product_cat","embeddable":true,"href":"https:\/\/www.enkatarim.com\/de\/wp-json\/wp\/v2\/product_cat?post=20096"},{"taxonomy":"product_tag","embeddable":true,"href":"https:\/\/www.enkatarim.com\/de\/wp-json\/wp\/v2\/product_tag?post=20096"}],"curies":[{"name":"wp","href":"https:\/\/api.w.org\/{rel}","templated":true}]}}