{"id":20090,"date":"2023-03-07T15:05:27","date_gmt":"2023-03-07T15:05:27","guid":{"rendered":"https:\/\/enkatarim.com\/?post_type=product&#038;p=20090"},"modified":"2023-06-08T13:58:26","modified_gmt":"2023-06-08T13:58:26","slug":"afm-3000-debimetre-33900","status":"publish","type":"product","link":"https:\/\/www.enkatarim.com\/de\/urun\/afm-3000-debimetre-33900","title":{"rendered":"AFM 3000 Durchflussmesser"},"content":{"rendered":"<p>Dieser Luftstrommesser ist an der Pumpe installiert und diagnostiziert m\u00f6gliche Lecks in der Melkmaschine. Er h\u00e4lt Vakuumfluktuationen auf ein Minimum und stellt sicher, dass die Tiere auf dem gleichen Vakuumniveau gemolken werden, was entscheidend zur Vorbeugung von Mastitis beitr\u00e4gt. Er hat zwei Skalen (grob und fein), ist sehr widerstandsf\u00e4hig, ergonomisch, zuverl\u00e4ssig und hat sich im Feld bew\u00e4hrt. Messwerte werden manuell im PT-VI eingegeben, damit sie in Messprotokollen verwendet werden k\u00f6nnen. Der Messwert wird nur in L\/min ausgegeben.<\/p>\n","protected":false},"excerpt":{"rendered":"<p>Dieser Luftstrommesser ist an der Pumpe installiert und diagnostiziert m\u00f6gliche Lecks in der Melkmaschine. Er h\u00e4lt Vakuumfluktuationen auf ein Minimum und stellt sicher, dass die Tiere auf dem gleichen Vakuumniveau gemolken werden, was entscheidend zur Vorbeugung von Mastitis beitr\u00e4gt. Er hat zwei Skalen (grob und fein), ist sehr widerstandsf\u00e4hig, ergonomisch, zuverl\u00e4ssig und hat sich im&#8230;<\/p>\n","protected":false},"featured_media":6607,"template":"","meta":{"_eb_attr":"","_kadence_starter_templates_imported_post":false,"_kad_post_transparent":"","_kad_post_title":"","_kad_post_layout":"","_kad_post_sidebar_id":"","_kad_post_content_style":"","_kad_post_vertical_padding":"","_kad_post_feature":"","_kad_post_feature_position":"","_kad_post_header":false,"_kad_post_footer":false,"_kad_post_classname":""},"product_brand":[],"product_cat":[1440,1034,1033],"product_tag":[],"class_list":{"0":"post-20090","1":"product","2":"type-product","3":"status-publish","4":"has-post-thumbnail","6":"product_cat-pulsator-test-aletleri","7":"product_cat-pulsator","8":"product_cat-sut-sagim-makinesi-parcalari","10":"first","11":"instock","12":"shipping-taxable","13":"product-type-simple","14":"entry","15":"content-bg","16":"loop-entry"},"_links":{"self":[{"href":"https:\/\/www.enkatarim.com\/de\/wp-json\/wp\/v2\/product\/20090","targetHints":{"allow":["GET"]}}],"collection":[{"href":"https:\/\/www.enkatarim.com\/de\/wp-json\/wp\/v2\/product"}],"about":[{"href":"https:\/\/www.enkatarim.com\/de\/wp-json\/wp\/v2\/types\/product"}],"wp:featuredmedia":[{"embeddable":true,"href":"https:\/\/www.enkatarim.com\/de\/wp-json\/wp\/v2\/media\/6607"}],"wp:attachment":[{"href":"https:\/\/www.enkatarim.com\/de\/wp-json\/wp\/v2\/media?parent=20090"}],"wp:term":[{"taxonomy":"product_brand","embeddable":true,"href":"https:\/\/www.enkatarim.com\/de\/wp-json\/wp\/v2\/product_brand?post=20090"},{"taxonomy":"product_cat","embeddable":true,"href":"https:\/\/www.enkatarim.com\/de\/wp-json\/wp\/v2\/product_cat?post=20090"},{"taxonomy":"product_tag","embeddable":true,"href":"https:\/\/www.enkatarim.com\/de\/wp-json\/wp\/v2\/product_tag?post=20090"}],"curies":[{"name":"wp","href":"https:\/\/api.w.org\/{rel}","templated":true}]}}