{"id":20089,"date":"2023-03-07T15:05:26","date_gmt":"2023-03-07T15:05:26","guid":{"rendered":"https:\/\/enkatarim.com\/?post_type=product&#038;p=20089"},"modified":"2023-06-08T13:58:26","modified_gmt":"2023-06-08T13:58:26","slug":"pt-iv-pulsator-test-cihazi-34500","status":"publish","type":"product","link":"https:\/\/www.enkatarim.com\/de\/urun\/pt-iv-pulsator-test-cihazi-34500","title":{"rendered":"PT IV Pulsatortester"},"content":{"rendered":"<ul>\n<li>Der PT-V ist ein multifunktionales Instrument, das ein Vakuummeter, einen Pulsatortester und einen Luftstrommesser in einem Ger\u00e4t kombiniert.<\/li>\n<li>Es ist in der Lage, dynamische Messungen durchzuf\u00fchren und verf\u00fcgt \u00fcber installierte ISO- und UNE-Protokolle.<\/li>\n<li>Daten k\u00f6nnen gespeichert, angezeigt, gedruckt oder auf einen PC mit Windows \u00fcbertragen werden.<\/li>\n<li>Eine optionale Luftstrommessung ist auch mit dem PT-V Pulsatortester erh\u00e4ltlich.<\/li>\n<li>Es verf\u00fcgt \u00fcber 8 GB Speicher, der \u00fcber 5000 Messungen speichern kann.<\/li>\n<li>Der PT-V hat einen 7-Zoll-Touchscreen und kann \u00fcber USB aufgeladen werden.<\/li>\n<li>Es funktioniert bei 100-230V \/ 50-60Hz und kann auch \u00fcber ein USB-Autoladeger\u00e4t (12V) aufgeladen werden.<\/li>\n<li>Report Generator 6.0 (Win\/Mac) ist enthalten.<\/li>\n<\/ul>\n","protected":false},"excerpt":{"rendered":"<p>Der PT-V ist ein multifunktionales Instrument, das ein Vakuummeter, einen Pulsatortester und einen Luftstrommesser in einem Ger\u00e4t kombiniert. Es ist in der Lage, dynamische Messungen durchzuf\u00fchren und verf\u00fcgt \u00fcber installierte ISO- und UNE-Protokolle. Daten k\u00f6nnen gespeichert, angezeigt, gedruckt oder auf einen PC mit Windows \u00fcbertragen werden. Eine optionale Luftstrommessung ist auch mit dem PT-V Pulsatortester&#8230;<\/p>\n","protected":false},"featured_media":6605,"template":"","meta":{"_eb_attr":"","_kadence_starter_templates_imported_post":false,"_kad_post_transparent":"","_kad_post_title":"","_kad_post_layout":"","_kad_post_sidebar_id":"","_kad_post_content_style":"","_kad_post_vertical_padding":"","_kad_post_feature":"","_kad_post_feature_position":"","_kad_post_header":false,"_kad_post_footer":false,"_kad_post_classname":""},"product_brand":[],"product_cat":[1440,1034,1033],"product_tag":[],"class_list":{"0":"post-20089","1":"product","2":"type-product","3":"status-publish","4":"has-post-thumbnail","6":"product_cat-pulsator-test-aletleri","7":"product_cat-pulsator","8":"product_cat-sut-sagim-makinesi-parcalari","10":"first","11":"instock","12":"shipping-taxable","13":"product-type-simple","14":"entry","15":"content-bg","16":"loop-entry"},"_links":{"self":[{"href":"https:\/\/www.enkatarim.com\/de\/wp-json\/wp\/v2\/product\/20089","targetHints":{"allow":["GET"]}}],"collection":[{"href":"https:\/\/www.enkatarim.com\/de\/wp-json\/wp\/v2\/product"}],"about":[{"href":"https:\/\/www.enkatarim.com\/de\/wp-json\/wp\/v2\/types\/product"}],"wp:featuredmedia":[{"embeddable":true,"href":"https:\/\/www.enkatarim.com\/de\/wp-json\/wp\/v2\/media\/6605"}],"wp:attachment":[{"href":"https:\/\/www.enkatarim.com\/de\/wp-json\/wp\/v2\/media?parent=20089"}],"wp:term":[{"taxonomy":"product_brand","embeddable":true,"href":"https:\/\/www.enkatarim.com\/de\/wp-json\/wp\/v2\/product_brand?post=20089"},{"taxonomy":"product_cat","embeddable":true,"href":"https:\/\/www.enkatarim.com\/de\/wp-json\/wp\/v2\/product_cat?post=20089"},{"taxonomy":"product_tag","embeddable":true,"href":"https:\/\/www.enkatarim.com\/de\/wp-json\/wp\/v2\/product_tag?post=20089"}],"curies":[{"name":"wp","href":"https:\/\/api.w.org\/{rel}","templated":true}]}}