{"id":20048,"date":"2023-03-07T15:05:15","date_gmt":"2023-03-07T15:05:15","guid":{"rendered":"https:\/\/enkatarim.com\/?post_type=product&#038;p=20048"},"modified":"2023-06-08T13:58:18","modified_gmt":"2023-06-08T13:58:18","slug":"2100-lt-sut-transfer-tanki-cift-cidarli-6-ayakli-53061","status":"publish","type":"product","link":"https:\/\/www.enkatarim.com\/de\/urun\/2100-lt-sut-transfer-tanki-cift-cidarli-6-ayakli-53061","title":{"rendered":"2100 l Milchtransfertank mit 6 Fu\u00df Doppelwand"},"content":{"rendered":"<p>Ihr Milchtransferbeh\u00e4lter ist Ihr gr\u00f6\u00dfter Helfer mit einfacher Struktur, einfacher Bedienung, Zuverl\u00e4ssigkeit, hoher Leistung und langer Lebensdauer.<\/p>\n<p>Er ist effizient und praktisch mit seinen flachen Innenw\u00e4nden und perfekt abgerundeten Kanten.<\/p>\n<p>Dank des elliptischen Schnitts der Beh\u00e4lter st\u00f6rt der Milchtransferbeh\u00e4lter in allen Kapazit\u00e4ten das Gleichgewicht des Fahrzeugs nicht, wenn er hinter dem Fahrzeug verwendet wird, und sorgt f\u00fcr einen niedrigen Schwerpunkt.<\/p>\n<p>Der erh\u00f6hte Beh\u00e4lterdeckel \u00f6ffnet und verschlie\u00dft sich leicht. Dank seiner hohen Dichtheit erm\u00f6glicht er einen sicheren Transport von Milch.<\/p>\n<p>Geeignete Tankkonstruktion<br \/>\nUnsere Milchk\u00fchltanks bieten eine einfache Konstruktion, eine einfache Bedienung, zuverl\u00e4ssige Leistung und eine lange Lebensdauer und bieten dabei ein hervorragendes Preis-Leistungs-Verh\u00e4ltnis.<\/p>\n<p>Innere Konstruktion<br \/>\nRobuste Bauweise, hohe Best\u00e4ndigkeit gegen\u00fcber Belastungen mit glatten Innenw\u00e4nden, abgerundeten Kanten und perfekter Schwei\u00dfnaht.<\/p>\n<p>Form und Konstruktion<br \/>\nDank des elliptischen Querschnitts der Tanks und ihrer ovalen Form behalten alle Milchtransfermodelle einen niedrigen Schwerpunkt bei und verbessern das Gleichgewicht des Fahrzeugs w\u00e4hrend des Transports von Milch.<\/p>\n<p>Pr\u00e4zises Design und hervorragende Reinigung<br \/>\nDas funktionale Design, die Qualit\u00e4t und die Verarbeitung der Metallkonstruktion verhindern das Eindringen selbst geringster Milchmengen in den Tank, um die Entwicklung von Bakterien und die Verschlechterung der Milchqualit\u00e4t zu vermeiden.<\/p>\n<p>Druckausgleich<br \/>\nJeder Tank verf\u00fcgt \u00fcber eine zus\u00e4tzliche Bel\u00fcftungskappe aus Edelstahl, um den Lufteinlass\/-auslass zu erm\u00f6glichen und einen hohen oder niedrigen Druck w\u00e4hrend des Bef\u00fcllens oder Entleerens des Tanks zu verhindern.<\/p>\n<p>Vollst\u00e4ndige Abdichtung<br \/>\nDie erh\u00f6hte Mannloch\u00f6ffnung (D400mm) in Kombination mit der Dichtung im oberen Teil, dem einfachen Verriegelungssystem und der perfekten Schwei\u00dfnaht gew\u00e4hrleisten die vollst\u00e4ndige Abdichtung des Tanks und den sicheren Transport von Milch.<\/p>\n<p>Robuste Bauweise<br \/>\nDie robuste Konstruktion bietet Widerstand gegen Transportsch\u00e4den und ihr geeignetes Design tr\u00e4gt zur Verkehrssicherheit bei, indem das Risiko abrupter Gewichtsverlagerungen reduziert wird.<\/p>\n<p>Milchtrennung<br \/>\nDie Unterteilung des Innenraums in ein oder mehrere F\u00e4cher erm\u00f6glicht die sequenzielle und separate Sammlung von Milchmengen aus verschiedenen Quellen.<\/p>\n<p>Unabh\u00e4ngige Auslassventile<br \/>\nJedes Fach verf\u00fcgt \u00fcber ein eigenes unabh\u00e4ngiges Auslassventil vom Typ Schmetterling DN50, SMS51 oder Triclamp je nach Bedarf. Bei Ausf\u00fchrung als DN50-Typ ist das Ventil mit einer Lebensmittelqualit\u00e4tskappe aus Kunststoff ausgestattet.<\/p>\n<p>Einfache Reinigung und Desinfektion<br \/>\nJedes Fach verf\u00fcgt \u00fcber ein eigenes Spr\u00fchkugelsystem.<\/p>\n<p>Milchpumpe (optional)<br \/>\nAlle Milchtransferbeh\u00e4lter k\u00f6nnen optional mit der leistungsstarken Milchpumpe aus Edelstahl (230V oder 12V) f\u00fcr kontinuierlichen Umlauf und konstanten Milchfluss w\u00e4hrend des Bef\u00fcllens oder Entleerens ausgestattet werden.<\/p>\n","protected":false},"excerpt":{"rendered":"<ul>\n<li>Kapazit\u00e4t: 2100 lt<\/li>\n<li>Gewicht: 370 kg<\/li>\n<li>Abteilung: 1<\/li>\n<li>Anzahl der Beine: 6<\/li>\n<li>Abmessungen: 132 x 240 x 132 cm<\/li>\n<\/ul>\n<p>Bitte fragen Sie Ihren Vertriebsmitarbeiter nach endg\u00fcltigen Informationen zur Produktionszeit und Lieferung von Milchtransferbeh\u00e4ltern.<\/p>\n","protected":false},"featured_media":6525,"template":"","meta":{"_eb_attr":"","_kadence_starter_templates_imported_post":false,"_kad_post_transparent":"","_kad_post_title":"","_kad_post_layout":"","_kad_post_sidebar_id":"","_kad_post_content_style":"","_kad_post_vertical_padding":"","_kad_post_feature":"","_kad_post_feature_position":"","_kad_post_header":false,"_kad_post_footer":false,"_kad_post_classname":""},"product_brand":[],"product_cat":[1017,1167,1433],"product_tag":[],"class_list":{"0":"post-20048","1":"product","2":"type-product","3":"status-publish","4":"has-post-thumbnail","6":"product_cat-sut-endustrisi","7":"product_cat-sut-sogutma-tanklari","8":"product_cat-transfer-tanklari","10":"first","11":"instock","12":"shipping-taxable","13":"product-type-simple","14":"entry","15":"content-bg","16":"loop-entry"},"_links":{"self":[{"href":"https:\/\/www.enkatarim.com\/de\/wp-json\/wp\/v2\/product\/20048","targetHints":{"allow":["GET"]}}],"collection":[{"href":"https:\/\/www.enkatarim.com\/de\/wp-json\/wp\/v2\/product"}],"about":[{"href":"https:\/\/www.enkatarim.com\/de\/wp-json\/wp\/v2\/types\/product"}],"wp:featuredmedia":[{"embeddable":true,"href":"https:\/\/www.enkatarim.com\/de\/wp-json\/wp\/v2\/media\/6525"}],"wp:attachment":[{"href":"https:\/\/www.enkatarim.com\/de\/wp-json\/wp\/v2\/media?parent=20048"}],"wp:term":[{"taxonomy":"product_brand","embeddable":true,"href":"https:\/\/www.enkatarim.com\/de\/wp-json\/wp\/v2\/product_brand?post=20048"},{"taxonomy":"product_cat","embeddable":true,"href":"https:\/\/www.enkatarim.com\/de\/wp-json\/wp\/v2\/product_cat?post=20048"},{"taxonomy":"product_tag","embeddable":true,"href":"https:\/\/www.enkatarim.com\/de\/wp-json\/wp\/v2\/product_tag?post=20048"}],"curies":[{"name":"wp","href":"https:\/\/api.w.org\/{rel}","templated":true}]}}