{"id":20042,"date":"2023-03-07T15:05:13","date_gmt":"2023-03-07T15:05:13","guid":{"rendered":"https:\/\/enkatarim.com\/?post_type=product&#038;p=20042"},"modified":"2023-06-08T13:58:17","modified_gmt":"2023-06-08T13:58:17","slug":"10987-lt-kapali-tip-sut-sogutma-tanki-trifaze-57700","status":"publish","type":"product","link":"https:\/\/www.enkatarim.com\/de\/urun\/10987-lt-kapali-tip-sut-sogutma-tanki-trifaze-57700","title":{"rendered":"10987 lt geschlossener horizontaler Milchk\u00fchltank, dreiphasig"},"content":{"rendered":"<p>K\u00fchlaggregat<br \/>\nDiese Serienmodelle sind in Versionen mit 2, 4 oder 6 Melkvorg\u00e4ngen erh\u00e4ltlich und k\u00f6nnen mit 1, 2 oder 4 K\u00fchlaggregaten ausgestattet werden, die f\u00fcr starke K\u00fchlung und Zuverl\u00e4ssigkeit sorgen. Bei Modellen bis zu 5.000 Litern ist es m\u00f6glich, das K\u00fchlaggregat am Tank zu installieren. Sie sind mit Tecumseh-, Maneurop- und Copeland-Kompressoren erh\u00e4ltlich. Zum Schutz und f\u00fcr eine bessere Leistung ist der Schaltkreis ausgestattet mit: einem Magnetventil, separaten Druckschaltern zur \u00dcberwachung des Hoch- und Niederdrucks im K\u00fchlsystem, einem Druckschalter zur Steuerung des zweiten L\u00fcfters, einem Filter, einer Empf\u00e4ngerflasche f\u00fcr das K\u00e4ltemittel, einem Sicherheitsventil am Empf\u00e4nger, einem Ausdehnungsventil mit entsprechender Leistung, separaten thermomagnetischen Schaltern im Stromkreis f\u00fcr jeden Kompressor und einem Spannungsregler.<\/p>\n<p>Isolierung<br \/>\nAlle Modelle bestehen vollst\u00e4ndig aus Edelstahl AISI 304 und sind optimal mit Polyurethanschaum isoliert, sodass bereits wenige Minuten Betrieb des K\u00fchlaggregats ausreichen, um die vorgek\u00fchlte Milch zu erhalten.<\/p>\n<p>Druckausgleich aus Edelstahl<br \/>\nDer Edelstahlfilter der Tanks verhindert das Einstr\u00f6men von Luft in den Tank w\u00e4hrend des Bef\u00fcllvorgangs und erleichtert die Entleerung. Je nach Tankgr\u00f6\u00dfe k\u00f6nnen bis zu drei Filter vorhanden sein, die leicht entfernt werden k\u00f6nnen.<\/p>\n<p>Messdipstick<br \/>\nAlle Enka-Tanks mit geschlossenem Milchk\u00fchlsystem sind mit einem Edelstahl-Messdipstick und einer Umrechnungstabelle in Litern ausgestattet, um die Menge an Milch leicht berechnen zu k\u00f6nnen.<\/p>\n<p>R\u00fchrmotor<br \/>\nDie Enka-Tanks mit geschlossenem Milchk\u00fchlsystem sind mit leistungsstarken Motoren ausgestattet, die auf 25 U\/min eingestellt sind und auf einem erh\u00f6hten Sockel platziert sind, um eine einfache Reinigung zu gew\u00e4hrleisten. Tanks von 8.000 bis 20.000 l haben zwei oder drei Motoren f\u00fcr eine bessere Durchmischung der Milchmenge. In Tanks von 8000 l bis 20000 l sind zwei oder drei Motoren besser geeignet, um die Milch im Tank zu vermischen.<\/p>\n<p>Mannloch<br \/>\nDas Edelstahl-Mannloch der Tanks sorgt ohne Verwendung einer Flanschverbindung f\u00fcr eine \u00fcberlegene Abdichtung. F\u00fcr Modelle bis 3.000 l betr\u00e4gt der Durchmesser \u00d8 400 mm und f\u00fcr Modelle bis 4.000 l \u00d8 500 mm. Es ist vollst\u00e4ndig drehbar und sein intelligentes Design erm\u00f6glicht es, es in ge\u00f6ffneter Position zu fixieren.<\/p>\n<p>Leiter<br \/>\nAlle Modelle \u00fcber 1.500 l verf\u00fcgen \u00fcber eine Edelstahlleiter mit rutschfesten Stufen zur Inspektion des Milchinhalts \u00fcber das Mannloch oben am Tank.<\/p>\n<p>Milchauslass<br \/>\nF\u00fcr Modelle bis zu 6.000 l wird ein Edelstahl-Schmetterlingsventil des Typs DN50 f\u00fcr den Milchauslass verwendet. Bei gr\u00f6\u00dferen Modellen wird das Ventil des Typs DN80 verwendet. In allen F\u00e4llen ist eine Anpassung an spezifische Anforderungen m\u00f6glich.<\/p>\n<p>Temperatursensor<br \/>\nDie Position des Temperatursensors wurde sorgf\u00e4ltig ausgew\u00e4hlt, um im Falle eines Ausfalls leicht ausgetauscht werden zu k\u00f6nnen.<\/p>\n<p>H\u00f6henverstellbare Edelstahlbeine<br \/>\nDie geschlossenen Milchk\u00fchltanks von Enka haben je nach Modell 4 bis 12 h\u00f6henverstellbare St\u00fctzbeine, um auch auf unebenen B\u00f6den eine ordnungsgem\u00e4\u00dfe Ausrichtung zu gew\u00e4hrleisten.<\/p>\n<p>Selbstreinigendes Ventil (optional)<br \/>\nOptional kann ein selbstreinigendes Ventil installiert werden, um die Nutzung des Reinigungssystems der Tanks zu erleichtern.<\/p>\n<p>Elektronisches Messsystem (optional)<br \/>\nEin hochpr\u00e4zises elektronisches Messsystem mit Verwendung eines Sensorschwimmers kann zur zuverl\u00e4ssigen \u00dcberwachung der Milchmenge im Tank installiert werden. Das Bedienfeld des Systems verf\u00fcgt \u00fcber eine gro\u00dfe leicht ablesbare 5-stellige Anzeige, die die Menge an Milch in Kilogramm oder Litern anzeigt.<\/p>\n","protected":false},"excerpt":{"rendered":"<ul>\n<li>Kapazit\u00e4t: 10987 Liter<\/li>\n<li>K\u00fchlgebl\u00e4seeinheit: 2 x ZB95<\/li>\n<li>Spannung: 380 &#8211; 400 V 50 Hz, Drei-Phasen<\/li>\n<li>K\u00fchlmittel: R404A<\/li>\n<li>K\u00fchlleistung: 2 x (30000 W, 13.5 PS)<\/li>\n<li>Betriebsstrom: 2 x 21.6A<\/li>\n<li>Stromverbrauch: 2 x 11700W<\/li>\n<li>Anzahl der Melkstationen: 2<\/li>\n<li>Anzahl der Beine: 6<\/li>\n<li>Mixer: 2<\/li>\n<li>Abmessungen: 199 x 299 x 416 cm<\/li>\n<\/ul>\n<p>Bitte wenden Sie sich zwecks endg\u00fcltiger Informationen zur Produktionszeit und Lieferung von geschlossenen K\u00fchltanks an Ihren Verkaufsvertreter.<\/p>\n","protected":false},"featured_media":6511,"template":"","meta":{"_eb_attr":"","_kadence_starter_templates_imported_post":false,"_kad_post_transparent":"","_kad_post_title":"","_kad_post_layout":"","_kad_post_sidebar_id":"","_kad_post_content_style":"","_kad_post_vertical_padding":"","_kad_post_feature":"","_kad_post_feature_position":"","_kad_post_header":false,"_kad_post_footer":false,"_kad_post_classname":""},"product_brand":[],"product_cat":[1432,1017,1167],"product_tag":[],"class_list":{"0":"post-20042","1":"product","2":"type-product","3":"status-publish","4":"has-post-thumbnail","6":"product_cat-kapali-sut-sogutma-tanklari","7":"product_cat-sut-endustrisi","8":"product_cat-sut-sogutma-tanklari","10":"first","11":"instock","12":"shipping-taxable","13":"product-type-simple","14":"entry","15":"content-bg","16":"loop-entry"},"_links":{"self":[{"href":"https:\/\/www.enkatarim.com\/de\/wp-json\/wp\/v2\/product\/20042","targetHints":{"allow":["GET"]}}],"collection":[{"href":"https:\/\/www.enkatarim.com\/de\/wp-json\/wp\/v2\/product"}],"about":[{"href":"https:\/\/www.enkatarim.com\/de\/wp-json\/wp\/v2\/types\/product"}],"wp:featuredmedia":[{"embeddable":true,"href":"https:\/\/www.enkatarim.com\/de\/wp-json\/wp\/v2\/media\/6511"}],"wp:attachment":[{"href":"https:\/\/www.enkatarim.com\/de\/wp-json\/wp\/v2\/media?parent=20042"}],"wp:term":[{"taxonomy":"product_brand","embeddable":true,"href":"https:\/\/www.enkatarim.com\/de\/wp-json\/wp\/v2\/product_brand?post=20042"},{"taxonomy":"product_cat","embeddable":true,"href":"https:\/\/www.enkatarim.com\/de\/wp-json\/wp\/v2\/product_cat?post=20042"},{"taxonomy":"product_tag","embeddable":true,"href":"https:\/\/www.enkatarim.com\/de\/wp-json\/wp\/v2\/product_tag?post=20042"}],"curies":[{"name":"wp","href":"https:\/\/api.w.org\/{rel}","templated":true}]}}