{"id":20002,"date":"2023-03-07T15:05:02","date_gmt":"2023-03-07T15:05:02","guid":{"rendered":"https:\/\/enkatarim.com\/?post_type=product&#038;p=20002"},"modified":"2023-06-08T13:58:13","modified_gmt":"2023-06-08T13:58:13","slug":"super-kose-izolatoru-51200","status":"publish","type":"product","link":"https:\/\/www.enkatarim.com\/de\/urun\/super-kose-izolatoru-51200","title":{"rendered":"Langstiel-Bandisolator metrisch"},"content":{"rendered":"<ul>\n<li>100 mm Gewindeschraube (M6)<\/li>\n<li>F\u00fcr B\u00e4nder bis zu 40 mm<\/li>\n<li>Inklusive 2 Muttern<\/li>\n<li>Von 2 Punkten verriegelbar<\/li>\n<li>25 St\u00fcck\/Packung<\/li>\n<\/ul>\n","protected":false},"excerpt":{"rendered":"<p>100 mm Gewindeschraube (M6) F\u00fcr B\u00e4nder bis zu 40 mm Inklusive 2 Muttern Von 2 Punkten verriegelbar 25 St\u00fcck\/Packung<\/p>\n","protected":false},"featured_media":6437,"template":"","meta":{"_eb_attr":"","_kadence_starter_templates_imported_post":false,"_kad_post_transparent":"","_kad_post_title":"","_kad_post_layout":"","_kad_post_sidebar_id":"","_kad_post_content_style":"","_kad_post_vertical_padding":"","_kad_post_feature":"","_kad_post_feature_position":"","_kad_post_header":false,"_kad_post_footer":false,"_kad_post_classname":""},"product_brand":[],"product_cat":[1195,1426],"product_tag":[],"class_list":{"0":"post-20002","1":"product","2":"type-product","3":"status-publish","4":"has-post-thumbnail","6":"product_cat-elektrikli-cit-sistemleri","7":"product_cat-izolatorler","9":"first","10":"instock","11":"shipping-taxable","12":"product-type-simple","13":"entry","14":"content-bg","15":"loop-entry"},"_links":{"self":[{"href":"https:\/\/www.enkatarim.com\/de\/wp-json\/wp\/v2\/product\/20002","targetHints":{"allow":["GET"]}}],"collection":[{"href":"https:\/\/www.enkatarim.com\/de\/wp-json\/wp\/v2\/product"}],"about":[{"href":"https:\/\/www.enkatarim.com\/de\/wp-json\/wp\/v2\/types\/product"}],"wp:featuredmedia":[{"embeddable":true,"href":"https:\/\/www.enkatarim.com\/de\/wp-json\/wp\/v2\/media\/6437"}],"wp:attachment":[{"href":"https:\/\/www.enkatarim.com\/de\/wp-json\/wp\/v2\/media?parent=20002"}],"wp:term":[{"taxonomy":"product_brand","embeddable":true,"href":"https:\/\/www.enkatarim.com\/de\/wp-json\/wp\/v2\/product_brand?post=20002"},{"taxonomy":"product_cat","embeddable":true,"href":"https:\/\/www.enkatarim.com\/de\/wp-json\/wp\/v2\/product_cat?post=20002"},{"taxonomy":"product_tag","embeddable":true,"href":"https:\/\/www.enkatarim.com\/de\/wp-json\/wp\/v2\/product_tag?post=20002"}],"curies":[{"name":"wp","href":"https:\/\/api.w.org\/{rel}","templated":true}]}}