{"id":19983,"date":"2023-03-07T15:04:53","date_gmt":"2023-03-07T15:04:53","guid":{"rendered":"https:\/\/enkatarim.com\/?post_type=product&#038;p=19983"},"modified":"2026-03-26T10:58:21","modified_gmt":"2026-03-26T07:58:21","slug":"suni-tohumlama-eldiveni-vetbasic-17085","status":"publish","type":"product","link":"https:\/\/www.enkatarim.com\/de\/urun\/suni-tohumlama-eldiveni-vetbasic-17085","title":{"rendered":"Einmalhandschuhe VETbasic, 90 cm"},"content":{"rendered":"<ul>\n<li>90 cm<\/li>\n<li>25 Mikrometer<\/li>\n<li>Lebensmittelecht<\/li>\n<li>Einweg<\/li>\n<li>Standardgr\u00f6\u00dfe<\/li>\n<li>100 St\u00fcck\/Paket<\/li>\n<\/ul>\n","protected":false},"excerpt":{"rendered":"<p>90 cm 25 Mikrometer Lebensmittelecht Einweg Standardgr\u00f6\u00dfe 100 St\u00fcck\/Paket<\/p>\n","protected":false},"featured_media":24649,"template":"","meta":{"_eb_attr":"","_kadence_starter_templates_imported_post":false,"_kad_post_transparent":"default","_kad_post_title":"","_kad_post_layout":"default","_kad_post_sidebar_id":"","_kad_post_content_style":"default","_kad_post_vertical_padding":"default","_kad_post_feature":"","_kad_post_feature_position":"","_kad_post_header":false,"_kad_post_footer":false,"_kad_post_classname":""},"product_brand":[],"product_cat":[1051,1421,1231],"product_tag":[],"class_list":{"0":"post-19983","1":"product","2":"type-product","3":"status-publish","4":"has-post-thumbnail","6":"product_cat-ciftlik-ve-hayvancilik-ekipmanlari","7":"product_cat-suni-tohumlama-eldivenleri","8":"product_cat-veteriner-ekipmanlari","10":"first","11":"instock","12":"shipping-taxable","13":"product-type-simple","14":"entry","15":"content-bg","16":"loop-entry"},"_links":{"self":[{"href":"https:\/\/www.enkatarim.com\/de\/wp-json\/wp\/v2\/product\/19983","targetHints":{"allow":["GET"]}}],"collection":[{"href":"https:\/\/www.enkatarim.com\/de\/wp-json\/wp\/v2\/product"}],"about":[{"href":"https:\/\/www.enkatarim.com\/de\/wp-json\/wp\/v2\/types\/product"}],"wp:featuredmedia":[{"embeddable":true,"href":"https:\/\/www.enkatarim.com\/de\/wp-json\/wp\/v2\/media\/24649"}],"wp:attachment":[{"href":"https:\/\/www.enkatarim.com\/de\/wp-json\/wp\/v2\/media?parent=19983"}],"wp:term":[{"taxonomy":"product_brand","embeddable":true,"href":"https:\/\/www.enkatarim.com\/de\/wp-json\/wp\/v2\/product_brand?post=19983"},{"taxonomy":"product_cat","embeddable":true,"href":"https:\/\/www.enkatarim.com\/de\/wp-json\/wp\/v2\/product_cat?post=19983"},{"taxonomy":"product_tag","embeddable":true,"href":"https:\/\/www.enkatarim.com\/de\/wp-json\/wp\/v2\/product_tag?post=19983"}],"curies":[{"name":"wp","href":"https:\/\/api.w.org\/{rel}","templated":true}]}}