{"id":19936,"date":"2023-03-07T15:04:15","date_gmt":"2023-03-07T15:04:15","guid":{"rendered":"https:\/\/enkatarim.com\/?post_type=product&#038;p=19936"},"modified":"2023-06-08T13:58:05","modified_gmt":"2023-06-08T13:58:05","slug":"15-mm-yedek-uc-elektrikli-boynuz-yakma-alet-42101","status":"publish","type":"product","link":"https:\/\/www.enkatarim.com\/de\/urun\/15-mm-yedek-uc-elektrikli-boynuz-yakma-alet-42101","title":{"rendered":"Ersatz-Brennspitze \u00d8 15 mm f\u00fcr Enthorner mit Trafo"},"content":{"rendered":"<ul>\n<li>15 mm D\u00fcse<\/li>\n<li>Ersatzd\u00fcse f\u00fcr elektrischen Enthorner<\/li>\n<\/ul>\n","protected":false},"excerpt":{"rendered":"<p>15 mm D\u00fcse Ersatzd\u00fcse f\u00fcr elektrischen Enthorner<\/p>\n","protected":false},"featured_media":6163,"template":"","meta":{"_eb_attr":"","_kadence_starter_templates_imported_post":false,"_kad_post_transparent":"","_kad_post_title":"","_kad_post_layout":"","_kad_post_sidebar_id":"","_kad_post_content_style":"","_kad_post_vertical_padding":"","_kad_post_feature":"","_kad_post_feature_position":"","_kad_post_header":false,"_kad_post_footer":false,"_kad_post_classname":""},"product_brand":[],"product_cat":[1368,1052],"product_tag":[],"class_list":{"0":"post-19936","1":"product","2":"type-product","3":"status-publish","4":"has-post-thumbnail","6":"product_cat-boynuz-dusurme-aletleri","7":"product_cat-sigir-yetistiriciligi","9":"first","10":"instock","11":"shipping-taxable","12":"product-type-simple","13":"entry","14":"content-bg","15":"loop-entry"},"_links":{"self":[{"href":"https:\/\/www.enkatarim.com\/de\/wp-json\/wp\/v2\/product\/19936","targetHints":{"allow":["GET"]}}],"collection":[{"href":"https:\/\/www.enkatarim.com\/de\/wp-json\/wp\/v2\/product"}],"about":[{"href":"https:\/\/www.enkatarim.com\/de\/wp-json\/wp\/v2\/types\/product"}],"wp:featuredmedia":[{"embeddable":true,"href":"https:\/\/www.enkatarim.com\/de\/wp-json\/wp\/v2\/media\/6163"}],"wp:attachment":[{"href":"https:\/\/www.enkatarim.com\/de\/wp-json\/wp\/v2\/media?parent=19936"}],"wp:term":[{"taxonomy":"product_brand","embeddable":true,"href":"https:\/\/www.enkatarim.com\/de\/wp-json\/wp\/v2\/product_brand?post=19936"},{"taxonomy":"product_cat","embeddable":true,"href":"https:\/\/www.enkatarim.com\/de\/wp-json\/wp\/v2\/product_cat?post=19936"},{"taxonomy":"product_tag","embeddable":true,"href":"https:\/\/www.enkatarim.com\/de\/wp-json\/wp\/v2\/product_tag?post=19936"}],"curies":[{"name":"wp","href":"https:\/\/api.w.org\/{rel}","templated":true}]}}