{"id":19884,"date":"2023-03-07T15:03:18","date_gmt":"2023-03-07T15:03:18","guid":{"rendered":"https:\/\/enkatarim.com\/?post_type=product&#038;p=19884"},"modified":"2023-06-08T13:57:58","modified_gmt":"2023-06-08T13:57:58","slug":"walkease-ayak-tedavisi-tam-baslangic-seti-karma-paket-40206","status":"publish","type":"product","link":"https:\/\/www.enkatarim.com\/de\/urun\/walkease-ayak-tedavisi-tam-baslangic-seti-karma-paket-40206","title":{"rendered":"Walkease Klauenbehandlung, Starter-Set komplett Mixed (S\/M\/L) 10er-Pack"},"content":{"rendered":"<p>Die neuartige Kombination aus Polyurethan-Hufblock und Sekund\u00e4rkleber erleichtert die Hufpflege enorm.<\/p>\n<p>\u2022 Schnell &#8211; der Huf kann nach 10 Sekunden wieder belastet werden<br \/>\n\u2022 Wirtschaftlich &#8211; geringe Mengen Klebstoff reichen f\u00fcr sicheren Halt aus<br \/>\n\u2022 Komfortabel &#8211; kein Mischen von Fl\u00fcssigkeiten und Pulvern<br \/>\n\u2022 Einfach &#8211; Den gereinigten Huf mit einer speziellen Hufraspel bearbeiten &#8211; Kleber auf den Block auftragen &#8211; etwa 10 Sekunden lang festdr\u00fccken und fertig!<\/p>\n<p>Der Hufblock ist in 4 Gr\u00f6\u00dfen erh\u00e4ltlich, das spezielle Material absorbiert den Hufaufprall und erm\u00f6glicht einen gleichm\u00e4\u00dfigen Verschlei\u00df. Der speziell abgewinkelte Block Wedgy orientiert sich an den neuesten Informationen \u00fcber die Ruhepositionen des Hufs, um Sehnen und B\u00e4nder zu sch\u00fctzen und einen korrekten Verschlei\u00df zu erm\u00f6glichen, insbesondere auf rauem Untergrund.\n<table id=\"tablepress-361\" class=\"tablepress tablepress-id-361\">\n<tbody class=\"row-striping row-hover\">\n<tr class=\"row-1\">\n\t<td class=\"column-1\">40205<\/td><td class=\"column-2\">Hufbl\u00f6cke in verschiedenen Gr\u00f6\u00dfen<\/td>\n<\/tr>\n<tr class=\"row-2\">\n\t<td class=\"column-1\">40202<\/td><td class=\"column-2\">Klebstoff, 10 St\u00fcck<\/td>\n<\/tr>\n<tr class=\"row-3\">\n\t<td class=\"column-1\">40201<\/td><td class=\"column-2\">Feile<\/td>\n<\/tr>\n<tr class=\"row-4\">\n\t<td class=\"column-1\"><\/td><td class=\"column-2\">Handschuhe<\/td>\n<\/tr>\n<tr class=\"row-5\">\n\t<td class=\"column-1\"><\/td><td class=\"column-2\">Benutzerhandbuch<\/td>\n<\/tr>\n<tr class=\"row-6\">\n\t<td class=\"column-1\"><\/td><td class=\"column-2\">DVD<\/td>\n<\/tr>\n<\/tbody>\n<\/table>\n<!-- #tablepress-361 from cache --><\/p>\n","protected":false},"excerpt":{"rendered":"<p>Die neuartige Kombination aus Polyurethan-Hufblock und Sekund\u00e4rkleber erleichtert die Hufpflege enorm. \u2022 Schnell &#8211; der Huf kann nach 10 Sekunden wieder belastet werden \u2022 Wirtschaftlich &#8211; geringe Mengen Klebstoff reichen f\u00fcr sicheren Halt aus \u2022 Komfortabel &#8211; kein Mischen von Fl\u00fcssigkeiten und Pulvern \u2022 Einfach &#8211; Den gereinigten Huf mit einer speziellen Hufraspel bearbeiten &#8211;&#8230;<\/p>\n","protected":false},"featured_media":4985,"template":"","meta":{"_eb_attr":"","_kadence_starter_templates_imported_post":false,"_kad_post_transparent":"","_kad_post_title":"","_kad_post_layout":"","_kad_post_sidebar_id":"","_kad_post_content_style":"","_kad_post_vertical_padding":"","_kad_post_feature":"","_kad_post_feature_position":"","_kad_post_header":false,"_kad_post_footer":false,"_kad_post_classname":""},"product_brand":[],"product_cat":[1332,1052,1339],"product_tag":[],"class_list":{"0":"post-19884","1":"product","2":"type-product","3":"status-publish","4":"has-post-thumbnail","6":"product_cat-ayak-bakim-urunleri","7":"product_cat-sigir-yetistiriciligi","8":"product_cat-walkease-ayak-tedavi-seti","10":"first","11":"instock","12":"shipping-taxable","13":"product-type-simple","14":"entry","15":"content-bg","16":"loop-entry"},"_links":{"self":[{"href":"https:\/\/www.enkatarim.com\/de\/wp-json\/wp\/v2\/product\/19884","targetHints":{"allow":["GET"]}}],"collection":[{"href":"https:\/\/www.enkatarim.com\/de\/wp-json\/wp\/v2\/product"}],"about":[{"href":"https:\/\/www.enkatarim.com\/de\/wp-json\/wp\/v2\/types\/product"}],"wp:featuredmedia":[{"embeddable":true,"href":"https:\/\/www.enkatarim.com\/de\/wp-json\/wp\/v2\/media\/4985"}],"wp:attachment":[{"href":"https:\/\/www.enkatarim.com\/de\/wp-json\/wp\/v2\/media?parent=19884"}],"wp:term":[{"taxonomy":"product_brand","embeddable":true,"href":"https:\/\/www.enkatarim.com\/de\/wp-json\/wp\/v2\/product_brand?post=19884"},{"taxonomy":"product_cat","embeddable":true,"href":"https:\/\/www.enkatarim.com\/de\/wp-json\/wp\/v2\/product_cat?post=19884"},{"taxonomy":"product_tag","embeddable":true,"href":"https:\/\/www.enkatarim.com\/de\/wp-json\/wp\/v2\/product_tag?post=19884"}],"curies":[{"name":"wp","href":"https:\/\/api.w.org\/{rel}","templated":true}]}}