{"id":19883,"date":"2023-03-07T15:03:18","date_gmt":"2023-03-07T15:03:18","guid":{"rendered":"https:\/\/enkatarim.com\/?post_type=product&#038;p=19883"},"modified":"2023-06-08T13:57:58","modified_gmt":"2023-06-08T13:57:58","slug":"walkease-ayak-tedavisi-tam-baslangic-seti-l-40204","status":"publish","type":"product","link":"https:\/\/www.enkatarim.com\/de\/urun\/walkease-ayak-tedavisi-tam-baslangic-seti-l-40204","title":{"rendered":"Walkease Klauenbehandlung, Starter-Set komplett, L, 10er-Pack"},"content":{"rendered":"<p>Die neuartige Kombination aus Polyurethan-Hufblock und Sekund\u00e4rkleber erleichtert die Hufpflege enorm.<\/p>\n<p>\u2022 Schnell &#8211; der Huf kann nach 10 Sekunden wieder belastet werden<br \/>\n\u2022 Wirtschaftlich &#8211; geringe Mengen Klebstoff reichen f\u00fcr sicheren Halt aus<br \/>\n\u2022 Komfortabel &#8211; kein Mischen von Fl\u00fcssigkeiten und Pulvern<br \/>\n\u2022 Einfach &#8211; Den gereinigten Huf mit einer speziellen Hufraspel bearbeiten &#8211; Kleber auf den Block auftragen &#8211; etwa 10 Sekunden lang festdr\u00fccken und fertig!<\/p>\n<p>Der Hufblock ist in 4 Gr\u00f6\u00dfen erh\u00e4ltlich, das spezielle Material absorbiert den Hufaufprall und erm\u00f6glicht einen gleichm\u00e4\u00dfigen Verschlei\u00df. Der speziell abgewinkelte Block Wedgy orientiert sich an den neuesten Informationen \u00fcber die Ruhepositionen des Hufs, um Sehnen und B\u00e4nder zu sch\u00fctzen und einen korrekten Verschlei\u00df zu erm\u00f6glichen, insbesondere auf rauem Untergrund.\n<table id=\"tablepress-360\" class=\"tablepress tablepress-id-360\">\n<tbody class=\"row-striping row-hover\">\n<tr class=\"row-1\">\n\t<td class=\"column-1\">40205<\/td><td class=\"column-2\">Hufblock in Gr\u00f6\u00dfe L<\/td>\n<\/tr>\n<tr class=\"row-2\">\n\t<td class=\"column-1\">40202<\/td><td class=\"column-2\">Klebstoff, 10 St\u00fcck<\/td>\n<\/tr>\n<tr class=\"row-3\">\n\t<td class=\"column-1\">40201<\/td><td class=\"column-2\">Feile<\/td>\n<\/tr>\n<tr class=\"row-4\">\n\t<td class=\"column-1\"><\/td><td class=\"column-2\">Handschuhe<\/td>\n<\/tr>\n<tr class=\"row-5\">\n\t<td class=\"column-1\"><\/td><td class=\"column-2\">Benutzerhandbuch<\/td>\n<\/tr>\n<tr class=\"row-6\">\n\t<td class=\"column-1\"><\/td><td class=\"column-2\">DVD<\/td>\n<\/tr>\n<\/tbody>\n<\/table>\n<!-- #tablepress-360 from cache --><div class=\"woocommerce columns-6 \"><ul class=\"products content-wrap product-archive grid-cols grid-ss-col-2 grid-sm-col-3 grid-md-col-4 grid-lg-col-6 woo-archive-action-visible woo-archive-btn-text align-buttons-bottom  woo-archive-image-hover-fade\"><li class=\"entry content-bg loop-entry product type-product post-19886 status-publish first instock product_cat-ayak-bakim-urunleri product_cat-ciftlik-ve-hayvancilik-ekipmanlari product_cat-walkease-ayak-tedavi-seti has-post-thumbnail shipping-taxable product-type-simple\">\n\t<a href=\"https:\/\/www.enkatarim.com\/de\/urun\/l-beden-ayak-blogu-walkease-ayak-tedavisi-icin-40205\" class=\"woocommerce-loop-image-link woocommerce-LoopProduct-link woocommerce-loop-product__link product-has-hover-image\"><img loading=\"lazy\" decoding=\"async\" width=\"300\" height=\"300\" src=\"https:\/\/www.enkatarim.com\/wp-content\/uploads\/2023\/03\/40205-l-boy-walkease-tabani-300x300.jpg\" class=\"attachment-woocommerce_thumbnail size-woocommerce_thumbnail\" alt=\"Ersatz-Klauenblock Walkease, L, 10er-Pack\" srcset=\"https:\/\/www.enkatarim.com\/wp-content\/uploads\/2023\/03\/40205-l-boy-walkease-tabani-300x300.jpg 300w, https:\/\/www.enkatarim.com\/wp-content\/uploads\/2023\/03\/40205-l-boy-walkease-tabani.jpg 1024w, https:\/\/www.enkatarim.com\/wp-content\/uploads\/2023\/03\/40205-l-boy-walkease-tabani-150x150.jpg 150w, https:\/\/www.enkatarim.com\/wp-content\/uploads\/2023\/03\/40205-l-boy-walkease-tabani-768x768.jpg 768w, https:\/\/www.enkatarim.com\/wp-content\/uploads\/2023\/03\/40205-l-boy-walkease-tabani-600x600.jpg 600w, https:\/\/www.enkatarim.com\/wp-content\/uploads\/2023\/03\/40205-l-boy-walkease-tabani-100x100.jpg 100w\" sizes=\"auto, (max-width: 300px) 100vw, 300px\" \/><img loading=\"lazy\" decoding=\"async\" width=\"300\" height=\"300\" src=\"https:\/\/www.enkatarim.com\/wp-content\/uploads\/2023\/03\/1-2-300x300.jpg\" class=\"secondary-product-image attachment-woocommerce_thumbnail attachment-shop-catalog wp-post-image wp-post-image--secondary\" alt=\"\" title=\"1\" srcset=\"https:\/\/www.enkatarim.com\/wp-content\/uploads\/2023\/03\/1-2-300x300.jpg 300w, https:\/\/www.enkatarim.com\/wp-content\/uploads\/2023\/03\/1-2-150x150.jpg 150w, https:\/\/www.enkatarim.com\/wp-content\/uploads\/2023\/03\/1-2-100x100.jpg 100w\" sizes=\"auto, (max-width: 300px) 100vw, 300px\" \/><\/a><div class=\"product-details content-bg entry-content-wrap\"><h2 class=\"woocommerce-loop-product__title\"><a href=\"https:\/\/www.enkatarim.com\/de\/urun\/l-beden-ayak-blogu-walkease-ayak-tedavisi-icin-40205\" class=\"woocommerce-LoopProduct-link-title woocommerce-loop-product__title_ink\">Ersatz-Klauenblock Walkease, L, 10er-Pack<\/a><\/h2>\n<div class=\"product-action-wrap\"><a href=\"https:\/\/www.enkatarim.com\/de\/urun\/l-beden-ayak-blogu-walkease-ayak-tedavisi-icin-40205\" data-quantity=\"1\" class=\"button product_type_simple\" data-product_id=\"19886\" data-product_sku=\"40205\" aria-label=\"Read more about &ldquo;Ersatz-Klauenblock Walkease, L, 10er-Pack&rdquo;\" rel=\"nofollow\" data-success_message=\"\">Read more<span class=\"kadence-svg-iconset svg-baseline\"><svg aria-hidden=\"true\" class=\"kadence-svg-icon kadence-arrow-right-alt-svg\" fill=\"currentColor\" version=\"1.1\" xmlns=\"http:\/\/www.w3.org\/2000\/svg\" width=\"27\" height=\"28\" viewBox=\"0 0 27 28\"><title>Continue<\/title><path d=\"M27 13.953c0 0.141-0.063 0.281-0.156 0.375l-6 5.531c-0.156 0.141-0.359 0.172-0.547 0.094-0.172-0.078-0.297-0.25-0.297-0.453v-3.5h-19.5c-0.281 0-0.5-0.219-0.5-0.5v-3c0-0.281 0.219-0.5 0.5-0.5h19.5v-3.5c0-0.203 0.109-0.375 0.297-0.453s0.391-0.047 0.547 0.078l6 5.469c0.094 0.094 0.156 0.219 0.156 0.359v0z\"><\/path>\n\t\t\t\t<\/svg><\/span><span class=\"kadence-svg-iconset svg-baseline\"><svg class=\"kadence-svg-icon kadence-spinner-svg\" fill=\"currentColor\" version=\"1.1\" xmlns=\"http:\/\/www.w3.org\/2000\/svg\" width=\"16\" height=\"16\" viewBox=\"0 0 16 16\"><title>Loading<\/title><path d=\"M16 6h-6l2.243-2.243c-1.133-1.133-2.64-1.757-4.243-1.757s-3.109 0.624-4.243 1.757c-1.133 1.133-1.757 2.64-1.757 4.243s0.624 3.109 1.757 4.243c1.133 1.133 2.64 1.757 4.243 1.757s3.109-0.624 4.243-1.757c0.095-0.095 0.185-0.192 0.273-0.292l1.505 1.317c-1.466 1.674-3.62 2.732-6.020 2.732-4.418 0-8-3.582-8-8s3.582-8 8-8c2.209 0 4.209 0.896 5.656 2.344l2.343-2.344v6z\"><\/path>\n\t\t\t\t<\/svg><\/span><span class=\"kadence-svg-iconset svg-baseline\"><svg class=\"kadence-svg-icon kadence-check-svg\" fill=\"currentColor\" version=\"1.1\" xmlns=\"http:\/\/www.w3.org\/2000\/svg\" width=\"16\" height=\"16\" viewBox=\"0 0 16 16\"><title>Done<\/title><path d=\"M14 2.5l-8.5 8.5-3.5-3.5-1.5 1.5 5 5 10-10z\"><\/path>\n\t\t\t\t<\/svg><\/span><\/a>\t<span id=\"woocommerce_loop_add_to_cart_link_describedby_19886\" class=\"screen-reader-text\">\n\t\t\t<\/span>\n<\/div><\/div><\/li>\n<li class=\"entry content-bg loop-entry product type-product post-4996 status-publish instock product_cat-ayak-bakim-urunleri product_cat-ciftlik-ve-hayvancilik-ekipmanlari product_cat-walkease-ayak-tedavi-seti has-post-thumbnail shipping-taxable product-type-simple\">\n\t<a href=\"https:\/\/www.enkatarim.com\/de\/urun\/yedek-raspa-walkease-ayak-tedavisi-icin-40201\" class=\"woocommerce-loop-image-link woocommerce-LoopProduct-link woocommerce-loop-product__link product-has-hover-image\"><img loading=\"lazy\" decoding=\"async\" width=\"300\" height=\"300\" src=\"https:\/\/www.enkatarim.com\/wp-content\/uploads\/2023\/03\/40201-yedek-raspa-300x300.jpg\" class=\"attachment-woocommerce_thumbnail size-woocommerce_thumbnail\" alt=\"Ersatzraspel Walkease\" srcset=\"https:\/\/www.enkatarim.com\/wp-content\/uploads\/2023\/03\/40201-yedek-raspa-300x300.jpg 300w, https:\/\/www.enkatarim.com\/wp-content\/uploads\/2023\/03\/40201-yedek-raspa.jpg 1024w, https:\/\/www.enkatarim.com\/wp-content\/uploads\/2023\/03\/40201-yedek-raspa-150x150.jpg 150w, https:\/\/www.enkatarim.com\/wp-content\/uploads\/2023\/03\/40201-yedek-raspa-768x768.jpg 768w, https:\/\/www.enkatarim.com\/wp-content\/uploads\/2023\/03\/40201-yedek-raspa-600x600.jpg 600w, https:\/\/www.enkatarim.com\/wp-content\/uploads\/2023\/03\/40201-yedek-raspa-100x100.jpg 100w\" sizes=\"auto, (max-width: 300px) 100vw, 300px\" \/><img loading=\"lazy\" decoding=\"async\" width=\"300\" height=\"300\" src=\"https:\/\/www.enkatarim.com\/wp-content\/uploads\/2023\/03\/1-2-300x300.jpg\" class=\"secondary-product-image attachment-woocommerce_thumbnail attachment-shop-catalog wp-post-image wp-post-image--secondary\" alt=\"\" title=\"1\" srcset=\"https:\/\/www.enkatarim.com\/wp-content\/uploads\/2023\/03\/1-2-300x300.jpg 300w, https:\/\/www.enkatarim.com\/wp-content\/uploads\/2023\/03\/1-2-150x150.jpg 150w, https:\/\/www.enkatarim.com\/wp-content\/uploads\/2023\/03\/1-2-100x100.jpg 100w\" sizes=\"auto, (max-width: 300px) 100vw, 300px\" \/><\/a><div class=\"product-details content-bg entry-content-wrap\"><h2 class=\"woocommerce-loop-product__title\"><a href=\"https:\/\/www.enkatarim.com\/de\/urun\/yedek-raspa-walkease-ayak-tedavisi-icin-40201\" class=\"woocommerce-LoopProduct-link-title woocommerce-loop-product__title_ink\">Ersatzraspel Walkease<\/a><\/h2>\n<div class=\"product-action-wrap\"><a href=\"https:\/\/www.enkatarim.com\/de\/urun\/yedek-raspa-walkease-ayak-tedavisi-icin-40201\" data-quantity=\"1\" class=\"button product_type_simple\" data-product_id=\"4996\" data-product_sku=\"40201\" aria-label=\"Read more about &ldquo;Ersatzraspel Walkease&rdquo;\" rel=\"nofollow\" data-success_message=\"\">Read more<span class=\"kadence-svg-iconset svg-baseline\"><svg aria-hidden=\"true\" class=\"kadence-svg-icon kadence-arrow-right-alt-svg\" fill=\"currentColor\" version=\"1.1\" xmlns=\"http:\/\/www.w3.org\/2000\/svg\" width=\"27\" height=\"28\" viewBox=\"0 0 27 28\"><title>Continue<\/title><path d=\"M27 13.953c0 0.141-0.063 0.281-0.156 0.375l-6 5.531c-0.156 0.141-0.359 0.172-0.547 0.094-0.172-0.078-0.297-0.25-0.297-0.453v-3.5h-19.5c-0.281 0-0.5-0.219-0.5-0.5v-3c0-0.281 0.219-0.5 0.5-0.5h19.5v-3.5c0-0.203 0.109-0.375 0.297-0.453s0.391-0.047 0.547 0.078l6 5.469c0.094 0.094 0.156 0.219 0.156 0.359v0z\"><\/path>\n\t\t\t\t<\/svg><\/span><span class=\"kadence-svg-iconset svg-baseline\"><svg class=\"kadence-svg-icon kadence-spinner-svg\" fill=\"currentColor\" version=\"1.1\" xmlns=\"http:\/\/www.w3.org\/2000\/svg\" width=\"16\" height=\"16\" viewBox=\"0 0 16 16\"><title>Loading<\/title><path d=\"M16 6h-6l2.243-2.243c-1.133-1.133-2.64-1.757-4.243-1.757s-3.109 0.624-4.243 1.757c-1.133 1.133-1.757 2.64-1.757 4.243s0.624 3.109 1.757 4.243c1.133 1.133 2.64 1.757 4.243 1.757s3.109-0.624 4.243-1.757c0.095-0.095 0.185-0.192 0.273-0.292l1.505 1.317c-1.466 1.674-3.62 2.732-6.020 2.732-4.418 0-8-3.582-8-8s3.582-8 8-8c2.209 0 4.209 0.896 5.656 2.344l2.343-2.344v6z\"><\/path>\n\t\t\t\t<\/svg><\/span><span class=\"kadence-svg-iconset svg-baseline\"><svg class=\"kadence-svg-icon kadence-check-svg\" fill=\"currentColor\" version=\"1.1\" xmlns=\"http:\/\/www.w3.org\/2000\/svg\" width=\"16\" height=\"16\" viewBox=\"0 0 16 16\"><title>Done<\/title><path d=\"M14 2.5l-8.5 8.5-3.5-3.5-1.5 1.5 5 5 10-10z\"><\/path>\n\t\t\t\t<\/svg><\/span><\/a>\t<span id=\"woocommerce_loop_add_to_cart_link_describedby_4996\" class=\"screen-reader-text\">\n\t\t\t<\/span>\n<\/div><\/div><\/li>\n<li class=\"entry content-bg loop-entry product type-product post-4994 status-publish instock product_cat-ayak-bakim-urunleri product_cat-ciftlik-ve-hayvancilik-ekipmanlari product_cat-walkease-ayak-tedavi-seti has-post-thumbnail shipping-taxable product-type-simple\">\n\t<a href=\"https:\/\/www.enkatarim.com\/de\/urun\/yedek-yapistirici-walkease-ayak-tedavisi-icin-10lu-40202\" class=\"woocommerce-loop-image-link woocommerce-LoopProduct-link woocommerce-loop-product__link\"><img loading=\"lazy\" decoding=\"async\" width=\"300\" height=\"300\" src=\"https:\/\/www.enkatarim.com\/wp-content\/uploads\/2023\/03\/40202-walkease-icin-yedek-yapistirici-10lu-300x300.jpg\" class=\"attachment-woocommerce_thumbnail size-woocommerce_thumbnail\" alt=\"Ersatzkleber f\u00fcr Walkease 10 x 2 ml\" srcset=\"https:\/\/www.enkatarim.com\/wp-content\/uploads\/2023\/03\/40202-walkease-icin-yedek-yapistirici-10lu-300x300.jpg 300w, https:\/\/www.enkatarim.com\/wp-content\/uploads\/2023\/03\/40202-walkease-icin-yedek-yapistirici-10lu.jpg 1024w, https:\/\/www.enkatarim.com\/wp-content\/uploads\/2023\/03\/40202-walkease-icin-yedek-yapistirici-10lu-150x150.jpg 150w, https:\/\/www.enkatarim.com\/wp-content\/uploads\/2023\/03\/40202-walkease-icin-yedek-yapistirici-10lu-768x768.jpg 768w, https:\/\/www.enkatarim.com\/wp-content\/uploads\/2023\/03\/40202-walkease-icin-yedek-yapistirici-10lu-600x600.jpg 600w, https:\/\/www.enkatarim.com\/wp-content\/uploads\/2023\/03\/40202-walkease-icin-yedek-yapistirici-10lu-100x100.jpg 100w\" sizes=\"auto, (max-width: 300px) 100vw, 300px\" \/><\/a><div class=\"product-details content-bg entry-content-wrap\"><h2 class=\"woocommerce-loop-product__title\"><a href=\"https:\/\/www.enkatarim.com\/de\/urun\/yedek-yapistirici-walkease-ayak-tedavisi-icin-10lu-40202\" class=\"woocommerce-LoopProduct-link-title woocommerce-loop-product__title_ink\">Ersatzkleber f\u00fcr Walkease 10 x 2 ml<\/a><\/h2>\n<div class=\"product-action-wrap\"><a href=\"https:\/\/www.enkatarim.com\/de\/urun\/yedek-yapistirici-walkease-ayak-tedavisi-icin-10lu-40202\" data-quantity=\"1\" class=\"button product_type_simple\" data-product_id=\"4994\" data-product_sku=\"40202\" aria-label=\"Read more about &ldquo;Ersatzkleber f\u00fcr Walkease 10 x 2 ml&rdquo;\" rel=\"nofollow\" data-success_message=\"\">Read more<span class=\"kadence-svg-iconset svg-baseline\"><svg aria-hidden=\"true\" class=\"kadence-svg-icon kadence-arrow-right-alt-svg\" fill=\"currentColor\" version=\"1.1\" xmlns=\"http:\/\/www.w3.org\/2000\/svg\" width=\"27\" height=\"28\" viewBox=\"0 0 27 28\"><title>Continue<\/title><path d=\"M27 13.953c0 0.141-0.063 0.281-0.156 0.375l-6 5.531c-0.156 0.141-0.359 0.172-0.547 0.094-0.172-0.078-0.297-0.25-0.297-0.453v-3.5h-19.5c-0.281 0-0.5-0.219-0.5-0.5v-3c0-0.281 0.219-0.5 0.5-0.5h19.5v-3.5c0-0.203 0.109-0.375 0.297-0.453s0.391-0.047 0.547 0.078l6 5.469c0.094 0.094 0.156 0.219 0.156 0.359v0z\"><\/path>\n\t\t\t\t<\/svg><\/span><span class=\"kadence-svg-iconset svg-baseline\"><svg class=\"kadence-svg-icon kadence-spinner-svg\" fill=\"currentColor\" version=\"1.1\" xmlns=\"http:\/\/www.w3.org\/2000\/svg\" width=\"16\" height=\"16\" viewBox=\"0 0 16 16\"><title>Loading<\/title><path d=\"M16 6h-6l2.243-2.243c-1.133-1.133-2.64-1.757-4.243-1.757s-3.109 0.624-4.243 1.757c-1.133 1.133-1.757 2.64-1.757 4.243s0.624 3.109 1.757 4.243c1.133 1.133 2.64 1.757 4.243 1.757s3.109-0.624 4.243-1.757c0.095-0.095 0.185-0.192 0.273-0.292l1.505 1.317c-1.466 1.674-3.62 2.732-6.020 2.732-4.418 0-8-3.582-8-8s3.582-8 8-8c2.209 0 4.209 0.896 5.656 2.344l2.343-2.344v6z\"><\/path>\n\t\t\t\t<\/svg><\/span><span class=\"kadence-svg-iconset svg-baseline\"><svg class=\"kadence-svg-icon kadence-check-svg\" fill=\"currentColor\" version=\"1.1\" xmlns=\"http:\/\/www.w3.org\/2000\/svg\" width=\"16\" height=\"16\" viewBox=\"0 0 16 16\"><title>Done<\/title><path d=\"M14 2.5l-8.5 8.5-3.5-3.5-1.5 1.5 5 5 10-10z\"><\/path>\n\t\t\t\t<\/svg><\/span><\/a>\t<span id=\"woocommerce_loop_add_to_cart_link_describedby_4994\" class=\"screen-reader-text\">\n\t\t\t<\/span>\n<\/div><\/div><\/li>\n<\/ul>\n<\/div><\/p>\n","protected":false},"excerpt":{"rendered":"<p>Die neuartige Kombination aus Polyurethan-Hufblock und Sekund\u00e4rkleber erleichtert die Hufpflege enorm. \u2022 Schnell &#8211; der Huf kann nach 10 Sekunden wieder belastet werden \u2022 Wirtschaftlich &#8211; geringe Mengen Klebstoff reichen f\u00fcr sicheren Halt aus \u2022 Komfortabel &#8211; kein Mischen von Fl\u00fcssigkeiten und Pulvern \u2022 Einfach &#8211; Den gereinigten Huf mit einer speziellen Hufraspel bearbeiten &#8211;&#8230;<\/p>\n","protected":false},"featured_media":4985,"template":"","meta":{"_eb_attr":"","_kadence_starter_templates_imported_post":false,"_kad_post_transparent":"","_kad_post_title":"","_kad_post_layout":"","_kad_post_sidebar_id":"","_kad_post_content_style":"","_kad_post_vertical_padding":"","_kad_post_feature":"","_kad_post_feature_position":"","_kad_post_header":false,"_kad_post_footer":false,"_kad_post_classname":""},"product_brand":[],"product_cat":[1332,1052,1339],"product_tag":[],"class_list":{"0":"post-19883","1":"product","2":"type-product","3":"status-publish","4":"has-post-thumbnail","6":"product_cat-ayak-bakim-urunleri","7":"product_cat-sigir-yetistiriciligi","8":"product_cat-walkease-ayak-tedavi-seti","9":"entry","10":"content-bg","11":"loop-entry","13":"first","14":"instock","15":"shipping-taxable","16":"product-type-simple"},"_links":{"self":[{"href":"https:\/\/www.enkatarim.com\/de\/wp-json\/wp\/v2\/product\/19883","targetHints":{"allow":["GET"]}}],"collection":[{"href":"https:\/\/www.enkatarim.com\/de\/wp-json\/wp\/v2\/product"}],"about":[{"href":"https:\/\/www.enkatarim.com\/de\/wp-json\/wp\/v2\/types\/product"}],"wp:featuredmedia":[{"embeddable":true,"href":"https:\/\/www.enkatarim.com\/de\/wp-json\/wp\/v2\/media\/4985"}],"wp:attachment":[{"href":"https:\/\/www.enkatarim.com\/de\/wp-json\/wp\/v2\/media?parent=19883"}],"wp:term":[{"taxonomy":"product_brand","embeddable":true,"href":"https:\/\/www.enkatarim.com\/de\/wp-json\/wp\/v2\/product_brand?post=19883"},{"taxonomy":"product_cat","embeddable":true,"href":"https:\/\/www.enkatarim.com\/de\/wp-json\/wp\/v2\/product_cat?post=19883"},{"taxonomy":"product_tag","embeddable":true,"href":"https:\/\/www.enkatarim.com\/de\/wp-json\/wp\/v2\/product_tag?post=19883"}],"curies":[{"name":"wp","href":"https:\/\/api.w.org\/{rel}","templated":true}]}}