{"id":19879,"date":"2023-03-07T15:02:55","date_gmt":"2023-03-07T15:02:55","guid":{"rendered":"https:\/\/enkatarim.com\/?post_type=product&#038;p=19879"},"modified":"2023-06-08T13:57:57","modified_gmt":"2023-06-08T13:57:57","slug":"masdisin-herbafilm-1-lt-29446","status":"publish","type":"product","link":"https:\/\/www.enkatarim.com\/de\/urun\/masdisin-herbafilm-1-lt-29446","title":{"rendered":"Masdisin Herbafilm, 1 l"},"content":{"rendered":"<p>Es bildet einen nat\u00fcrlichen Schutzfilm auf der Brustwarze. Es hat eine hautsch\u00fctzende Wirkung, die die Brustwarze eincremet und weich macht. Es verf\u00fcgt \u00fcber hervorragende Benetzungs- und hohe Viskosit\u00e4tseigenschaften. Es hat einen g\u00fcnstigen PH-Wert f\u00fcr die Haut. Es ist ein Produkt mit minimalem Tropfen und keinem Abfall. Es ist leicht an seiner gr\u00fcnen Farbe zu erkennen. Es hat eine nat\u00fcrliche Fliegenabwehrwirkung und ist eine gebrauchsfertige L\u00f6sung. Es handelt sich um ein pfefferminzessentielles Breitband-Desinfektionsmittel, das Bakterien in kurzer Zeit neutralisiert. Durch den Film, den es auf der Brustwarze bildet, sch\u00fctzt es vor mechanischen Einwirkungen. Dank des enthaltenen Glycerins h\u00e4lt es die Brustwarze weich. Es wird unverd\u00fcnnt nach jedem Melken aufgetragen. Nach der Anwendung sollte das Tier 15 Minuten lang nicht liegen gelassen werden. Masdisin Herbafilm; Es handelt sich um ein Euterdesinfektionsmittel, das nach dem Melken einen abziehbaren, flexiblen und dicken Barrierefilm auf dem Euter bildet. Aufgrund des entstehenden Films h\u00e4lt es bis zum n\u00e4chsten Melken.<\/p>\n","protected":false},"excerpt":{"rendered":"<p>1 l<\/p>\n","protected":false},"featured_media":4772,"template":"","meta":{"_eb_attr":"","_kadence_starter_templates_imported_post":false,"_kad_post_transparent":"","_kad_post_title":"","_kad_post_layout":"","_kad_post_sidebar_id":"","_kad_post_content_style":"","_kad_post_vertical_padding":"","_kad_post_feature":"","_kad_post_feature_position":"","_kad_post_header":false,"_kad_post_footer":false,"_kad_post_classname":""},"product_brand":[],"product_cat":[1311,1309,1052],"product_tag":[],"class_list":{"0":"post-19879","1":"product","2":"type-product","3":"status-publish","4":"has-post-thumbnail","6":"product_cat-meme-dezenfektanlari","7":"product_cat-meme-urunleri","8":"product_cat-sigir-yetistiriciligi","10":"first","11":"instock","12":"shipping-taxable","13":"product-type-simple","14":"entry","15":"content-bg","16":"loop-entry"},"_links":{"self":[{"href":"https:\/\/www.enkatarim.com\/de\/wp-json\/wp\/v2\/product\/19879","targetHints":{"allow":["GET"]}}],"collection":[{"href":"https:\/\/www.enkatarim.com\/de\/wp-json\/wp\/v2\/product"}],"about":[{"href":"https:\/\/www.enkatarim.com\/de\/wp-json\/wp\/v2\/types\/product"}],"wp:featuredmedia":[{"embeddable":true,"href":"https:\/\/www.enkatarim.com\/de\/wp-json\/wp\/v2\/media\/4772"}],"wp:attachment":[{"href":"https:\/\/www.enkatarim.com\/de\/wp-json\/wp\/v2\/media?parent=19879"}],"wp:term":[{"taxonomy":"product_brand","embeddable":true,"href":"https:\/\/www.enkatarim.com\/de\/wp-json\/wp\/v2\/product_brand?post=19879"},{"taxonomy":"product_cat","embeddable":true,"href":"https:\/\/www.enkatarim.com\/de\/wp-json\/wp\/v2\/product_cat?post=19879"},{"taxonomy":"product_tag","embeddable":true,"href":"https:\/\/www.enkatarim.com\/de\/wp-json\/wp\/v2\/product_tag?post=19879"}],"curies":[{"name":"wp","href":"https:\/\/api.w.org\/{rel}","templated":true}]}}