{"id":19869,"date":"2023-03-07T15:02:48","date_gmt":"2023-03-07T15:02:48","guid":{"rendered":"https:\/\/enkatarim.com\/?post_type=product&#038;p=19869"},"modified":"2023-06-08T13:57:56","modified_gmt":"2023-06-08T13:57:56","slug":"at-ve-inek-icin-plastik-kasagi-17-5-cm-mavi-41401","status":"publish","type":"product","link":"https:\/\/www.enkatarim.com\/de\/urun\/at-ve-inek-icin-plastik-kasagi-17-5-cm-mavi-41401","title":{"rendered":"Nadelstriegel, blau"},"content":{"rendered":"<ul>\n<li>Farbe: Blau<\/li>\n<li>Gr\u00f6\u00dfe: 17,5 x 8,5 cm<\/li>\n<li>Material: Kunststoff<\/li>\n<li>F\u00fcr Pferd und Kuh<\/li>\n<\/ul>\n","protected":false},"excerpt":{"rendered":"<p>Farbe: Blau Gr\u00f6\u00dfe: 17,5 x 8,5 cm Material: Kunststoff F\u00fcr Pferd und Kuh<\/p>\n","protected":false},"featured_media":4705,"template":"","meta":{"_eb_attr":"","_kadence_starter_templates_imported_post":false,"_kad_post_transparent":"","_kad_post_title":"","_kad_post_layout":"","_kad_post_sidebar_id":"","_kad_post_content_style":"","_kad_post_vertical_padding":"","_kad_post_feature":"","_kad_post_feature_position":"","_kad_post_header":false,"_kad_post_footer":false,"_kad_post_classname":""},"product_brand":[],"product_cat":[1295,1052],"product_tag":[],"class_list":{"0":"post-19869","1":"product","2":"type-product","3":"status-publish","4":"has-post-thumbnail","6":"product_cat-kasagilar","7":"product_cat-sigir-yetistiriciligi","9":"first","10":"instock","11":"shipping-taxable","12":"product-type-simple","13":"entry","14":"content-bg","15":"loop-entry"},"_links":{"self":[{"href":"https:\/\/www.enkatarim.com\/de\/wp-json\/wp\/v2\/product\/19869","targetHints":{"allow":["GET"]}}],"collection":[{"href":"https:\/\/www.enkatarim.com\/de\/wp-json\/wp\/v2\/product"}],"about":[{"href":"https:\/\/www.enkatarim.com\/de\/wp-json\/wp\/v2\/types\/product"}],"wp:featuredmedia":[{"embeddable":true,"href":"https:\/\/www.enkatarim.com\/de\/wp-json\/wp\/v2\/media\/4705"}],"wp:attachment":[{"href":"https:\/\/www.enkatarim.com\/de\/wp-json\/wp\/v2\/media?parent=19869"}],"wp:term":[{"taxonomy":"product_brand","embeddable":true,"href":"https:\/\/www.enkatarim.com\/de\/wp-json\/wp\/v2\/product_brand?post=19869"},{"taxonomy":"product_cat","embeddable":true,"href":"https:\/\/www.enkatarim.com\/de\/wp-json\/wp\/v2\/product_cat?post=19869"},{"taxonomy":"product_tag","embeddable":true,"href":"https:\/\/www.enkatarim.com\/de\/wp-json\/wp\/v2\/product_tag?post=19869"}],"curies":[{"name":"wp","href":"https:\/\/api.w.org\/{rel}","templated":true}]}}