{"id":19868,"date":"2023-03-07T15:02:47","date_gmt":"2023-03-07T15:02:47","guid":{"rendered":"https:\/\/enkatarim.com\/?post_type=product&#038;p=19868"},"modified":"2026-03-30T15:44:27","modified_gmt":"2026-03-30T12:44:27","slug":"inek-icin-naylon-killi-timar-fircasic-41710","status":"publish","type":"product","link":"https:\/\/www.enkatarim.com\/de\/urun\/inek-icin-naylon-killi-timar-fircasic-41710","title":{"rendered":"Borsten-Kard\u00e4tsche"},"content":{"rendered":"<ul>\n<li>Gr\u00f6\u00dfe: 24 x 10 cm<\/li>\n<li>Mit Griff<\/li>\n<li>F\u00fcr Kuh und Pferd<\/li>\n<li>Mit Handgelenkschlaufe<\/li>\n<li>Mit Holzgriff<\/li>\n<\/ul>\n","protected":false},"excerpt":{"rendered":"<p>Gr\u00f6\u00dfe: 24 x 10 cm Mit Griff F\u00fcr Kuh und Pferd Mit Handgelenkschlaufe Mit Holzgriff<\/p>\n","protected":false},"featured_media":4703,"template":"","meta":{"_eb_attr":"","_kadence_starter_templates_imported_post":false,"_kad_post_transparent":"","_kad_post_title":"","_kad_post_layout":"","_kad_post_sidebar_id":"","_kad_post_content_style":"","_kad_post_vertical_padding":"","_kad_post_feature":"","_kad_post_feature_position":"","_kad_post_header":false,"_kad_post_footer":false,"_kad_post_classname":""},"product_brand":[],"product_cat":[1051,1295],"product_tag":[],"class_list":{"0":"post-19868","1":"product","2":"type-product","3":"status-publish","4":"has-post-thumbnail","6":"product_cat-ciftlik-ve-hayvancilik-ekipmanlari","7":"product_cat-kasagilar","9":"first","10":"instock","11":"shipping-taxable","12":"product-type-simple","13":"entry","14":"content-bg","15":"loop-entry"},"_links":{"self":[{"href":"https:\/\/www.enkatarim.com\/de\/wp-json\/wp\/v2\/product\/19868","targetHints":{"allow":["GET"]}}],"collection":[{"href":"https:\/\/www.enkatarim.com\/de\/wp-json\/wp\/v2\/product"}],"about":[{"href":"https:\/\/www.enkatarim.com\/de\/wp-json\/wp\/v2\/types\/product"}],"wp:featuredmedia":[{"embeddable":true,"href":"https:\/\/www.enkatarim.com\/de\/wp-json\/wp\/v2\/media\/4703"}],"wp:attachment":[{"href":"https:\/\/www.enkatarim.com\/de\/wp-json\/wp\/v2\/media?parent=19868"}],"wp:term":[{"taxonomy":"product_brand","embeddable":true,"href":"https:\/\/www.enkatarim.com\/de\/wp-json\/wp\/v2\/product_brand?post=19868"},{"taxonomy":"product_cat","embeddable":true,"href":"https:\/\/www.enkatarim.com\/de\/wp-json\/wp\/v2\/product_cat?post=19868"},{"taxonomy":"product_tag","embeddable":true,"href":"https:\/\/www.enkatarim.com\/de\/wp-json\/wp\/v2\/product_tag?post=19868"}],"curies":[{"name":"wp","href":"https:\/\/api.w.org\/{rel}","templated":true}]}}