{"id":19867,"date":"2023-03-07T15:02:40","date_gmt":"2023-03-07T15:02:40","guid":{"rendered":"https:\/\/enkatarim.com\/?post_type=product&#038;p=19867"},"modified":"2023-06-08T13:57:56","modified_gmt":"2023-06-08T13:57:56","slug":"9v-batarya-koyun-ve-keci-hamilelik-kontrol-cihazi-36852","status":"publish","type":"product","link":"https:\/\/www.enkatarim.com\/de\/urun\/9v-batarya-koyun-ve-keci-hamilelik-kontrol-cihazi-36852","title":{"rendered":"9 V &#8211; Blockbatterie Alkaline f\u00fcr HK Tr\u00e4chtigkeitsdiagnoseger\u00e4t"},"content":{"rendered":"","protected":false},"excerpt":{"rendered":"","protected":false},"featured_media":0,"template":"","meta":{"_eb_attr":"","_kadence_starter_templates_imported_post":false,"_kad_post_transparent":"","_kad_post_title":"","_kad_post_layout":"","_kad_post_sidebar_id":"","_kad_post_content_style":"","_kad_post_vertical_padding":"","_kad_post_feature":"","_kad_post_feature_position":"","_kad_post_header":false,"_kad_post_footer":false,"_kad_post_classname":""},"product_brand":[],"product_cat":[1285,1052],"product_tag":[],"class_list":{"0":"post-19867","1":"product","2":"type-product","3":"status-publish","5":"product_cat-dogum-ekipmanlari","6":"product_cat-sigir-yetistiriciligi","8":"first","9":"instock","10":"shipping-taxable","11":"product-type-simple","12":"entry","13":"content-bg","14":"loop-entry"},"_links":{"self":[{"href":"https:\/\/www.enkatarim.com\/de\/wp-json\/wp\/v2\/product\/19867","targetHints":{"allow":["GET"]}}],"collection":[{"href":"https:\/\/www.enkatarim.com\/de\/wp-json\/wp\/v2\/product"}],"about":[{"href":"https:\/\/www.enkatarim.com\/de\/wp-json\/wp\/v2\/types\/product"}],"wp:attachment":[{"href":"https:\/\/www.enkatarim.com\/de\/wp-json\/wp\/v2\/media?parent=19867"}],"wp:term":[{"taxonomy":"product_brand","embeddable":true,"href":"https:\/\/www.enkatarim.com\/de\/wp-json\/wp\/v2\/product_brand?post=19867"},{"taxonomy":"product_cat","embeddable":true,"href":"https:\/\/www.enkatarim.com\/de\/wp-json\/wp\/v2\/product_cat?post=19867"},{"taxonomy":"product_tag","embeddable":true,"href":"https:\/\/www.enkatarim.com\/de\/wp-json\/wp\/v2\/product_tag?post=19867"}],"curies":[{"name":"wp","href":"https:\/\/api.w.org\/{rel}","templated":true}]}}