{"id":19862,"date":"2023-03-07T15:02:26","date_gmt":"2023-03-07T15:02:26","guid":{"rendered":"https:\/\/enkatarim.com\/?post_type=product&#038;p=19862"},"modified":"2023-06-08T13:57:55","modified_gmt":"2023-06-08T13:57:55","slug":"yatak-ve-durak-demiri-seti-27320","status":"publish","type":"product","link":"https:\/\/www.enkatarim.com\/de\/urun\/yatak-ve-durak-demiri-seti-27320","title":{"rendered":"Laufstall f\u00fcr Kuh und B\u00fcffel"},"content":{"rendered":"<p>Der Freilaufstall f\u00fcr K\u00fche und B\u00fcffel besteht aus 50 mm feuerverzinktem Stahlrohr und ist eine speziell gefertigte Ausr\u00fcstung, die entwickelt wurde, um die Tiere in den St\u00e4llen zu halten. Die Breite des Produkts betr\u00e4gt 1250 mm und die Gr\u00f6\u00dfe betr\u00e4gt etwa 2000 mm, was es den Rindern erm\u00f6glicht, problemlos hineinzupassen. Die Installation ist \u00e4u\u00dferst einfach. Robust, langlebig und langlebig. Es ist an vier Beinen befestigt, die Tiermatte wird separat verkauft.<\/p>\n","protected":false},"excerpt":{"rendered":"<p>Der Freilaufstall f\u00fcr K\u00fche und B\u00fcffel besteht aus 50 mm feuerverzinktem Stahlrohr und ist eine speziell gefertigte Ausr\u00fcstung, die entwickelt wurde, um die Tiere in den St\u00e4llen zu halten. Die Breite des Produkts betr\u00e4gt 1250 mm und die Gr\u00f6\u00dfe betr\u00e4gt etwa 2000 mm, was es den Rindern erm\u00f6glicht, problemlos hineinzupassen. Die Installation ist \u00e4u\u00dferst einfach&#8230;.<\/p>\n","protected":false},"featured_media":4512,"template":"","meta":{"_eb_attr":"","_kadence_starter_templates_imported_post":false,"_kad_post_transparent":"","_kad_post_title":"","_kad_post_layout":"","_kad_post_sidebar_id":"","_kad_post_content_style":"","_kad_post_vertical_padding":"","_kad_post_feature":"","_kad_post_feature_position":"","_kad_post_header":false,"_kad_post_footer":false,"_kad_post_classname":""},"product_brand":[],"product_cat":[1051,1267],"product_tag":[],"class_list":{"0":"post-19862","1":"product","2":"type-product","3":"status-publish","4":"has-post-thumbnail","6":"product_cat-ciftlik-ve-hayvancilik-ekipmanlari","7":"product_cat-hayvan-yataklari","9":"first","10":"instock","11":"shipping-taxable","12":"product-type-simple","13":"entry","14":"content-bg","15":"loop-entry"},"_links":{"self":[{"href":"https:\/\/www.enkatarim.com\/de\/wp-json\/wp\/v2\/product\/19862","targetHints":{"allow":["GET"]}}],"collection":[{"href":"https:\/\/www.enkatarim.com\/de\/wp-json\/wp\/v2\/product"}],"about":[{"href":"https:\/\/www.enkatarim.com\/de\/wp-json\/wp\/v2\/types\/product"}],"wp:featuredmedia":[{"embeddable":true,"href":"https:\/\/www.enkatarim.com\/de\/wp-json\/wp\/v2\/media\/4512"}],"wp:attachment":[{"href":"https:\/\/www.enkatarim.com\/de\/wp-json\/wp\/v2\/media?parent=19862"}],"wp:term":[{"taxonomy":"product_brand","embeddable":true,"href":"https:\/\/www.enkatarim.com\/de\/wp-json\/wp\/v2\/product_brand?post=19862"},{"taxonomy":"product_cat","embeddable":true,"href":"https:\/\/www.enkatarim.com\/de\/wp-json\/wp\/v2\/product_cat?post=19862"},{"taxonomy":"product_tag","embeddable":true,"href":"https:\/\/www.enkatarim.com\/de\/wp-json\/wp\/v2\/product_tag?post=19862"}],"curies":[{"name":"wp","href":"https:\/\/api.w.org\/{rel}","templated":true}]}}