{"id":19822,"date":"2023-03-07T15:01:46","date_gmt":"2023-03-07T15:01:46","guid":{"rendered":"https:\/\/enkatarim.com\/?post_type=product&#038;p=19822"},"modified":"2023-06-08T13:57:47","modified_gmt":"2023-06-08T13:57:47","slug":"sise-icin-sinek-tuzagi-47206","status":"publish","type":"product","link":"https:\/\/www.enkatarim.com\/de\/urun\/sise-icin-sinek-tuzagi-47206","title":{"rendered":"Fliegenfalle f\u00fcr Flasche"},"content":{"rendered":"<p>Es handelt sich um eines der am besten geeigneten Produkte zur Bek\u00e4mpfung von fliegenden Insekten in der Umgebung, da der Einsatz von Medikamenten und anderen Materialien vermieden wird, die R\u00fcckst\u00e4nde hinterlassen und die menschliche Gesundheit direkt beeintr\u00e4chtigen k\u00f6nnen.<br \/>\nEs wird am Mund einer beliebigen 1-Liter-Glasflasche oder PET-Flasche befestigt und durch Aufh\u00e4ngen an einem Ast verwendet.<br \/>\nErsetzen Sie die Flasche oder PET-Flasche alle 20-30 Tage durch eine neue. Es eignet sich f\u00fcr den Einsatz in geschlossenen Bereichen wie St\u00e4llen und Gefl\u00fcgelh\u00e4usern sowie in offenen Bereichen wie G\u00e4rten und Weinbergen.<\/p>\n<p>Wie benutzt man es?<br \/>\nTierart: Fliege<\/p>\n<p>Mischen Sie 500 ml Wasser mit einigen rohen Fischabf\u00e4llen (Sardellen, Anchovis, etc.).<\/p>\n<p>Tierart: Wespe<br \/>\nMischen Sie 500 ml Bier mit 1 Essl\u00f6ffel Zucker.<br \/>\nAlternativ: Mischen Sie 500 ml Wasser mit 2 Essl\u00f6ffeln Zucker und 1 Glas Essig.<br \/>\nAlternativ: S\u00fc\u00dfen Sie Wei\u00dfwein mit Zucker und f\u00fcgen Sie 20 bis 30 ml Minzsirup hinzu.<\/p>\n","protected":false},"excerpt":{"rendered":"<p>Alle Insektenfallen sind ungiftig und f\u00fcr Menschen harmlos.<\/p>\n","protected":false},"featured_media":4141,"template":"","meta":{"_eb_attr":"","_kadence_starter_templates_imported_post":false,"_kad_post_transparent":"","_kad_post_title":"","_kad_post_layout":"","_kad_post_sidebar_id":"","_kad_post_content_style":"","_kad_post_vertical_padding":"","_kad_post_feature":"","_kad_post_feature_position":"","_kad_post_header":false,"_kad_post_footer":false,"_kad_post_classname":""},"product_brand":[],"product_cat":[1051,1214,1215],"product_tag":[],"class_list":{"0":"post-19822","1":"product","2":"type-product","3":"status-publish","4":"has-post-thumbnail","6":"product_cat-ciftlik-ve-hayvancilik-ekipmanlari","7":"product_cat-hasere-ile-mucade","8":"product_cat-sinek-kovucular","10":"first","11":"instock","12":"shipping-taxable","13":"product-type-simple","14":"entry","15":"content-bg","16":"loop-entry"},"_links":{"self":[{"href":"https:\/\/www.enkatarim.com\/de\/wp-json\/wp\/v2\/product\/19822","targetHints":{"allow":["GET"]}}],"collection":[{"href":"https:\/\/www.enkatarim.com\/de\/wp-json\/wp\/v2\/product"}],"about":[{"href":"https:\/\/www.enkatarim.com\/de\/wp-json\/wp\/v2\/types\/product"}],"wp:featuredmedia":[{"embeddable":true,"href":"https:\/\/www.enkatarim.com\/de\/wp-json\/wp\/v2\/media\/4141"}],"wp:attachment":[{"href":"https:\/\/www.enkatarim.com\/de\/wp-json\/wp\/v2\/media?parent=19822"}],"wp:term":[{"taxonomy":"product_brand","embeddable":true,"href":"https:\/\/www.enkatarim.com\/de\/wp-json\/wp\/v2\/product_brand?post=19822"},{"taxonomy":"product_cat","embeddable":true,"href":"https:\/\/www.enkatarim.com\/de\/wp-json\/wp\/v2\/product_cat?post=19822"},{"taxonomy":"product_tag","embeddable":true,"href":"https:\/\/www.enkatarim.com\/de\/wp-json\/wp\/v2\/product_tag?post=19822"}],"curies":[{"name":"wp","href":"https:\/\/api.w.org\/{rel}","templated":true}]}}