{"id":19799,"date":"2023-03-07T15:01:10","date_gmt":"2023-03-07T15:01:10","guid":{"rendered":"https:\/\/enkatarim.com\/?post_type=product&#038;p=19799"},"modified":"2023-06-08T13:57:41","modified_gmt":"2023-06-08T13:57:41","slug":"buyuk-bombeli-polikarbon-vakum-kazani-kapagi-ic-contasi-18811","status":"publish","type":"product","link":"https:\/\/www.enkatarim.com\/de\/urun\/buyuk-bombeli-polikarbon-vakum-kazani-kapagi-ic-contasi-18811","title":{"rendered":"Innere Gummidichtung f\u00fcr gro\u00dfe gew\u00f6lbte Vakuumbeh\u00e4lterabdeckung aus Polycarbonat"},"content":{"rendered":"<ul>\n<li>18810 ist die innere Dichtung des gro\u00dfen gew\u00f6lbten Polycarbonat-Vakuumtankdeckels.<\/li>\n<li>Gummi<\/li>\n<\/ul>\n","protected":false},"excerpt":{"rendered":"<p>18810 ist die innere Dichtung des gro\u00dfen gew\u00f6lbten Polycarbonat-Vakuumtankdeckels. Gummi<\/p>\n","protected":false},"featured_media":3686,"template":"","meta":{"_eb_attr":"","_kadence_starter_templates_imported_post":false,"_kad_post_transparent":"","_kad_post_title":"","_kad_post_layout":"","_kad_post_sidebar_id":"","_kad_post_content_style":"","_kad_post_vertical_padding":"","_kad_post_feature":"","_kad_post_feature_position":"","_kad_post_header":false,"_kad_post_footer":false,"_kad_post_classname":""},"product_brand":[],"product_cat":[1033,1180],"product_tag":[],"class_list":{"0":"post-19799","1":"product","2":"type-product","3":"status-publish","4":"has-post-thumbnail","6":"product_cat-sut-sagim-makinesi-parcalari","7":"product_cat-vakum-kazani-kapaklari","9":"first","10":"instock","11":"shipping-taxable","12":"product-type-simple","13":"entry","14":"content-bg","15":"loop-entry"},"_links":{"self":[{"href":"https:\/\/www.enkatarim.com\/de\/wp-json\/wp\/v2\/product\/19799","targetHints":{"allow":["GET"]}}],"collection":[{"href":"https:\/\/www.enkatarim.com\/de\/wp-json\/wp\/v2\/product"}],"about":[{"href":"https:\/\/www.enkatarim.com\/de\/wp-json\/wp\/v2\/types\/product"}],"wp:featuredmedia":[{"embeddable":true,"href":"https:\/\/www.enkatarim.com\/de\/wp-json\/wp\/v2\/media\/3686"}],"wp:attachment":[{"href":"https:\/\/www.enkatarim.com\/de\/wp-json\/wp\/v2\/media?parent=19799"}],"wp:term":[{"taxonomy":"product_brand","embeddable":true,"href":"https:\/\/www.enkatarim.com\/de\/wp-json\/wp\/v2\/product_brand?post=19799"},{"taxonomy":"product_cat","embeddable":true,"href":"https:\/\/www.enkatarim.com\/de\/wp-json\/wp\/v2\/product_cat?post=19799"},{"taxonomy":"product_tag","embeddable":true,"href":"https:\/\/www.enkatarim.com\/de\/wp-json\/wp\/v2\/product_tag?post=19799"}],"curies":[{"name":"wp","href":"https:\/\/api.w.org\/{rel}","templated":true}]}}