{"id":19763,"date":"2023-03-07T15:00:36","date_gmt":"2023-03-07T15:00:36","guid":{"rendered":"https:\/\/enkatarim.com\/?post_type=product&#038;p=19763"},"modified":"2024-01-26T12:06:37","modified_gmt":"2024-01-26T09:06:37","slug":"ot-sap-ve-saman-parcalama-makinesi-2-2-kw-220v-60102","status":"publish","type":"product","link":"https:\/\/www.enkatarim.com\/de\/urun\/ot-sap-ve-saman-parcalama-makinesi-2-2-kw-220v-60102","title":{"rendered":"H\u00e4cksler, 2.2 PS, 220V"},"content":{"rendered":"<ul>\n<li>2.2 kW<\/li>\n<li>220V 50 Hz<\/li>\n<li>Drehzahl: 2800 U\/min<\/li>\n<li>Gewicht: 80,5 kg<\/li>\n<li>Abmessungen (L x B x H): 48 x 80 x 166 cm<\/li>\n<\/ul>\n<p>\n<table id=\"tablepress-347\" class=\"tablepress tablepress-id-347\">\n<tbody class=\"row-striping row-hover\">\n<tr class=\"row-1\">\n\t<td class=\"column-1\">60150<\/td><td class=\"column-2\">Propellerblatt<\/td>\n<\/tr>\n<tr class=\"row-2\">\n\t<td class=\"column-1\">17105<\/td><td class=\"column-2\">Griff<\/td>\n<\/tr>\n<tr class=\"row-3\">\n\t<td class=\"column-1\">60152<\/td><td class=\"column-2\">Elektrisches Panel<\/td>\n<\/tr>\n<tr class=\"row-4\">\n\t<td class=\"column-1\">16752<\/td><td class=\"column-2\">Rad (250 x 50 mm)<\/td>\n<\/tr>\n<tr class=\"row-5\">\n\t<td class=\"column-1\">60120<\/td><td class=\"column-2\">2,2 kW, 220V 50 Hz Motor<\/td>\n<\/tr>\n<\/tbody>\n<\/table>\n<!-- #tablepress-347 from cache --><div class=\"woocommerce columns-6 \"><ul class=\"products content-wrap product-archive grid-cols grid-ss-col-2 grid-sm-col-3 grid-md-col-4 grid-lg-col-6 woo-archive-action-visible woo-archive-btn-text align-buttons-bottom  woo-archive-image-hover-fade\"><li class=\"entry content-bg loop-entry product type-product post-7172 status-publish first instock product_cat-ot-sap-saman-parcalama-makinesi product_cat-yem-hazirlama-makineleri has-post-thumbnail shipping-taxable product-type-simple\">\n\t<a href=\"https:\/\/www.enkatarim.com\/de\/urun\/elektrik-panosu-ot-ve-sap-parcalama-makinesi-icin-60152\" class=\"woocommerce-loop-image-link woocommerce-LoopProduct-link woocommerce-loop-product__link\"><img loading=\"lazy\" decoding=\"async\" width=\"300\" height=\"300\" src=\"https:\/\/www.enkatarim.com\/wp-content\/uploads\/2023\/03\/60152-ot-sap-ve-saman-kirma-makinesi-icin-elektrik-panosu-300x300.jpg\" class=\"attachment-woocommerce_thumbnail size-woocommerce_thumbnail\" alt=\"Schalttafel f\u00fcr Grash\u00e4cksler\" srcset=\"https:\/\/www.enkatarim.com\/wp-content\/uploads\/2023\/03\/60152-ot-sap-ve-saman-kirma-makinesi-icin-elektrik-panosu-300x300.jpg 300w, https:\/\/www.enkatarim.com\/wp-content\/uploads\/2023\/03\/60152-ot-sap-ve-saman-kirma-makinesi-icin-elektrik-panosu.jpg 1024w, https:\/\/www.enkatarim.com\/wp-content\/uploads\/2023\/03\/60152-ot-sap-ve-saman-kirma-makinesi-icin-elektrik-panosu-150x150.jpg 150w, https:\/\/www.enkatarim.com\/wp-content\/uploads\/2023\/03\/60152-ot-sap-ve-saman-kirma-makinesi-icin-elektrik-panosu-768x768.jpg 768w, https:\/\/www.enkatarim.com\/wp-content\/uploads\/2023\/03\/60152-ot-sap-ve-saman-kirma-makinesi-icin-elektrik-panosu-600x600.jpg 600w, https:\/\/www.enkatarim.com\/wp-content\/uploads\/2023\/03\/60152-ot-sap-ve-saman-kirma-makinesi-icin-elektrik-panosu-100x100.jpg 100w\" sizes=\"auto, (max-width: 300px) 100vw, 300px\" \/><\/a><div class=\"product-details content-bg entry-content-wrap\"><h2 class=\"woocommerce-loop-product__title\"><a href=\"https:\/\/www.enkatarim.com\/de\/urun\/elektrik-panosu-ot-ve-sap-parcalama-makinesi-icin-60152\" class=\"woocommerce-LoopProduct-link-title woocommerce-loop-product__title_ink\">Schalttafel f\u00fcr Grash\u00e4cksler<\/a><\/h2>\n<div class=\"product-action-wrap\"><a href=\"https:\/\/www.enkatarim.com\/de\/urun\/elektrik-panosu-ot-ve-sap-parcalama-makinesi-icin-60152\" data-quantity=\"1\" class=\"button product_type_simple\" data-product_id=\"7172\" data-product_sku=\"60152\" aria-label=\"Read more about &ldquo;Schalttafel f\u00fcr Grash\u00e4cksler&rdquo;\" rel=\"nofollow\" data-success_message=\"\">Read more<span class=\"kadence-svg-iconset svg-baseline\"><svg aria-hidden=\"true\" class=\"kadence-svg-icon kadence-arrow-right-alt-svg\" fill=\"currentColor\" version=\"1.1\" xmlns=\"http:\/\/www.w3.org\/2000\/svg\" width=\"27\" height=\"28\" viewBox=\"0 0 27 28\"><title>Continue<\/title><path d=\"M27 13.953c0 0.141-0.063 0.281-0.156 0.375l-6 5.531c-0.156 0.141-0.359 0.172-0.547 0.094-0.172-0.078-0.297-0.25-0.297-0.453v-3.5h-19.5c-0.281 0-0.5-0.219-0.5-0.5v-3c0-0.281 0.219-0.5 0.5-0.5h19.5v-3.5c0-0.203 0.109-0.375 0.297-0.453s0.391-0.047 0.547 0.078l6 5.469c0.094 0.094 0.156 0.219 0.156 0.359v0z\"><\/path>\n\t\t\t\t<\/svg><\/span><span class=\"kadence-svg-iconset svg-baseline\"><svg class=\"kadence-svg-icon kadence-spinner-svg\" fill=\"currentColor\" version=\"1.1\" xmlns=\"http:\/\/www.w3.org\/2000\/svg\" width=\"16\" height=\"16\" viewBox=\"0 0 16 16\"><title>Loading<\/title><path d=\"M16 6h-6l2.243-2.243c-1.133-1.133-2.64-1.757-4.243-1.757s-3.109 0.624-4.243 1.757c-1.133 1.133-1.757 2.64-1.757 4.243s0.624 3.109 1.757 4.243c1.133 1.133 2.64 1.757 4.243 1.757s3.109-0.624 4.243-1.757c0.095-0.095 0.185-0.192 0.273-0.292l1.505 1.317c-1.466 1.674-3.62 2.732-6.020 2.732-4.418 0-8-3.582-8-8s3.582-8 8-8c2.209 0 4.209 0.896 5.656 2.344l2.343-2.344v6z\"><\/path>\n\t\t\t\t<\/svg><\/span><span class=\"kadence-svg-iconset svg-baseline\"><svg class=\"kadence-svg-icon kadence-check-svg\" fill=\"currentColor\" version=\"1.1\" xmlns=\"http:\/\/www.w3.org\/2000\/svg\" width=\"16\" height=\"16\" viewBox=\"0 0 16 16\"><title>Done<\/title><path d=\"M14 2.5l-8.5 8.5-3.5-3.5-1.5 1.5 5 5 10-10z\"><\/path>\n\t\t\t\t<\/svg><\/span><\/a>\t<span id=\"woocommerce_loop_add_to_cart_link_describedby_7172\" class=\"screen-reader-text\">\n\t\t\t<\/span>\n<\/div><\/div><\/li>\n<li class=\"entry content-bg loop-entry product type-product post-20297 status-publish instock product_cat-kaucuk-parcalar product_cat-sut-sagim-makinesi-parcalari has-post-thumbnail shipping-taxable product-type-simple\">\n\t<a href=\"https:\/\/www.enkatarim.com\/de\/urun\/kaucuk-elcik-27-mm-17105\" class=\"woocommerce-loop-image-link woocommerce-LoopProduct-link woocommerce-loop-product__link\"><img loading=\"lazy\" decoding=\"async\" width=\"300\" height=\"300\" src=\"https:\/\/www.enkatarim.com\/wp-content\/uploads\/2023\/03\/17105-27-mm-elcik-300x300.jpg\" class=\"attachment-woocommerce_thumbnail size-woocommerce_thumbnail\" alt=\"Gummigriff, 27 mm\" srcset=\"https:\/\/www.enkatarim.com\/wp-content\/uploads\/2023\/03\/17105-27-mm-elcik-300x300.jpg 300w, https:\/\/www.enkatarim.com\/wp-content\/uploads\/2023\/03\/17105-27-mm-elcik.jpg 1024w, https:\/\/www.enkatarim.com\/wp-content\/uploads\/2023\/03\/17105-27-mm-elcik-150x150.jpg 150w, https:\/\/www.enkatarim.com\/wp-content\/uploads\/2023\/03\/17105-27-mm-elcik-768x768.jpg 768w, https:\/\/www.enkatarim.com\/wp-content\/uploads\/2023\/03\/17105-27-mm-elcik-600x600.jpg 600w, https:\/\/www.enkatarim.com\/wp-content\/uploads\/2023\/03\/17105-27-mm-elcik-100x100.jpg 100w\" sizes=\"auto, (max-width: 300px) 100vw, 300px\" \/><\/a><div class=\"product-details content-bg entry-content-wrap\"><h2 class=\"woocommerce-loop-product__title\"><a href=\"https:\/\/www.enkatarim.com\/de\/urun\/kaucuk-elcik-27-mm-17105\" class=\"woocommerce-LoopProduct-link-title woocommerce-loop-product__title_ink\">Gummigriff, 27 mm<\/a><\/h2>\n<div class=\"product-action-wrap\"><a href=\"https:\/\/www.enkatarim.com\/de\/urun\/kaucuk-elcik-27-mm-17105\" data-quantity=\"1\" class=\"button product_type_simple\" data-product_id=\"20297\" data-product_sku=\"17105\" aria-label=\"Read more about &ldquo;Gummigriff, 27 mm&rdquo;\" rel=\"nofollow\" data-success_message=\"\">Read more<span class=\"kadence-svg-iconset svg-baseline\"><svg aria-hidden=\"true\" class=\"kadence-svg-icon kadence-arrow-right-alt-svg\" fill=\"currentColor\" version=\"1.1\" xmlns=\"http:\/\/www.w3.org\/2000\/svg\" width=\"27\" height=\"28\" viewBox=\"0 0 27 28\"><title>Continue<\/title><path d=\"M27 13.953c0 0.141-0.063 0.281-0.156 0.375l-6 5.531c-0.156 0.141-0.359 0.172-0.547 0.094-0.172-0.078-0.297-0.25-0.297-0.453v-3.5h-19.5c-0.281 0-0.5-0.219-0.5-0.5v-3c0-0.281 0.219-0.5 0.5-0.5h19.5v-3.5c0-0.203 0.109-0.375 0.297-0.453s0.391-0.047 0.547 0.078l6 5.469c0.094 0.094 0.156 0.219 0.156 0.359v0z\"><\/path>\n\t\t\t\t<\/svg><\/span><span class=\"kadence-svg-iconset svg-baseline\"><svg class=\"kadence-svg-icon kadence-spinner-svg\" fill=\"currentColor\" version=\"1.1\" xmlns=\"http:\/\/www.w3.org\/2000\/svg\" width=\"16\" height=\"16\" viewBox=\"0 0 16 16\"><title>Loading<\/title><path d=\"M16 6h-6l2.243-2.243c-1.133-1.133-2.64-1.757-4.243-1.757s-3.109 0.624-4.243 1.757c-1.133 1.133-1.757 2.64-1.757 4.243s0.624 3.109 1.757 4.243c1.133 1.133 2.64 1.757 4.243 1.757s3.109-0.624 4.243-1.757c0.095-0.095 0.185-0.192 0.273-0.292l1.505 1.317c-1.466 1.674-3.62 2.732-6.020 2.732-4.418 0-8-3.582-8-8s3.582-8 8-8c2.209 0 4.209 0.896 5.656 2.344l2.343-2.344v6z\"><\/path>\n\t\t\t\t<\/svg><\/span><span class=\"kadence-svg-iconset svg-baseline\"><svg class=\"kadence-svg-icon kadence-check-svg\" fill=\"currentColor\" version=\"1.1\" xmlns=\"http:\/\/www.w3.org\/2000\/svg\" width=\"16\" height=\"16\" viewBox=\"0 0 16 16\"><title>Done<\/title><path d=\"M14 2.5l-8.5 8.5-3.5-3.5-1.5 1.5 5 5 10-10z\"><\/path>\n\t\t\t\t<\/svg><\/span><\/a>\t<span id=\"woocommerce_loop_add_to_cart_link_describedby_20297\" class=\"screen-reader-text\">\n\t\t\t<\/span>\n<\/div><\/div><\/li>\n<li class=\"entry content-bg loop-entry product type-product post-20296 status-publish instock product_cat-ot-sap-saman-parcalama-makinesi product_cat-yem-hazirlama-makineleri has-post-thumbnail shipping-taxable product-type-simple\">\n\t<a href=\"https:\/\/www.enkatarim.com\/de\/urun\/pervane-bicak-ot-sap-ve-saman-parcalama-makinesi-60150\" class=\"woocommerce-loop-image-link woocommerce-LoopProduct-link woocommerce-loop-product__link\"><img loading=\"lazy\" decoding=\"async\" width=\"300\" height=\"300\" src=\"https:\/\/www.enkatarim.com\/wp-content\/uploads\/2023\/03\/60150-ot-sap-saman-kirma-makinesi-icin-pervane-bicak-300x300.jpg\" class=\"attachment-woocommerce_thumbnail size-woocommerce_thumbnail\" alt=\"Propellerblatt f\u00fcr Grash\u00e4cksler\" srcset=\"https:\/\/www.enkatarim.com\/wp-content\/uploads\/2023\/03\/60150-ot-sap-saman-kirma-makinesi-icin-pervane-bicak-300x300.jpg 300w, https:\/\/www.enkatarim.com\/wp-content\/uploads\/2023\/03\/60150-ot-sap-saman-kirma-makinesi-icin-pervane-bicak.jpg 1024w, https:\/\/www.enkatarim.com\/wp-content\/uploads\/2023\/03\/60150-ot-sap-saman-kirma-makinesi-icin-pervane-bicak-150x150.jpg 150w, https:\/\/www.enkatarim.com\/wp-content\/uploads\/2023\/03\/60150-ot-sap-saman-kirma-makinesi-icin-pervane-bicak-768x768.jpg 768w, https:\/\/www.enkatarim.com\/wp-content\/uploads\/2023\/03\/60150-ot-sap-saman-kirma-makinesi-icin-pervane-bicak-600x600.jpg 600w, https:\/\/www.enkatarim.com\/wp-content\/uploads\/2023\/03\/60150-ot-sap-saman-kirma-makinesi-icin-pervane-bicak-100x100.jpg 100w\" sizes=\"auto, (max-width: 300px) 100vw, 300px\" \/><\/a><div class=\"product-details content-bg entry-content-wrap\"><h2 class=\"woocommerce-loop-product__title\"><a href=\"https:\/\/www.enkatarim.com\/de\/urun\/pervane-bicak-ot-sap-ve-saman-parcalama-makinesi-60150\" class=\"woocommerce-LoopProduct-link-title woocommerce-loop-product__title_ink\">Propellerblatt f\u00fcr Grash\u00e4cksler<\/a><\/h2>\n<div class=\"product-action-wrap\"><a href=\"https:\/\/www.enkatarim.com\/de\/urun\/pervane-bicak-ot-sap-ve-saman-parcalama-makinesi-60150\" data-quantity=\"1\" class=\"button product_type_simple\" data-product_id=\"20296\" data-product_sku=\"60150\" aria-label=\"Read more about &ldquo;Propellerblatt f\u00fcr Grash\u00e4cksler&rdquo;\" rel=\"nofollow\" data-success_message=\"\">Read more<span class=\"kadence-svg-iconset svg-baseline\"><svg aria-hidden=\"true\" class=\"kadence-svg-icon kadence-arrow-right-alt-svg\" fill=\"currentColor\" version=\"1.1\" xmlns=\"http:\/\/www.w3.org\/2000\/svg\" width=\"27\" height=\"28\" viewBox=\"0 0 27 28\"><title>Continue<\/title><path d=\"M27 13.953c0 0.141-0.063 0.281-0.156 0.375l-6 5.531c-0.156 0.141-0.359 0.172-0.547 0.094-0.172-0.078-0.297-0.25-0.297-0.453v-3.5h-19.5c-0.281 0-0.5-0.219-0.5-0.5v-3c0-0.281 0.219-0.5 0.5-0.5h19.5v-3.5c0-0.203 0.109-0.375 0.297-0.453s0.391-0.047 0.547 0.078l6 5.469c0.094 0.094 0.156 0.219 0.156 0.359v0z\"><\/path>\n\t\t\t\t<\/svg><\/span><span class=\"kadence-svg-iconset svg-baseline\"><svg class=\"kadence-svg-icon kadence-spinner-svg\" fill=\"currentColor\" version=\"1.1\" xmlns=\"http:\/\/www.w3.org\/2000\/svg\" width=\"16\" height=\"16\" viewBox=\"0 0 16 16\"><title>Loading<\/title><path d=\"M16 6h-6l2.243-2.243c-1.133-1.133-2.64-1.757-4.243-1.757s-3.109 0.624-4.243 1.757c-1.133 1.133-1.757 2.64-1.757 4.243s0.624 3.109 1.757 4.243c1.133 1.133 2.64 1.757 4.243 1.757s3.109-0.624 4.243-1.757c0.095-0.095 0.185-0.192 0.273-0.292l1.505 1.317c-1.466 1.674-3.62 2.732-6.020 2.732-4.418 0-8-3.582-8-8s3.582-8 8-8c2.209 0 4.209 0.896 5.656 2.344l2.343-2.344v6z\"><\/path>\n\t\t\t\t<\/svg><\/span><span class=\"kadence-svg-iconset svg-baseline\"><svg class=\"kadence-svg-icon kadence-check-svg\" fill=\"currentColor\" version=\"1.1\" xmlns=\"http:\/\/www.w3.org\/2000\/svg\" width=\"16\" height=\"16\" viewBox=\"0 0 16 16\"><title>Done<\/title><path d=\"M14 2.5l-8.5 8.5-3.5-3.5-1.5 1.5 5 5 10-10z\"><\/path>\n\t\t\t\t<\/svg><\/span><\/a>\t<span id=\"woocommerce_loop_add_to_cart_link_describedby_20296\" class=\"screen-reader-text\">\n\t\t\t<\/span>\n<\/div><\/div><\/li>\n<li class=\"entry content-bg loop-entry product type-product post-20129 status-publish instock product_cat-sut-sagim-makinesi-parcalari product_cat-tekerlekler has-post-thumbnail shipping-taxable product-type-simple\">\n\t<a href=\"https:\/\/www.enkatarim.com\/de\/urun\/250-x-50-mm-agr-ve-ot-sap-kiyma-makinesi-icin-siyah-16752\" class=\"woocommerce-loop-image-link woocommerce-LoopProduct-link woocommerce-loop-product__link\"><img loading=\"lazy\" decoding=\"async\" width=\"300\" height=\"300\" src=\"https:\/\/www.enkatarim.com\/wp-content\/uploads\/2023\/03\/16752-250-x-50-mm-kucuk-tekerlek-300x300.jpg\" class=\"attachment-woocommerce_thumbnail size-woocommerce_thumbnail\" alt=\"250 x 50 mm Rad f\u00fcr AGR- und Grash\u00e4ckslermaschine\" srcset=\"https:\/\/www.enkatarim.com\/wp-content\/uploads\/2023\/03\/16752-250-x-50-mm-kucuk-tekerlek-300x300.jpg 300w, https:\/\/www.enkatarim.com\/wp-content\/uploads\/2023\/03\/16752-250-x-50-mm-kucuk-tekerlek.jpg 1024w, https:\/\/www.enkatarim.com\/wp-content\/uploads\/2023\/03\/16752-250-x-50-mm-kucuk-tekerlek-150x150.jpg 150w, https:\/\/www.enkatarim.com\/wp-content\/uploads\/2023\/03\/16752-250-x-50-mm-kucuk-tekerlek-768x768.jpg 768w, https:\/\/www.enkatarim.com\/wp-content\/uploads\/2023\/03\/16752-250-x-50-mm-kucuk-tekerlek-600x600.jpg 600w, https:\/\/www.enkatarim.com\/wp-content\/uploads\/2023\/03\/16752-250-x-50-mm-kucuk-tekerlek-100x100.jpg 100w\" sizes=\"auto, (max-width: 300px) 100vw, 300px\" \/><\/a><div class=\"product-details content-bg entry-content-wrap\"><h2 class=\"woocommerce-loop-product__title\"><a href=\"https:\/\/www.enkatarim.com\/de\/urun\/250-x-50-mm-agr-ve-ot-sap-kiyma-makinesi-icin-siyah-16752\" class=\"woocommerce-LoopProduct-link-title woocommerce-loop-product__title_ink\">250 x 50 mm Rad f\u00fcr AGR- und Grash\u00e4ckslermaschine<\/a><\/h2>\n<div class=\"product-action-wrap\"><a href=\"https:\/\/www.enkatarim.com\/de\/urun\/250-x-50-mm-agr-ve-ot-sap-kiyma-makinesi-icin-siyah-16752\" data-quantity=\"1\" class=\"button product_type_simple\" data-product_id=\"20129\" data-product_sku=\"16752\" aria-label=\"Read more about &ldquo;250 x 50 mm Rad f\u00fcr AGR- und Grash\u00e4ckslermaschine&rdquo;\" rel=\"nofollow\" data-success_message=\"\">Read more<span class=\"kadence-svg-iconset svg-baseline\"><svg aria-hidden=\"true\" class=\"kadence-svg-icon kadence-arrow-right-alt-svg\" fill=\"currentColor\" version=\"1.1\" xmlns=\"http:\/\/www.w3.org\/2000\/svg\" width=\"27\" height=\"28\" viewBox=\"0 0 27 28\"><title>Continue<\/title><path d=\"M27 13.953c0 0.141-0.063 0.281-0.156 0.375l-6 5.531c-0.156 0.141-0.359 0.172-0.547 0.094-0.172-0.078-0.297-0.25-0.297-0.453v-3.5h-19.5c-0.281 0-0.5-0.219-0.5-0.5v-3c0-0.281 0.219-0.5 0.5-0.5h19.5v-3.5c0-0.203 0.109-0.375 0.297-0.453s0.391-0.047 0.547 0.078l6 5.469c0.094 0.094 0.156 0.219 0.156 0.359v0z\"><\/path>\n\t\t\t\t<\/svg><\/span><span class=\"kadence-svg-iconset svg-baseline\"><svg class=\"kadence-svg-icon kadence-spinner-svg\" fill=\"currentColor\" version=\"1.1\" xmlns=\"http:\/\/www.w3.org\/2000\/svg\" width=\"16\" height=\"16\" viewBox=\"0 0 16 16\"><title>Loading<\/title><path d=\"M16 6h-6l2.243-2.243c-1.133-1.133-2.64-1.757-4.243-1.757s-3.109 0.624-4.243 1.757c-1.133 1.133-1.757 2.64-1.757 4.243s0.624 3.109 1.757 4.243c1.133 1.133 2.64 1.757 4.243 1.757s3.109-0.624 4.243-1.757c0.095-0.095 0.185-0.192 0.273-0.292l1.505 1.317c-1.466 1.674-3.62 2.732-6.020 2.732-4.418 0-8-3.582-8-8s3.582-8 8-8c2.209 0 4.209 0.896 5.656 2.344l2.343-2.344v6z\"><\/path>\n\t\t\t\t<\/svg><\/span><span class=\"kadence-svg-iconset svg-baseline\"><svg class=\"kadence-svg-icon kadence-check-svg\" fill=\"currentColor\" version=\"1.1\" xmlns=\"http:\/\/www.w3.org\/2000\/svg\" width=\"16\" height=\"16\" viewBox=\"0 0 16 16\"><title>Done<\/title><path d=\"M14 2.5l-8.5 8.5-3.5-3.5-1.5 1.5 5 5 10-10z\"><\/path>\n\t\t\t\t<\/svg><\/span><\/a>\t<span id=\"woocommerce_loop_add_to_cart_link_describedby_20129\" class=\"screen-reader-text\">\n\t\t\t<\/span>\n<\/div><\/div><\/li>\n<\/ul>\n<\/div><\/p>\n<p>Entdecken Sie unsere sorgf\u00e4ltig gestalteten und hergestellten Heu-, Stroh- und Strohzerschneidungsmaschinen, die darauf abzielen, H\u00f6fe effizienter und rentabler zu gestalten! Als Teil einer Serie von Produkten, die entwickelt wurden, um den Ertrag in der modernen Landwirtschaft zu maximieren, wird Ihnen diese leistungsstarke Maschine dabei helfen, Nachlese-R\u00fcckst\u00e4nde in wertvolle Ressourcen umzuwandeln.<\/p>\n<p>Die Enka Heu-, Stroh- und Strohzerschneidungsmaschine ist in zwei verschiedenen Leistungsoptionen, 2,2 kW und 3 kW, erh\u00e4ltlich, damit Sie das Produkt ausw\u00e4hlen k\u00f6nnen, das Ihren Bed\u00fcrfnissen entspricht. Mit leistungsstarken Motoren zerkleinert sie Materialien effizient und spart Ihnen Zeit und Energie.<\/p>\n<p>Mit einem Fokus auf Kundenzufriedenheit werden diese Maschinen in Ein- und Dreiphasenoptionen angeboten und lassen sich problemlos an verschiedene elektrische Installationen anpassen. Diese Flexibilit\u00e4t gew\u00e4hrleistet eine perfekte Anpassung an Ihre Hofbedingungen und elektrische Infrastruktur.<\/p>\n<p>Mit jedem Detail sorgf\u00e4ltig entworfen, sind unsere Enka Heu-, Stroh- und Strohzerschneidungsmaschinen langlebige Produkte. Konstruiert aus Stahl und unter Verwendung hochwertiger Materialien f\u00fcr andere Komponenten passt sie sich perfekt an anspruchsvolle landwirtschaftliche Bedingungen an und bietet jahrelang zuverl\u00e4ssige Leistung.<\/p>\n<p>Die Maschinen sind unglaublich einfach zu bedienen, mit zwei Griffen auf der R\u00fcckseite f\u00fcr eine einfache Bewegung. Das ergonomische Design minimiert Arbeitsaufwand und Zeit, sodass Sie sich auf die Produktion konzentrieren k\u00f6nnen. Zus\u00e4tzlich ist die regelm\u00e4\u00dfige Wartung leicht durchf\u00fchrbar, sodass Ihre Maschine immer mit H\u00f6chstleistung arbeitet.<\/p>\n<p>Die Enka Heu-, Stroh- und Strohzerschneidungsmaschine ist nicht nur effizient, sondern auch wirtschaftlich, budgetfreundlich und umweltfreundlich. Sie amortisiert sich schnell, minimiert Abfall durch die Nutzung von Nachlese-Materialien und tr\u00e4gt erheblich zur Wirtschaftlichkeit Ihres Hofs bei.<\/p>\n<p>Ihre H\u00f6fe effektiver und rentabler zu f\u00fchren, ist jetzt mit unseren Heu-, Stroh- und Strohzerschneidungsmaschinen leichter m\u00f6glich! Kontaktieren Sie uns jetzt, um mehr \u00fcber unsere ma\u00dfgeschneiderten L\u00f6sungen zu erfahren und das Potenzial Ihres Hofs zu maximieren!<\/p>\n","protected":false},"excerpt":{"rendered":"<p>Es zerkleinert Gras und St\u00e4ngel zu kleinen St\u00fccken.<\/p>\n","protected":false},"featured_media":3218,"template":"","meta":{"_eb_attr":"","_kadence_starter_templates_imported_post":false,"_kad_post_transparent":"default","_kad_post_title":"","_kad_post_layout":"default","_kad_post_sidebar_id":"","_kad_post_content_style":"default","_kad_post_vertical_padding":"default","_kad_post_feature":"","_kad_post_feature_position":"","_kad_post_header":false,"_kad_post_footer":false,"_kad_post_classname":""},"product_brand":[],"product_cat":[1118,1115],"product_tag":[],"class_list":{"0":"post-19763","1":"product","2":"type-product","3":"status-publish","4":"has-post-thumbnail","6":"product_cat-ot-sap-saman-parcalama-makinesi","7":"product_cat-yem-hazirlama-makineleri","8":"entry","9":"content-bg","10":"loop-entry","12":"first","13":"instock","14":"shipping-taxable","15":"product-type-simple"},"_links":{"self":[{"href":"https:\/\/www.enkatarim.com\/de\/wp-json\/wp\/v2\/product\/19763","targetHints":{"allow":["GET"]}}],"collection":[{"href":"https:\/\/www.enkatarim.com\/de\/wp-json\/wp\/v2\/product"}],"about":[{"href":"https:\/\/www.enkatarim.com\/de\/wp-json\/wp\/v2\/types\/product"}],"wp:featuredmedia":[{"embeddable":true,"href":"https:\/\/www.enkatarim.com\/de\/wp-json\/wp\/v2\/media\/3218"}],"wp:attachment":[{"href":"https:\/\/www.enkatarim.com\/de\/wp-json\/wp\/v2\/media?parent=19763"}],"wp:term":[{"taxonomy":"product_brand","embeddable":true,"href":"https:\/\/www.enkatarim.com\/de\/wp-json\/wp\/v2\/product_brand?post=19763"},{"taxonomy":"product_cat","embeddable":true,"href":"https:\/\/www.enkatarim.com\/de\/wp-json\/wp\/v2\/product_cat?post=19763"},{"taxonomy":"product_tag","embeddable":true,"href":"https:\/\/www.enkatarim.com\/de\/wp-json\/wp\/v2\/product_tag?post=19763"}],"curies":[{"name":"wp","href":"https:\/\/api.w.org\/{rel}","templated":true}]}}