{"id":19761,"date":"2023-03-07T15:00:35","date_gmt":"2023-03-07T15:00:35","guid":{"rendered":"https:\/\/enkatarim.com\/?post_type=product&#038;p=19761"},"modified":"2023-06-08T13:57:37","modified_gmt":"2023-06-08T13:57:37","slug":"mineral-block-yalama-tasi-10-kg-37851","status":"publish","type":"product","link":"https:\/\/www.enkatarim.com\/de\/urun\/mineral-block-yalama-tasi-10-kg-37851","title":{"rendered":"Mineral Block 10 kg"},"content":{"rendered":"<p>Spurenelemente, die die gesteigerte Produktivit\u00e4t f\u00f6rdern. Deckt den t\u00e4glichen Salzbedarf der Tiere. Reduziert das Verlangen, den Boden und die W\u00e4nde abzulecken. Regt den Appetit an. Erh\u00f6ht die Futterverwertungsrate. Tr\u00e4gt zur Regulierung des Aussehens von Haaren und Wolle bei.<\/p>\n","protected":false},"excerpt":{"rendered":"<p>5 kg<\/p>\n","protected":false},"featured_media":3211,"template":"","meta":{"_eb_attr":"","_kadence_starter_templates_imported_post":false,"_kad_post_transparent":"","_kad_post_title":"","_kad_post_layout":"","_kad_post_sidebar_id":"","_kad_post_content_style":"","_kad_post_vertical_padding":"","_kad_post_feature":"","_kad_post_feature_position":"","_kad_post_header":false,"_kad_post_footer":false,"_kad_post_classname":""},"product_brand":[],"product_cat":[1111,1113],"product_tag":[],"class_list":{"0":"post-19761","1":"product","2":"type-product","3":"status-publish","4":"has-post-thumbnail","6":"product_cat-gida-takviyeleri","7":"product_cat-yalama-taslari","9":"first","10":"instock","11":"shipping-taxable","12":"product-type-simple","13":"entry","14":"content-bg","15":"loop-entry"},"_links":{"self":[{"href":"https:\/\/www.enkatarim.com\/de\/wp-json\/wp\/v2\/product\/19761","targetHints":{"allow":["GET"]}}],"collection":[{"href":"https:\/\/www.enkatarim.com\/de\/wp-json\/wp\/v2\/product"}],"about":[{"href":"https:\/\/www.enkatarim.com\/de\/wp-json\/wp\/v2\/types\/product"}],"wp:featuredmedia":[{"embeddable":true,"href":"https:\/\/www.enkatarim.com\/de\/wp-json\/wp\/v2\/media\/3211"}],"wp:attachment":[{"href":"https:\/\/www.enkatarim.com\/de\/wp-json\/wp\/v2\/media?parent=19761"}],"wp:term":[{"taxonomy":"product_brand","embeddable":true,"href":"https:\/\/www.enkatarim.com\/de\/wp-json\/wp\/v2\/product_brand?post=19761"},{"taxonomy":"product_cat","embeddable":true,"href":"https:\/\/www.enkatarim.com\/de\/wp-json\/wp\/v2\/product_cat?post=19761"},{"taxonomy":"product_tag","embeddable":true,"href":"https:\/\/www.enkatarim.com\/de\/wp-json\/wp\/v2\/product_tag?post=19761"}],"curies":[{"name":"wp","href":"https:\/\/api.w.org\/{rel}","templated":true}]}}