{"id":19759,"date":"2023-03-07T15:00:35","date_gmt":"2023-03-07T15:00:35","guid":{"rendered":"https:\/\/enkatarim.com\/?post_type=product&#038;p=19759"},"modified":"2023-06-08T13:57:37","modified_gmt":"2023-06-08T13:57:37","slug":"revijel-energyx-yalama-kovasi-40-kg-38878","status":"publish","type":"product","link":"https:\/\/www.enkatarim.com\/de\/urun\/revijel-energyx-yalama-kovasi-40-kg-38878","title":{"rendered":"Revijel EnergyX 40 kg"},"content":{"rendered":"<p>Deckt den Vitamin- und Mineralstoffbedarf von Nutztieren. Ursprung aus Melasse. Enth\u00e4lt Energie, Protein, Vitamine und Spurenelemente. Hilft, das Problem des Energiemangels und damit verbundenen Fruchtbarkeitsproblemen zu verhindern. Enth\u00e4lt keine Harnstoff. Reduziert das Verlangen, den Boden und die W\u00e4nde abzulecken. Erh\u00f6ht die Futtereffizienz. Regt den Appetit an. Unterst\u00fctzt die Entwicklung von Knochen- und Knorpelgewebe.<\/p>\n","protected":false},"excerpt":{"rendered":"<p>40 kg<\/p>\n","protected":false},"featured_media":3209,"template":"","meta":{"_eb_attr":"","_kadence_starter_templates_imported_post":false,"_kad_post_transparent":"","_kad_post_title":"","_kad_post_layout":"","_kad_post_sidebar_id":"","_kad_post_content_style":"","_kad_post_vertical_padding":"","_kad_post_feature":"","_kad_post_feature_position":"","_kad_post_header":false,"_kad_post_footer":false,"_kad_post_classname":""},"product_brand":[],"product_cat":[1111,1112],"product_tag":[],"class_list":{"0":"post-19759","1":"product","2":"type-product","3":"status-publish","4":"has-post-thumbnail","6":"product_cat-gida-takviyeleri","7":"product_cat-yalama-jelleri","9":"first","10":"instock","11":"shipping-taxable","12":"product-type-simple","13":"entry","14":"content-bg","15":"loop-entry"},"_links":{"self":[{"href":"https:\/\/www.enkatarim.com\/de\/wp-json\/wp\/v2\/product\/19759","targetHints":{"allow":["GET"]}}],"collection":[{"href":"https:\/\/www.enkatarim.com\/de\/wp-json\/wp\/v2\/product"}],"about":[{"href":"https:\/\/www.enkatarim.com\/de\/wp-json\/wp\/v2\/types\/product"}],"wp:featuredmedia":[{"embeddable":true,"href":"https:\/\/www.enkatarim.com\/de\/wp-json\/wp\/v2\/media\/3209"}],"wp:attachment":[{"href":"https:\/\/www.enkatarim.com\/de\/wp-json\/wp\/v2\/media?parent=19759"}],"wp:term":[{"taxonomy":"product_brand","embeddable":true,"href":"https:\/\/www.enkatarim.com\/de\/wp-json\/wp\/v2\/product_brand?post=19759"},{"taxonomy":"product_cat","embeddable":true,"href":"https:\/\/www.enkatarim.com\/de\/wp-json\/wp\/v2\/product_cat?post=19759"},{"taxonomy":"product_tag","embeddable":true,"href":"https:\/\/www.enkatarim.com\/de\/wp-json\/wp\/v2\/product_tag?post=19759"}],"curies":[{"name":"wp","href":"https:\/\/api.w.org\/{rel}","templated":true}]}}