{"id":19757,"date":"2023-03-07T15:00:34","date_gmt":"2023-03-07T15:00:34","guid":{"rendered":"https:\/\/enkatarim.com\/?post_type=product&#038;p=19757"},"modified":"2023-06-08T13:57:36","modified_gmt":"2023-06-08T13:57:36","slug":"relac-22-19-buzagi-mamasi-25-kg-37701","status":"publish","type":"product","link":"https:\/\/www.enkatarim.com\/de\/urun\/relac-22-19-buzagi-mamasi-25-kg-37701","title":{"rendered":"K\u00e4lberfutter Relac 22-19, 25 kg"},"content":{"rendered":"<p>Enth\u00e4lt 22% Protein und 19% Fett. Probiotika, Vitamine und Mineralstoffe sind in hohem Ma\u00dfe enthalten. Qualitativ hochwertiges und nahrhaftes Produkt f\u00fcr das Kalb. Liefert eine hohe Menge an Energie mit pflanzlichen \u00d6len. St\u00e4rkt das Immunsystem. L\u00f6st sich leicht in Wasser auf. Geeignet f\u00fcr die Verwendung mit Eimern und Futtermaschinen.<\/p>\n","protected":false},"excerpt":{"rendered":"<p>25 kg<\/p>\n","protected":false},"featured_media":3205,"template":"","meta":{"_eb_attr":"","_kadence_starter_templates_imported_post":false,"_kad_post_transparent":"","_kad_post_title":"","_kad_post_layout":"","_kad_post_sidebar_id":"","_kad_post_content_style":"","_kad_post_vertical_padding":"","_kad_post_feature":"","_kad_post_feature_position":"","_kad_post_header":false,"_kad_post_footer":false,"_kad_post_classname":""},"product_brand":[],"product_cat":[1114,1111],"product_tag":[],"class_list":{"0":"post-19757","1":"product","2":"type-product","3":"status-publish","4":"has-post-thumbnail","6":"product_cat-buzagi-mamalari","7":"product_cat-gida-takviyeleri","9":"first","10":"instock","11":"shipping-taxable","12":"product-type-simple","13":"entry","14":"content-bg","15":"loop-entry"},"_links":{"self":[{"href":"https:\/\/www.enkatarim.com\/de\/wp-json\/wp\/v2\/product\/19757","targetHints":{"allow":["GET"]}}],"collection":[{"href":"https:\/\/www.enkatarim.com\/de\/wp-json\/wp\/v2\/product"}],"about":[{"href":"https:\/\/www.enkatarim.com\/de\/wp-json\/wp\/v2\/types\/product"}],"wp:featuredmedia":[{"embeddable":true,"href":"https:\/\/www.enkatarim.com\/de\/wp-json\/wp\/v2\/media\/3205"}],"wp:attachment":[{"href":"https:\/\/www.enkatarim.com\/de\/wp-json\/wp\/v2\/media?parent=19757"}],"wp:term":[{"taxonomy":"product_brand","embeddable":true,"href":"https:\/\/www.enkatarim.com\/de\/wp-json\/wp\/v2\/product_brand?post=19757"},{"taxonomy":"product_cat","embeddable":true,"href":"https:\/\/www.enkatarim.com\/de\/wp-json\/wp\/v2\/product_cat?post=19757"},{"taxonomy":"product_tag","embeddable":true,"href":"https:\/\/www.enkatarim.com\/de\/wp-json\/wp\/v2\/product_tag?post=19757"}],"curies":[{"name":"wp","href":"https:\/\/api.w.org\/{rel}","templated":true}]}}