{"id":19687,"date":"2023-03-07T14:59:59","date_gmt":"2023-03-07T14:59:59","guid":{"rendered":"https:\/\/enkatarim.com\/?post_type=product&#038;p=19687"},"modified":"2023-06-08T13:57:25","modified_gmt":"2023-06-08T13:57:25","slug":"s-tipi-buyuk-basli-kaucuk-inek-memeligi-25-x-10-5-mm-14512","status":"publish","type":"product","link":"https:\/\/www.enkatarim.com\/de\/urun\/s-tipi-buyuk-basli-kaucuk-inek-memeligi-25-x-10-5-mm-14512","title":{"rendered":"Zitsengummi mit gro\u00dfem Kopf f\u00fcr K\u00fche Typ-S, 25 x 10.5 cm"},"content":{"rendered":"<p>\n<table id=\"tablepress-163\" class=\"tablepress tablepress-id-163\">\n<tbody class=\"row-striping row-hover\">\n<tr class=\"row-1\">\n\t<td class=\"column-1\">Material<\/td><td class=\"column-2\">Gummi<\/td>\n<\/tr>\n<tr class=\"row-2\">\n\t<td class=\"column-1\">Material<\/td><td class=\"column-2\">Lang<\/td>\n<\/tr>\n<tr class=\"row-3\">\n\t<td class=\"column-1\">\u00d6ffnungsdurchmesser<\/td><td class=\"column-2\">25 mm<\/td>\n<\/tr>\n<tr class=\"row-4\">\n\t<td class=\"column-1\">Knotenpunkt<\/td><td class=\"column-2\">29 mm<\/td>\n<\/tr>\n<tr class=\"row-5\">\n\t<td class=\"column-1\">Ausgangsdurchmesser<\/td><td class=\"column-2\">10.5 mm<\/td>\n<\/tr>\n<tr class=\"row-6\">\n\t<td class=\"column-1\">K\u00f6rper<\/td><td class=\"column-2\">315 mm<\/td>\n<\/tr>\n<\/tbody>\n<\/table>\n<!-- #tablepress-163 from cache --><div class=\"woocommerce columns-6 \"><\/div><\/p>\n","protected":false},"excerpt":{"rendered":"<p>Dieses Produkt ist kompatibel mit der Teat Cup Shell aus Edelstahl mit der Artikelnummer 14757 .<\/p>\n","protected":false},"featured_media":2859,"template":"","meta":{"_eb_attr":"","_kadence_starter_templates_imported_post":false,"_kad_post_transparent":"","_kad_post_title":"","_kad_post_layout":"","_kad_post_sidebar_id":"","_kad_post_content_style":"","_kad_post_vertical_padding":"","_kad_post_feature":"","_kad_post_feature_position":"","_kad_post_header":false,"_kad_post_footer":false,"_kad_post_classname":""},"product_brand":[],"product_cat":[1073,1074,1072,1033,1075],"product_tag":[],"class_list":{"0":"post-19687","1":"product","2":"type-product","3":"status-publish","4":"has-post-thumbnail","6":"product_cat-inek-memeligi","7":"product_cat-kaucuk-memelikler","8":"product_cat-memelikler","9":"product_cat-sut-sagim-makinesi-parcalari","10":"product_cat-uzun-memelikler","12":"first","13":"instock","14":"shipping-taxable","15":"product-type-simple","16":"entry","17":"content-bg","18":"loop-entry"},"_links":{"self":[{"href":"https:\/\/www.enkatarim.com\/de\/wp-json\/wp\/v2\/product\/19687","targetHints":{"allow":["GET"]}}],"collection":[{"href":"https:\/\/www.enkatarim.com\/de\/wp-json\/wp\/v2\/product"}],"about":[{"href":"https:\/\/www.enkatarim.com\/de\/wp-json\/wp\/v2\/types\/product"}],"wp:featuredmedia":[{"embeddable":true,"href":"https:\/\/www.enkatarim.com\/de\/wp-json\/wp\/v2\/media\/2859"}],"wp:attachment":[{"href":"https:\/\/www.enkatarim.com\/de\/wp-json\/wp\/v2\/media?parent=19687"}],"wp:term":[{"taxonomy":"product_brand","embeddable":true,"href":"https:\/\/www.enkatarim.com\/de\/wp-json\/wp\/v2\/product_brand?post=19687"},{"taxonomy":"product_cat","embeddable":true,"href":"https:\/\/www.enkatarim.com\/de\/wp-json\/wp\/v2\/product_cat?post=19687"},{"taxonomy":"product_tag","embeddable":true,"href":"https:\/\/www.enkatarim.com\/de\/wp-json\/wp\/v2\/product_tag?post=19687"}],"curies":[{"name":"wp","href":"https:\/\/api.w.org\/{rel}","templated":true}]}}